{"id":245,"date":"2017-04-27T09:39:24","date_gmt":"2017-04-27T07:39:24","guid":{"rendered":"https:\/\/dgob.info\/?page_id=245\/"},"modified":"2024-03-28T09:23:35","modified_gmt":"2024-03-28T08:23:35","slug":"literatur","status":"publish","type":"page","link":"https:\/\/dgob.info\/en\/practitioner\/literatur\/","title":{"rendered":"Publications"},"content":{"rendered":"<p><div class=\"row\"><br \/>\n<div class=\"col-md-8\"><\/p>\n<h1>List of Publications<\/h1>\n<p>Of course, our List of Publications does not claim to be exhaustive, but we continually extend it and welcome notifications about new publications, or any other books you would like to see on this list. We will add books to this list after investigating if they are a suitable addition to our compilation. Please note that most of the books in this list are available in German only.<\/p>\n<table style=\"height: 1023px;\" width=\"1035\">\n<tbody>\n<tr>\n<td>Pauls, Arthur Lincoln (2002)<\/p>\n<h4>The Philosophy and History of Ortho-Bionomy<sup>\u00ae<\/sup> \u2014 The Evolvement of the Original Concept.<\/h4>\n<p>Rossland BC (Canada), ALP Publishing.<\/p>\n<p>25.00 EUR<\/td>\n<td>DGOB members can order this book by filling out the <a href=\"https:\/\/dgob.info\/mitgliederbereich\/dgob-direkt\/\">Order Form<\/a> in the Members Area.<\/td>\n<\/tr>\n<tr>\n<td>Bist, Sada Hilde (Idee und Text) und Lutz Lang (Illustration) (2015)<\/p>\n<h4>Arthur der Panda. Eine praktische Einf\u00fchrung in die Ortho-Bionomy<sup>\u00ae<\/sup>.<\/h4>\n<p>10.00 EUR<\/td>\n<td>An illustrated 84-page book about Ortho-Bionomy, written for beginners as well as advanced and expert users of this method.<\/p>\n<p>Arthur the Panda, named after the founder of Ortho-Bionomy, gives a short introduction to this form of bodywork. In this lovingly illustrated book, panda bear Arthur explains the principles of Ortho-Bionomy which apply for treating other people as well as yourself. He gives some simple suggestions and demonstrates a number of effective exercises which can be easily integrated into your daily routine.<\/p>\n<p>Order from: <a href=\"http:\/\/www.takagi-books.de\" target=\"_blank\" rel=\"noopener noreferrer\">www.takagi-books.de<\/a><\/p>\n<p>Please enter \u201cArthur\u201d into the Search field. Thank you<span style=\"font-family: inherit; font-size: inherit;\">.<\/span><\/td>\n<\/tr>\n<tr>\n<td>Weber, Klaus G. und Michaela Wiese (2005)<\/p>\n<h4>Lehrbuch der Ortho-Bionomy<sup>\u00ae<\/sup>: weiche manuelle Techniken.<\/h4>\n<p>2. \u00fcberarbeitete Auflage. Stuttgart, Sonntag Verlag.<\/p>\n<p>69.95 EUR<\/td>\n<td><\/td>\n<\/tr>\n<tr>\n<td>Weber, Klaus G. und Michaela Wiese (2007)<\/p>\n<h4>Dynamische und energetische Techniken in Physiotherapie und manueller Medizin.<\/h4>\n<p>2. \u00fcberarbeitete Auflage. Rottenburg<\/p>\n<p>45 EUR<\/td>\n<td>Order from: a+b aktuelles und buch or\u00a0<a href=\"mailto:organisation@ortho-bionomy.de\" target=\"_blank\" rel=\"noopener noreferrer\">organisation@ortho-bionomy.de<\/a><\/td>\n<\/tr>\n<tr>\n<td>Weber, Klaus G. und Reinhard Bayerlein (2014)<\/p>\n<h4>Neurolymphatische Reflextherapie nach Chapman und Goodheart: Anwendung in manueller Medizin, Osteopathie und Ortho-Bionomy<sup>\u00ae<\/sup>.<\/h4>\n<p>3. \u00fcberarbeitete und erweiterte Auflage. Stuttgart, Sonntag Verlag.<\/p>\n<p>59.99 EUR<\/td>\n<td><\/td>\n<\/tr>\n<tr>\n<td>Weber, Klaus G. und Michaela Wiese (2003)<\/p>\n<h4>Kraniosakrale Therapie: ressourcenorientierte Behandlungskonzepte.<\/h4>\n<p>Berlin, Heidelberg et al., Springer Verlag.<\/p>\n<p>19.95 EUR<\/td>\n<td><\/td>\n<\/tr>\n<tr>\n<td>Weber, Klaus G. und Michaela Wiese (2015)<\/p>\n<h4>R\u00fcckenschmerzen verstehen, behandeln und vorbeugen.<\/h4>\n<p>Pflaumverlag GmbH &amp; Co KG.<\/p>\n<p>39.50 EUR<\/td>\n<td><\/td>\n<\/tr>\n<tr>\n<td>Weber, Klaus G. und Michaela Wiese<\/p>\n<h4>Ortho-Bionomy<sup>\u00ae<\/sup> Brosch\u00fcren<\/h4>\n<p><strong>Grundlagen zur Philosophie und Arbeitsweise der Ortho-Bionomy<\/strong><sup><strong>\u00ae<\/strong><br \/>\n<\/sup>2. ver\u00e4nderte Auflage.<br \/>\n8.00 EUR<\/p>\n<p><strong>Viszerale Arbeit und Reflextechniken<\/strong><br \/>\n8.00 EUR<\/p>\n<p><strong>Selbstbehandlungstechniken<\/strong><br \/>\n8,00 EUR<\/p>\n<p><strong>Schulter und Arm<\/strong><br \/>\nNeuauflage.<br \/>\n8.00 EUR<\/p>\n<p><strong>Therapiehindernisse und St\u00f6rfelder<\/strong><br \/>\n2. \u00fcberarbeitete und erweiterte Auflage.<br \/>\n10.00 EUR<\/p>\n<p><strong>Regelbeschwerden<\/strong><br \/>\n8.00 EUR<\/td>\n<td>All brochures can be ordered from:<br \/>\na+b aktuelles and <a href=\"mailto:organisation@ortho-bionomy.de\" target=\"_blank\" rel=\"noopener noreferrer\">organisation@ortho-bionomy.de<\/a><\/td>\n<\/tr>\n<tr>\n<td>Diepold, Hans (2006)<\/p>\n<h4>Ortho-Bionomy<sup>\u00ae<\/sup>\u00a0Lernkarten Phase 4 \u2013 Strukturelle Techniken.<\/h4>\n<p>30.00 EUR<\/td>\n<td>Price excluding postage and packing.<br \/>\nOrder from: <a href=\"http:\/\/www.ortho-bionomy-online.de\" target=\"_blank\" rel=\"noopener noreferrer\">www.ortho-bionomy-online.de<\/a><\/td>\n<\/tr>\n<tr>\n<td>Diepold, Hans (2006)<\/p>\n<h4>Ortho-Bionomy<sup>\u00ae<\/sup>\u00a0Lernkarten Phase 5 \u2013 Gewebetechniken.<\/h4>\n<p>30.00 EUR<strong><br \/>\n<\/strong><\/td>\n<td>Price excluding postage and packing.<br \/>\nOrder from: <a href=\"http:\/\/www.ortho-bionomy-online.de\" target=\"_blank\" rel=\"noopener noreferrer\">www.ortho-bionomy-online.de<\/a><\/td>\n<\/tr>\n<tr>\n<td>Diepold, Hans<\/p>\n<h4>Arbeitsbuch Chapman Reflex.<\/h4>\n<p>14.00 EUR<strong><br \/>\n<\/strong><\/td>\n<td>Price excluding postage and packing.<br \/>\nOrder from: <a href=\"http:\/\/www.ortho-bionomy-online.de\" target=\"_blank\" rel=\"noopener noreferrer\">www.ortho-bionomy-online.de<\/a><\/td>\n<\/tr>\n<tr>\n<td>Diepold, Hans<\/p>\n<h4>Arbeitsbuch Softb\u00e4lle.<\/h4>\n<p>18.00 EUR<strong><br \/>\n<\/strong><\/td>\n<td>Price excluding postage and packing.<br \/>\nOrder from: <a href=\"http:\/\/www.ortho-bionomy-online.de\" target=\"_blank\" rel=\"noopener noreferrer\">www.ortho-bionomy-online.de<\/a><\/td>\n<\/tr>\n<tr>\n<td>Bienvenu, Alain (1996)<\/p>\n<h4>Le Corps et les Lois de la Vie. Introduction \u00e0 l\u2019orthobionomy.<\/h4>\n<p>Vannes, Sully Verlag.<\/p>\n<p>21.34 EUR<\/td>\n<td><\/td>\n<\/tr>\n<tr>\n<td>Kain, Kathy L. with Berns, Jim (1997)<\/p>\n<h4>Ortho-Bionomy<sup>\u00ae<\/sup> A manual of practice.<\/h4>\n<p>Berkeley, North Atlantic Books.<\/p>\n<p>25.00 USD<\/td>\n<td>Order from: <a href=\"http:\/\/www.thewaytobalance.com\" target=\"_blank\" rel=\"noopener noreferrer\">www.thewaytobalance.com<\/a><\/td>\n<\/tr>\n<tr>\n<td>Lattanzi, Alex (2000)<\/p>\n<h4>Il Tao del Mal di Schiena, un trattato di Ortho-Bionomy<sup>\u00ae<\/sup>.<\/h4>\n<p>Carrara, Baul Verlag.<\/p>\n<p>16.50 EUR<\/td>\n<td><\/td>\n<\/tr>\n<tr>\n<td>Quill\u00e9, Th\u00e9r\u00e8se (2007)<\/p>\n<h4>Ortho-Bionomy \u2013 D\u00e9couvrez votre r\u00e9flexe autocorrecteur.<\/h4>\n<p>Editions Testez.<\/p>\n<p>20.00 EUR<\/td>\n<td><\/td>\n<\/tr>\n<tr>\n<td>Overmyer, Luann (2009)<\/p>\n<h4>Ortho-Bionomy: A Path to Self-Care.<\/h4>\n<p>North Atlantic Books.<\/p>\n<p>22.99 EUR<\/td>\n<td>Currently not available in book stores.<\/p>\n<p>Order from (USA): <a href=\"http:\/\/www.ortho-bionomy.org\" target=\"_blank\" rel=\"noopener noreferrer\">www.ortho-bionomy.org<\/a><\/p>\n<p>26.95 USD excluding postage and packing<\/td>\n<\/tr>\n<tr>\n<td>Lee, Terri<\/p>\n<h4>All 5 Step-By-Step Instructional Videos.<\/h4>\n<p>DVD.<\/p>\n<p>239.95 USD<\/td>\n<td>All DVDs can also be ordered separately:<\/p>\n<p>Exploration of the Movement: 49.95 USD<br \/>\nIsometrics: 49.95 USD<br \/>\nPhase IV: Spine: 39.95 USD<br \/>\nPhase IV: Extremities: 39.95 USD<br \/>\nPostural Re-Education &amp; Post Techniques: 59.95 USD<\/p>\n<p>Order from: <a href=\"http:\/\/www.phase-eight.com\" target=\"_blank\" rel=\"noopener\">www.phase-eight.com<\/a><\/td>\n<\/tr>\n<tr>\n<td>Mathys, Rosemarie und Jan Straub (2011)<\/p>\n<h4>Spastizit\u00e4t. Pflegerische Interventionen aus der Sicht der Basalen Stimulation<sup>\u00ae<\/sup> und der Ortho-Bionomy<sup>\u00ae<\/sup>.<\/h4>\n<p>Bern, Hans Huber Verlag.<\/p>\n<p>29.95 EUR<\/td>\n<td><\/td>\n<\/tr>\n<\/tbody>\n<\/table>\n<h2>More Recommended Reading<\/h2>\n<table>\n<tbody>\n<tr>\n<td>Myers, Thomas W. (2010)<\/p>\n<h4>Anatomy Trains. Myofasziale Meridiane.<\/h4>\n<p>2. Auflage. M\u00fcnchen, Elsevier, Urban und Fischer.<\/p>\n<p>58.95 EUR<\/td>\n<td><\/td>\n<\/tr>\n<tr>\n<td>Stecco, Carla (2016)<\/p>\n<h4>Atlas des menschlichen Fasziensystems.<\/h4>\n<p>M\u00fcnchen, Elsevier, Urban und Fischer.<\/p>\n<p>69.99 EUR<\/td>\n<td><\/td>\n<\/tr>\n<tr>\n<td>Stecco, Luigi und Antonio Stecco (2017)<\/p>\n<h4>Fasziale Manipulation \u2013 zur Behandlung von Funktionsst\u00f6rungen des Bewegungsapparates.<\/h4>\n<p>Odnova-Med.<\/p>\n<p>71.00 EUR<\/td>\n<td><\/td>\n<\/tr>\n<tr>\n<td>Weber, Klaus G. (2016)<\/p>\n<h4>Chakren \u2013 Quellen des Selbst.<\/h4>\n<p>11.99 EUR<\/td>\n<td>144 pages, many coloured illustrations<br \/>\nOrder from: BOD, a+b aktuelles und buch Rottenburg or <a href=\"mailto:organisation@ortho-bionomy.de\" target=\"_blank\" rel=\"noopener noreferrer\">organisation@ortho-bionomy.de<\/a><\/td>\n<\/tr>\n<tr>\n<td>Kapit, Wynn und Lawrence M. Elson (2008)<\/p>\n<h4>Anatomie-Malatlas.<\/h4>\n<p>M\u00fcnchen, Boston, PearsonStudium.<\/p>\n<p>29.95 EUR<\/td>\n<td><\/td>\n<\/tr>\n<tr>\n<td>Kapit, Wynn, Robert I. Macey und Esmail Meisami (2007)<\/p>\n<h4>Physiologie-Malatlas.<\/h4>\n<p>M\u00fcnchen, Boston, Pearson Studium.<\/p>\n<p>34.95 EUR<\/td>\n<td><\/td>\n<\/tr>\n<tr>\n<td>Owens, Charles (1963)<\/p>\n<h4>An Endocrine Interpretation of Chapman&#8217;s Reflexes.<\/h4>\n<p>10. Auflage. American Academy of Osteopathy (1970).<\/p>\n<p>19.95 USD<\/td>\n<td>Price excluding postage and packing.<br \/>\nOrder from: <a href=\"http:\/\/www.ortho-bionomy.org\" target=\"_blank\" rel=\"noopener noreferrer\">www.ortho-bionomy.org<\/a> or\u00a0<a href=\"http:\/\/www.academyofosteopathy.org\" target=\"_blank\" rel=\"noopener noreferrer\">www.academyofosteopathy.org<\/a><\/td>\n<\/tr>\n<tr>\n<td>Levine, Peter, A. (2011)<\/p>\n<h4>Sprache ohne Worte. Wie unser K\u00f6rper Trauma verarbeitet und uns in die innere Balance zur\u00fcckf\u00fchrt.<\/h4>\n<p>27.99 EUR<\/td>\n<td><\/td>\n<\/tr>\n<tr>\n<td>Sichtermann, Marie (2012)<\/p>\n<h4>Heilkunde, Therapie und Selbst\u00e4ndigkeit: Das Handbuch f\u00fcr die Praxis.<\/h4>\n<p>4. vollst\u00e4ndig \u00fcberarbeitete Auflage 2012.<\/p>\n<p>17.40 EUR<\/td>\n<td><\/td>\n<\/tr>\n<\/tbody>\n<\/table>\n<p><\/div><br \/>\n<div class=\"col-md-4\"><br \/>\n<div class=\"content_block\" id=\"custom_post_widget-235\"><h2>Any Questions?<\/h2>\n<p>Please <a href=\"https:\/\/dgob.info\/kontakt\/\">contact<\/a> us:<\/p>\n<p>Phone +49 2236 5098816<br \/>\nE-Mail <a href=\"mailto:info@dgob.info\" target=\"_blank\" rel=\"noopener noreferrer\">info@dgob.info<\/a><\/p>\n<\/div><\/p>\n<h2>Our Advice<\/h2>\n<p>When ordering any of these books, we recommend trying to get the latest edition.<\/p>\n<h2>Where to Order<\/h2>\n<p>All books are available from book stores, just like any other book.<\/p>\n<p>The book \u201cThe Philosophy and History of Ortho-Bionomy<sup>\u00ae<\/sup> \u2013 The Evolvement of the Original Concept\u201d can be ordered from the DGOB directly.<\/p>\n<p>For all books with alternative ways of ordering, we have included this information along with the title.<\/p>\n<div class=\"content_block\" id=\"custom_post_widget-5169\"><h2>Ortho-Bionomy<sup>\u00ae<\/sup>\u00a0\u2013 the movie<\/h2>\n<p>Our information film provides an authentic insight into how the practitioners work and explains the mode of action of Ortho-Bionomy<sup>\u00ae<\/sup> in more detail.<\/p>\n<p><a href=\"https:\/\/www.youtube.com\/watch?v=-1VYDHLZTLs\" target=\"_blank\" rel=\"noopener\">Information film (in German)<\/a> Ortho-Bionomy<sup>\u00ae<\/sup> (2:33 minutes, on Youtube)<\/p>\n<\/div>\n<p><\/div><br \/>\n<\/div><\/p>","protected":false},"excerpt":{"rendered":"","protected":false},"author":2,"featured_media":0,"parent":44,"menu_order":3,"comment_status":"closed","ping_status":"closed","template":"","meta":{"_acf_changed":false,"footnotes":""},"class_list":["post-245","page","type-page","status-publish","hentry"],"acf":[],"_links":{"self":[{"href":"https:\/\/dgob.info\/en\/wp-json\/wp\/v2\/pages\/245","targetHints":{"allow":["GET"]}}],"collection":[{"href":"https:\/\/dgob.info\/en\/wp-json\/wp\/v2\/pages"}],"about":[{"href":"https:\/\/dgob.info\/en\/wp-json\/wp\/v2\/types\/page"}],"author":[{"embeddable":true,"href":"https:\/\/dgob.info\/en\/wp-json\/wp\/v2\/users\/2"}],"replies":[{"embeddable":true,"href":"https:\/\/dgob.info\/en\/wp-json\/wp\/v2\/comments?post=245"}],"version-history":[{"count":8,"href":"https:\/\/dgob.info\/en\/wp-json\/wp\/v2\/pages\/245\/revisions"}],"predecessor-version":[{"id":5194,"href":"https:\/\/dgob.info\/en\/wp-json\/wp\/v2\/pages\/245\/revisions\/5194"}],"up":[{"embeddable":true,"href":"https:\/\/dgob.info\/en\/wp-json\/wp\/v2\/pages\/44"}],"wp:attachment":[{"href":"https:\/\/dgob.info\/en\/wp-json\/wp\/v2\/media?parent=245"}],"curies":[{"name":"wp","href":"https:\/\/api.w.org\/{rel}","templated":true}]}}