{"id":18,"date":"2017-04-12T22:34:56","date_gmt":"2017-04-12T20:34:56","guid":{"rendered":"https:\/\/dgob.info\/?page_id=18"},"modified":"2023-12-06T17:09:01","modified_gmt":"2023-12-06T16:09:01","slug":"impressum","status":"publish","type":"page","link":"https:\/\/dgob.info\/en\/impressum\/","title":{"rendered":"Imprint (in German)"},"content":{"rendered":"<h1>Impressum<\/h1>\n<p>DGOB \u2013 Deutsche Gesellschaft f\u00fcr Ortho-Bionomy<sup>\u00ae<\/sup> e.V.<br \/>\nBergstra\u00dfe 66<br \/>\n50999 K\u00f6ln<br \/>\nTelefon: +49 2236 5098816<br \/>\nTelefax: +49 2236 389459<br \/>\nE-Mail: <a href=\"mailto:info@dgob.info\">info@dgob.info<\/a><\/p>\n<p>Vertr.d.d. Vorstand: Annegret D\u00f6rr, Stephanie Heckmann, Christine Glumann, Eduard Pfeifle<\/p>\n<p>Der Verein ist beim Finanzamt M\u00f6nchengladbach, Nordrhein-Westfalen als gemeinn\u00fctzig anerkannt und wird beim Amtsgericht M\u00f6nchengladbach im Vereinsregister unter der Register-Nr. VR 2417 gef\u00fchrt.<\/p>\n<p>Die Online-Streitbeilegung-Plattform der EU-Kommission finden Sie hier: <a href=\"http:\/\/ec.europa.eu\/consumers\/odr\/\" target=\"_blank\" rel=\"noopener noreferrer\">http:\/\/ec.europa.eu\/consumers\/odr\/<\/a><br \/>\nWir sind nicht bereit und nicht verpflichtet, an einem Streitbeilegungsverfahren vor einer Verbraucherschlichtungsstelle teilzunehmen.<\/p>\n<h2>Fotos<\/h2>\n<p><a href=\"https:\/\/dgob.info\">Sonnenaufgang<\/a>:\u00a0\u00a9 <a href=\"https:\/\/de.123rf.com\/photo_67076507_sonnenaufgang-am-strand-waipu-cove.html\" target=\"_blank\" rel=\"noopener noreferrer\">Brian Scantlebury<\/a>\/<a href=\"http:\/\/123rf.com\" target=\"_blank\" rel=\"noopener noreferrer\">123rf.com<\/a><\/p>\n<p><a href=\"https:\/\/dgob.info\/ortho-bionomy\/\">Weg zum Strand<\/a>:\u00a0\u00a9 <a href=\"https:\/\/de.123rf.com\/photo_21488430_rustikal-strandpromenade-durch-weissen-sandd-nen-an-einem-unber-hrten-strand-in-florida.html\" target=\"_blank\" rel=\"noopener noreferrer\">Barbara Reddoch<\/a>\/<a href=\"http:\/\/123rf.com\" target=\"_blank\" rel=\"noopener noreferrer\">123rf.com<\/a><\/p>\n<p><a href=\"https:\/\/dgob.info\/klienten\/\">Fu\u00dfspuren<\/a>:\u00a0\u00a9 <a href=\"https:\/\/de.123rf.com\/photo_16443307_Strand-Wellen-und-Spuren.html\" target=\"_blank\" rel=\"noopener noreferrer\">Alexandr Ozerov<\/a>\/<a href=\"http:\/\/123rf.com\" target=\"_blank\" rel=\"noopener noreferrer\">123rf.com<\/a><\/p>\n<p><a href=\"https:\/\/dgob.info\/practitioner\/\">Brandung<\/a>:\u00a0\u00a9 Sabine D\u00f6rner\/<a href=\"http:\/\/doerner-design.de\" target=\"_blank\" rel=\"noopener noreferrer\">doerner-design.de<\/a><\/p>\n<p><a href=\"https:\/\/dgob.info\/dgob\/\">Sanddollar<\/a>:\u00a0\u00a9 <a href=\"https:\/\/de.123rf.com\/photo_3565312_Nahaufnahme%20der%20sch%C3%B6nen%20wei%C3%9Fen%20Sand%20Dollar%20am%20Strand.html\" target=\"_blank\" rel=\"noopener noreferrer\">Scott Van Blarcom<\/a>\/<a href=\"http:\/\/123rf.com\" target=\"_blank\" rel=\"noopener noreferrer\">123rf.com<\/a><\/p>\n<h2>Gestaltung und Text\u00fcberarbeitung<\/h2>\n<p>Aus der Kooperation D\u00d6RNER+KARBOWY:<\/p>\n<p>Sabine D\u00f6rner (<a href=\"http:\/\/doerner-design.de\" target=\"_blank\" rel=\"noopener noreferrer\">D\u00f6rner Design<\/a>)<br \/>\nSabine Karbowy (<a href=\"http:\/\/www.karbowy.de\" target=\"_blank\" rel=\"noopener noreferrer\">KARBOWY KOMMUNIKATION<\/a>)<\/p>\n<h2>Programmierung<\/h2>\n<p><a href=\"https:\/\/blickwerker.de\" target=\"_blank\" rel=\"noopener noreferrer\">blickwerker<\/a><\/p>\n","protected":false},"excerpt":{"rendered":"<p>Impressum DGOB \u2013 Deutsche Gesellschaft f\u00fcr Ortho-Bionomy\u00ae e.V. Bergstra\u00dfe 66 50999 K\u00f6ln Telefon: +49 2236 5098816 Telefax: +49 2236 389459 E-Mail: info@dgob.info Vertr.d.d. Vorstand: Annegret D\u00f6rr, Stephanie Heckmann, Christine Glumann, [&hellip;]<\/p>\n","protected":false},"author":372,"featured_media":0,"parent":0,"menu_order":12,"comment_status":"closed","ping_status":"closed","template":"","meta":{"_acf_changed":false,"footnotes":""},"class_list":["post-18","page","type-page","status-publish","hentry"],"acf":[],"_links":{"self":[{"href":"https:\/\/dgob.info\/en\/wp-json\/wp\/v2\/pages\/18","targetHints":{"allow":["GET"]}}],"collection":[{"href":"https:\/\/dgob.info\/en\/wp-json\/wp\/v2\/pages"}],"about":[{"href":"https:\/\/dgob.info\/en\/wp-json\/wp\/v2\/types\/page"}],"author":[{"embeddable":true,"href":"https:\/\/dgob.info\/en\/wp-json\/wp\/v2\/users\/372"}],"replies":[{"embeddable":true,"href":"https:\/\/dgob.info\/en\/wp-json\/wp\/v2\/comments?post=18"}],"version-history":[{"count":5,"href":"https:\/\/dgob.info\/en\/wp-json\/wp\/v2\/pages\/18\/revisions"}],"predecessor-version":[{"id":5049,"href":"https:\/\/dgob.info\/en\/wp-json\/wp\/v2\/pages\/18\/revisions\/5049"}],"wp:attachment":[{"href":"https:\/\/dgob.info\/en\/wp-json\/wp\/v2\/media?parent=18"}],"curies":[{"name":"wp","href":"https:\/\/api.w.org\/{rel}","templated":true}]}}