{"id":95,"date":"2017-04-14T11:27:54","date_gmt":"2017-04-14T09:27:54","guid":{"rendered":"https:\/\/dgob.info\/?page_id=95"},"modified":"2026-03-06T11:18:44","modified_gmt":"2026-03-06T10:18:44","slug":"kontakt","status":"publish","type":"page","link":"https:\/\/dgob.info\/de\/kontakt\/","title":{"rendered":"Kontakt"},"content":{"rendered":"<p><\/p>\n<h1>Wir sind f\u00fcr Sie da<\/h1>\n<p><strong>DGOB \u2013 Deutsche Gesellschaft f\u00fcr Ortho-Bionomy<sup>\u00ae<\/sup> e.V.<\/strong><\/p>\n<p><strong>DGOB Gesch\u00e4ftsstelle<\/strong><\/p>\n<p>Bergstra\u00dfe 66<br \/>\n50999 K\u00f6ln<br \/>\nTelefon: +49 2236 5098816<br \/>\nE-Mail: <a href=\"mailto:info@dgob.info\">info@dgob.info<\/a><\/p>\n<p><strong>Vorstand<\/strong><\/p>\n<p>Annegret D\u00f6rr<br \/>\nBergstra\u00dfe 66<br \/>\n50999 K\u00f6ln<br \/>\nTelefon: +49 2236 5098816<br \/>\nE-Mail: <a href=\"mailto:annegret.doerr@dgob.info\">annegret.doerr@dgob.info<\/a><\/p>\n<p>Stephanie Heckmann<br \/>\nWeidengasse 19<br \/>\n50999 K\u00f6ln<br \/>\nTelefon: +49 2236 7102450<br \/>\nE-Mail: <a href=\"mailto:stephanie.heckmann@dgob.info\">stephanie.heckmann@dgob.info<\/a><\/p>\n<p>Christine Glumann<br \/>\nRudolf-Dyckerhoff-Stra\u00dfe 6<br \/>\n65203 Wiesbaden<br \/>\nTelefon: +49 163 1459173<br \/>\nE-Mail: <a href=\"mailto:christine.glumann@dgob.info\">christine.glumann@dgob.info<\/a><\/p>\n<p>Eduard Pfeifle<br \/>\nObere Stra\u00dfe 27<br \/>\n32756 Detmold<br \/>\nTelefon: +49 5231 5009096<br \/>\nE-Mail: <a href=\"mailto:eduard.pfeifle@dgob.info\">eduard.pfeifle@dgob.info<\/a><\/p>\n<h2>Sie haben eine Frage?<\/h2>\n<p>Dann k\u00f6nnen Sie auch gerne unser Kontaktformular nutzen und uns eine Nachricht schicken!<\/p>\n<p>Die mit einem Sternchen (*) gekennzeichneten Felder sind Pflichtfelder und m\u00fcssen ausgef\u00fcllt werden, damit Sie uns Ihre Nachricht schicken k\u00f6nnen.<\/p>\n<p>Bitte beachten Sie unsere <a href=\"https:\/\/dgob.info\/datenschutz\/\">Datenschutzhinweise<\/a>.<\/p>\n<p>\n<div class=\"wpcf7 no-js\" id=\"wpcf7-f94-o1\" lang=\"de-DE\" dir=\"ltr\" data-wpcf7-id=\"94\">\n<div class=\"screen-reader-response\"><p role=\"status\" aria-live=\"polite\" aria-atomic=\"true\"><\/p> <ul><\/ul><\/div>\n<form action=\"\/de\/wp-json\/wp\/v2\/pages\/95#wpcf7-f94-o1\" method=\"post\" class=\"wpcf7-form init\" aria-label=\"Kontaktformular\" novalidate=\"novalidate\" data-status=\"init\">\n<fieldset class=\"hidden-fields-container\"><input type=\"hidden\" name=\"_wpcf7\" value=\"94\" \/><input type=\"hidden\" name=\"_wpcf7_version\" value=\"6.1.5\" \/><input type=\"hidden\" name=\"_wpcf7_locale\" value=\"de_DE\" \/><input type=\"hidden\" name=\"_wpcf7_unit_tag\" value=\"wpcf7-f94-o1\" \/><input type=\"hidden\" name=\"_wpcf7_container_post\" value=\"0\" \/><input type=\"hidden\" name=\"_wpcf7_posted_data_hash\" value=\"\" \/>\n<\/fieldset>\n<div class=\"form-horizontal\">\n\t<div class=\"form-group\">\n\t\t<div class=\"col-sm-4 control-label required\" for=\"name\">\n\t\t\t<p>Name\n\t\t\t<\/p>\n\t\t<\/div>\n\t\t<div class=\"col-sm-5\">\n\t\t\t<p><span class=\"wpcf7-form-control-wrap\" data-name=\"dername\"><input size=\"40\" maxlength=\"400\" class=\"wpcf7-form-control wpcf7-text wpcf7-validates-as-required form-control\" id=\"name\" aria-required=\"true\" aria-invalid=\"false\" value=\"\" type=\"text\" name=\"dername\" \/><\/span>\n\t\t\t<\/p>\n\t\t<\/div>\n\t<\/div>\n\t<div class=\"form-group\">\n\t\t<div class=\"col-sm-4 control-label required\" for=\"email\">\n\t\t\t<p>E-Mail\n\t\t\t<\/p>\n\t\t<\/div>\n\t\t<div class=\"col-sm-5\">\n\t\t\t<p><span class=\"wpcf7-form-control-wrap\" data-name=\"email\"><input size=\"40\" maxlength=\"400\" class=\"wpcf7-form-control wpcf7-email wpcf7-validates-as-required wpcf7-text wpcf7-validates-as-email form-control\" id=\"email\" aria-required=\"true\" aria-invalid=\"false\" value=\"\" type=\"email\" name=\"email\" \/><\/span>\n\t\t\t<\/p>\n\t\t<\/div>\n\t<\/div>\n\t<div class=\"form-group\">\n\t\t<div class=\"col-sm-4 control-label\" for=\"nachricht\">\n\t\t\t<p>Nachricht\n\t\t\t<\/p>\n\t\t<\/div>\n\t\t<div class=\"col-sm-5\">\n\t\t\t<p><span class=\"wpcf7-form-control-wrap\" data-name=\"nachricht\"><textarea cols=\"40\" rows=\"10\" maxlength=\"2000\" class=\"wpcf7-form-control wpcf7-textarea form-control\" id=\"nachricht\" aria-invalid=\"false\" name=\"nachricht\"><\/textarea><\/span>\n\t\t\t<\/p>\n\t\t<\/div>\n\t<\/div>\n\t<div class=\"form-group\">\n\t\t<div class=\"col-sm-offset-4 col-sm-8\">\n\t\t\t<p><span class=\"wpcf7-form-control-wrap\" data-name=\"random-math-quiz\"><label><span class=\"wpcf7-quiz-label\">Spamschutz: Wieviel ist zehn minus f\u00fcnf? (Bitte Zahl eingeben)<\/span> <input size=\"40\" class=\"wpcf7-form-control wpcf7-quiz\" autocomplete=\"off\" aria-required=\"true\" aria-invalid=\"false\" type=\"text\" name=\"random-math-quiz\" \/><\/label><input type=\"hidden\" name=\"_wpcf7_quiz_answer_random-math-quiz\" value=\"bd1f5f78d83f9eea32bd5c19a1475fdf\" \/><\/span>\n\t\t\t<\/p>\n\t\t\t<p>Mit dem Aktivieren des Buttons erkl\u00e4ren Sie sich mit der \u00dcbertragung und der Speicherung Ihrer Daten im Rahmen unserer <a href=\"\/datenschutz\/\">Datenschutzerkl\u00e4rung<\/a> einverstanden.\n\t\t\t<\/p>\n\t\t\t<p><button type=\"submit\" class=\"btn btn-large btn-primary\">Absenden<\/button>\n\t\t\t<\/p>\n\t\t<\/div>\n\t<\/div>\n<\/div><div class=\"wpcf7-response-output\" aria-hidden=\"true\"><\/div>\n<\/form>\n<\/div>\n<\/p>","protected":false},"excerpt":{"rendered":"<p>Wir sind f\u00fcr Sie da DGOB \u2013 Deutsche Gesellschaft f\u00fcr Ortho-Bionomy\u00ae e.V. DGOB Gesch\u00e4ftsstelle Bergstra\u00dfe 66 50999 K\u00f6ln Telefon: +49 2236 5098816 E-Mail: info@dgob.info Vorstand Annegret D\u00f6rr Bergstra\u00dfe 66 50999 [&hellip;]<\/p>\n","protected":false},"author":372,"featured_media":1192,"parent":0,"menu_order":11,"comment_status":"closed","ping_status":"closed","template":"","meta":{"_acf_changed":false,"footnotes":""},"class_list":["post-95","page","type-page","status-publish","has-post-thumbnail","hentry"],"acf":[],"_links":{"self":[{"href":"https:\/\/dgob.info\/de\/wp-json\/wp\/v2\/pages\/95","targetHints":{"allow":["GET"]}}],"collection":[{"href":"https:\/\/dgob.info\/de\/wp-json\/wp\/v2\/pages"}],"about":[{"href":"https:\/\/dgob.info\/de\/wp-json\/wp\/v2\/types\/page"}],"author":[{"embeddable":true,"href":"https:\/\/dgob.info\/de\/wp-json\/wp\/v2\/users\/372"}],"replies":[{"embeddable":true,"href":"https:\/\/dgob.info\/de\/wp-json\/wp\/v2\/comments?post=95"}],"version-history":[{"count":7,"href":"https:\/\/dgob.info\/de\/wp-json\/wp\/v2\/pages\/95\/revisions"}],"predecessor-version":[{"id":5792,"href":"https:\/\/dgob.info\/de\/wp-json\/wp\/v2\/pages\/95\/revisions\/5792"}],"wp:featuredmedia":[{"embeddable":true,"href":"https:\/\/dgob.info\/de\/wp-json\/wp\/v2\/media\/1192"}],"wp:attachment":[{"href":"https:\/\/dgob.info\/de\/wp-json\/wp\/v2\/media?parent=95"}],"curies":[{"name":"wp","href":"https:\/\/api.w.org\/{rel}","templated":true}]}}