{"id":60,"date":"2017-04-13T12:54:26","date_gmt":"2017-04-13T10:54:26","guid":{"rendered":"https:\/\/dgob.info\/fuer-behandler\/ausbildung\/"},"modified":"2024-03-28T09:24:17","modified_gmt":"2024-03-28T08:24:17","slug":"links","status":"publish","type":"page","link":"https:\/\/dgob.info\/de\/practitioner\/links\/","title":{"rendered":"Links"},"content":{"rendered":"<p><div class=\"row\"><br \/>\n<div class=\"col-md-8\"><\/p>\n<h1>Wichtige Links<\/h1>\n<p>Wir haben eine Reihe von Links zusammengestellt, die zu Partnerverb\u00e4nden f\u00fchren oder in einem anderen Zusammenhang zur Ortho-Bionomy stehen.<\/p>\n<p>Wir weisen bereits an dieser Stelle darauf hin, dass wir die Inhalte der von uns angegebenen Internetpr\u00e4senzen nicht beeinflussen k\u00f6nnen. Sollte der dort aufgef\u00fchrte Inhalt falsch sein oder gegen die guten Sitten versto\u00dfen, dann bitten wir, uns dies mitzuteilen, damit wir den Verweis gegebenenfalls von unserer Website l\u00f6schen k\u00f6nnen.<\/p>\n<h2>Internationale Ortho-Bionomy<sup>\u00ae<\/sup>-Organisationen<\/h2>\n<p><a href=\"http:\/\/www.ortho-bionomy.eu\" target=\"_blank\" rel=\"noopener\">Ortho-Bionomy<sup>\u00ae<\/sup> European Association of Teachers (OBEAT)<\/a><\/p>\n<p><a href=\"http:\/\/www.ortho-bionomy.fr\" target=\"_blank\" rel=\"noopener\">Association Francaise d\u2019Ortho-Bionomy<sup>\u00ae<\/sup><\/a><\/p>\n<p><a href=\"http:\/\/www.ortho-bionomyitalia.it\" target=\"_blank\" rel=\"noopener noreferrer\">Ortho-Bionomy<sup>\u00ae<\/sup> Italia<\/a><\/p>\n<p><a href=\"http:\/\/www.ortho-bionomy.at\" target=\"_blank\" rel=\"noopener noreferrer\">Ortho-Bionomy<sup>\u00ae<\/sup> \u00d6sterreich<\/a><\/p>\n<p><a href=\"http:\/\/www.ortho-bionomy-ch.ch\" target=\"_blank\" rel=\"noopener noreferrer\">Association Suisse d\u2019Ortho-Bionomy<sup>\u00ae<\/sup><\/a><\/p>\n<p><a href=\"http:\/\/www.ortho-bionomy.ca\" target=\"_blank\" rel=\"noopener noreferrer\">Ortho-Bionomy<sup>\u00ae<\/sup> Association of Canada<\/a><\/p>\n<p><a href=\"http:\/\/www.ortho-bionomy.org\" target=\"_blank\" rel=\"noopener noreferrer\">Society of Ortho-Bionomy<sup>\u00ae<\/sup> International (USA)<\/a><\/p>\n<p><a href=\"http:\/\/www.ortho-bionomy.org.au\" target=\"_blank\" rel=\"noopener noreferrer\">Ortho-Bionomy<sup>\u00ae<\/sup> Australia<\/a><\/p>\n<p><a href=\"http:\/\/www.ortho-bionomy.co.nz\" target=\"_blank\" rel=\"noopener noreferrer\">Ortho-Bionomy<sup>\u00ae<\/sup> New Zealand<\/a><\/p>\n<p><\/div><br \/>\n<div class=\"col-md-4\"><\/p>\n<div class=\"content_block\" id=\"custom_post_widget-235\"><h2>Sie haben Fragen?<\/h2>\n<p>Nehmen Sie <a href=\"https:\/\/dgob.info\/kontakt\/\">Kontakt<\/a> mit uns auf<\/p>\n<p>Telefon +49 2236 5098816<br \/>\nE-Mail <a href=\"mailto:info@dgob.info\" target=\"_blank\" rel=\"noopener noreferrer\">info@dgob.info<\/a><\/p>\n<\/div>\n<div class=\"content_block\" id=\"custom_post_widget-5169\"><h2>Ortho-Bionomy<sup>\u00ae<\/sup> \u2013 der Film<\/h2>\n<p>Unser Informationsfilm gibt einen authentischen Einblick in die Arbeitsweise der Practioner und erl\u00e4utert die Wirkungsweise der Ortho-Bionomy<sup>\u00ae<\/sup> n\u00e4her.<\/p>\n<p><a href=\"https:\/\/www.youtube.com\/watch?v=-1VYDHLZTLs\" target=\"_blank\" rel=\"noopener\">Informationsfilm<\/a> Ortho-Bionomy<sup>\u00ae<\/sup> (2:33 Minuten, auf Youtube)<\/p>\n<\/div>\n<p><\/div><\/p>\n<p><\/div><\/p>","protected":false},"excerpt":{"rendered":"","protected":false},"author":372,"featured_media":0,"parent":44,"menu_order":4,"comment_status":"closed","ping_status":"closed","template":"","meta":{"_acf_changed":false,"footnotes":""},"class_list":["post-60","page","type-page","status-publish","hentry"],"acf":[],"_links":{"self":[{"href":"https:\/\/dgob.info\/de\/wp-json\/wp\/v2\/pages\/60","targetHints":{"allow":["GET"]}}],"collection":[{"href":"https:\/\/dgob.info\/de\/wp-json\/wp\/v2\/pages"}],"about":[{"href":"https:\/\/dgob.info\/de\/wp-json\/wp\/v2\/types\/page"}],"author":[{"embeddable":true,"href":"https:\/\/dgob.info\/de\/wp-json\/wp\/v2\/users\/372"}],"replies":[{"embeddable":true,"href":"https:\/\/dgob.info\/de\/wp-json\/wp\/v2\/comments?post=60"}],"version-history":[{"count":5,"href":"https:\/\/dgob.info\/de\/wp-json\/wp\/v2\/pages\/60\/revisions"}],"predecessor-version":[{"id":5195,"href":"https:\/\/dgob.info\/de\/wp-json\/wp\/v2\/pages\/60\/revisions\/5195"}],"up":[{"embeddable":true,"href":"https:\/\/dgob.info\/de\/wp-json\/wp\/v2\/pages\/44"}],"wp:attachment":[{"href":"https:\/\/dgob.info\/de\/wp-json\/wp\/v2\/media?parent=60"}],"curies":[{"name":"wp","href":"https:\/\/api.w.org\/{rel}","templated":true}]}}