{"id":6,"date":"2017-04-12T21:31:09","date_gmt":"2017-04-12T19:31:09","guid":{"rendered":"https:\/\/dgob.info\/?page_id=6"},"modified":"2026-03-10T18:33:28","modified_gmt":"2026-03-10T17:33:28","slug":"mitgliederbereich","status":"publish","type":"page","link":"https:\/\/dgob.info\/de\/mitgliederbereich\/","title":{"rendered":"Mitgliederbereich"},"content":{"rendered":"<p><\/p>\n<h1>Herzlich willkommen im Mitgliederbereich<\/h1>\n<p>An dieser Stelle findest du alles, was die DGOB an internen Informationen f\u00fcr ihre Mitglieder bereith\u00e4lt. Damit du wei\u00dft, was wir in den einzelnen Bereichen f\u00fcr dich zusammengestellt haben, hier ein \u00dcberblick.<\/p>\n<div class=\"panel-group\" id=\"accordion-1\"><br \/>\n<div class=\"panel panel-default\"><div class=\"panel-heading\"><h4 class=\"panel-title\"><a data-toggle=\"collapse\" data-parent=\"#accordion-1\" href=\"#collapse1\">DGOB Direkt<\/a><\/h4><\/div><div id=\"collapse1\" class=\"panel-collapse collapse\"><div class=\"panel-body\"><\/p>\n<p>Im Bereich <a href=\"https:\/\/dgob.info\/mitgliederbereich\/dgob-direkt\/\">DGOB Direkt<\/a> findest du<\/p>\n<ul>\n<li>die Einladungen und Protokolle zu unserer j\u00e4hrlichen Mitgliederversammlung<\/li>\n<li>die DGOB-Satzung<\/li>\n<li>diverse Formulare sowie<\/li>\n<li>Rund- und Weihnachtsbriefe.<\/li>\n<\/ul>\n<p><\/div><\/div><\/div><br \/>\n<div class=\"panel panel-default\"><div class=\"panel-heading\"><h4 class=\"panel-title\"><a data-toggle=\"collapse\" data-parent=\"#accordion-2\" href=\"#collapse2\">DGOB Unterst\u00fctzung<\/a><\/h4><\/div><div id=\"collapse2\" class=\"panel-collapse collapse\"><div class=\"panel-body\"><\/p>\n<p>Im Bereich <a href=\"https:\/\/dgob.info\/mitgliederbereich\/dgob-unterstuetzung\/\">DGOB Unterst\u00fctzung<\/a> findest du<\/p>\n<ul>\n<li>Informationen \u00fcber das DGOB-F\u00f6rderprogramm<\/li>\n<li>Muster f\u00fcr Vortr\u00e4ge<\/li>\n<li>Unternehmer-Tipps mit Interessantem \u00fcber Praxisf\u00fchrung und damit verbundene Themen.<\/li>\n<\/ul>\n<p><\/div><\/div><\/div><br \/>\n<div class=\"panel panel-default\"><div class=\"panel-heading\"><h4 class=\"panel-title\"><a data-toggle=\"collapse\" data-parent=\"#accordion-3\" href=\"#collapse3\">Merchandise Artikel<\/a><\/h4><\/div><div id=\"collapse3\" class=\"panel-collapse collapse\"><div class=\"panel-body\"><\/p>\n<p>Im Bereich <a href=\"https:\/\/dgob.info\/mitgliederbereich\/merchandise-artikel\/\">Merchandise Artikel<\/a> findest du<\/p>\n<ul>\n<li>alle Werbematerialien, die du bei unserer Gesch\u00e4ftsstelle bestellen kannst (Poster, Postkarten, T-Shirts, Sticker, Kugelschreiber und vieles mehr)<\/li>\n<\/ul>\n<p><\/div><\/div><\/div><br \/>\n<div class=\"panel panel-default\"><div class=\"panel-heading\"><h4 class=\"panel-title\"><a data-toggle=\"collapse\" data-parent=\"#accordion-4\" href=\"#collapse4\">DGOB Wissen<\/a><\/h4><\/div><div id=\"collapse4\" class=\"panel-collapse collapse\"><div class=\"panel-body\"><\/p>\n<p>Im Bereich <a href=\"https:\/\/dgob.info\/mitgliederbereich\/dgob-wissen\/\">DGOB Wissen<\/a> findest du<\/p>\n<ul>\n<li>Informationen zu Seminaren<\/li>\n<li>den Verweis auf unsere Seite mit interessanten Links und<\/li>\n<li>den Verweis auf unsere umfangreiche Literaturliste sowie<\/li>\n<li>die SOBI-Newsletter.<\/li>\n<\/ul>\n<p><\/div><\/div><\/div><br \/>\n<div class=\"panel panel-default\"><div class=\"panel-heading\"><h4 class=\"panel-title\"><a data-toggle=\"collapse\" data-parent=\"#accordion-5\" href=\"#collapse5\">Bildergalerie<\/a><\/h4><\/div><div id=\"collapse5\" class=\"panel-collapse collapse\"><div class=\"panel-body\"><\/p>\n<p>Um Veranstaltungen Revue passieren zu lassen, haben wir auf unserer Website auch eine <a href=\"https:\/\/dgob.info\/bildergalerie\/\">Bildergalerie<\/a>. Dort findet ihr beispielsweise Fotos von unseren Jahreshauptversammlungen. Und vielleicht motiviert den einen oder die andere die gel\u00f6ste Atmosph\u00e4re, in der unsere Treffen stattfinden, doch am n\u00e4chsten Treffen (wieder) teilzunehmen.<\/p>\n<p><\/div><\/div><\/div><br \/>\n<\/div>\n<h2>Login &#8230; aber auch: Logout<\/h2>\n<p>Du hast dich mit deiner Mitgliedsnummer (Benutzername) und deinem Passwort eingeloggt. Bitte vergiss nicht, dich beim Verlassen des Mitgliederbereichs auszuloggen! Danke!<\/p>\n<h2>Der Fortbildungsnachweis ist ein Qualit\u00e4tsnachweis<\/h2>\n<p>Wir m\u00f6chten Vollmitglieder an dieser Stelle erinnern, alle zwei Jahre den Fortbildungsnachweis an die Gesch\u00e4ftsstelle der DGOB zu senden. Die Satzung der DGOB sagt hierzu unter \u201eDer Verein hat folgende Aufgaben&#8220;:<\/p>\n<p><strong>\u00a72, Absatz 2: Fortlaufende Qualit\u00e4tssicherung der Arbeit der Practitioner, indem letztere nur so lange in der offiziellen Liste der DGOB gef\u00fchrt werden, wie sie sich nachweisbar an mindestens einer Unterrichtseinheit (1 Tag) pro Jahr beteiligen. Der Nachweis ist unaufgefordert alle zwei Jahre an die Gesch\u00e4ftsstelle zu schicken.<\/strong><\/p>\n<p>F\u00f6rdermitglieder, die ihre Ausbildung abgeschlossen haben, schicken uns bitte ebenfalls eine Kopie des Zertifikats zu, damit sie als Vollmitglied in der Practitioner-Liste aufgef\u00fchrt werden k\u00f6nnen.<\/p>","protected":false},"excerpt":{"rendered":"<p>Herzlich willkommen im Mitgliederbereich An dieser Stelle findest du alles, was die DGOB an internen Informationen f\u00fcr ihre Mitglieder bereith\u00e4lt. Damit du wei\u00dft, was wir in den einzelnen Bereichen f\u00fcr [&hellip;]<\/p>\n","protected":false},"author":372,"featured_media":0,"parent":0,"menu_order":3,"comment_status":"closed","ping_status":"closed","template":"mitgliederbereich.php","meta":{"_acf_changed":false,"footnotes":""},"class_list":["post-6","page","type-page","status-publish","hentry"],"acf":[],"_links":{"self":[{"href":"https:\/\/dgob.info\/de\/wp-json\/wp\/v2\/pages\/6","targetHints":{"allow":["GET"]}}],"collection":[{"href":"https:\/\/dgob.info\/de\/wp-json\/wp\/v2\/pages"}],"about":[{"href":"https:\/\/dgob.info\/de\/wp-json\/wp\/v2\/types\/page"}],"author":[{"embeddable":true,"href":"https:\/\/dgob.info\/de\/wp-json\/wp\/v2\/users\/372"}],"replies":[{"embeddable":true,"href":"https:\/\/dgob.info\/de\/wp-json\/wp\/v2\/comments?post=6"}],"version-history":[{"count":13,"href":"https:\/\/dgob.info\/de\/wp-json\/wp\/v2\/pages\/6\/revisions"}],"predecessor-version":[{"id":5810,"href":"https:\/\/dgob.info\/de\/wp-json\/wp\/v2\/pages\/6\/revisions\/5810"}],"wp:attachment":[{"href":"https:\/\/dgob.info\/de\/wp-json\/wp\/v2\/media?parent=6"}],"curies":[{"name":"wp","href":"https:\/\/api.w.org\/{rel}","templated":true}]}}