{"id":5794,"date":"2026-03-10T16:49:14","date_gmt":"2026-03-10T15:49:14","guid":{"rendered":"https:\/\/dgob.info\/?page_id=5794"},"modified":"2026-03-10T16:49:14","modified_gmt":"2026-03-10T15:49:14","slug":"merchandise-artikel","status":"publish","type":"page","link":"https:\/\/dgob.info\/de\/mitgliederbereich\/merchandise-artikel\/","title":{"rendered":"Merchandise-Artikel"},"content":{"rendered":"<p><\/p>\n<h1>Merchandise-Artikel<\/h1>\n<p>Du kannst direkt bei der DGOB die folgenden Materialien zum Thema Ortho-Bionomy bestellen (alle Preise pro St\u00fcck).<\/p>\n<p>Bitte verwende zur Bestellung eines unserer Bestellformulare. Bestellformular einfach online ausf\u00fcllen, dann ausdrucken, unterschreiben und faxen. Wer nicht online ausf\u00fcllen m\u00f6chte, w\u00e4hlt bitte das Bestellformular zum Ausdrucken und dann Ausf\u00fcllen.<\/p>\n<p>Bestellformulare bitte immer <strong>unterschrieben<\/strong> an die <a href=\"https:\/\/dgob.info\/kontakt\/\">Gesch\u00e4ftsstelle der DGOB<\/a> schicken.<\/p>\n<div class=\"content_block\" id=\"custom_post_widget-1006\"><ul>\n<li><a href=\"https:\/\/dgob.info\/wp-content\/uploads\/2024\/10\/DGOB_Bestellschein_2024_ausfuellbar_Oktober.pdf\" target=\"_blank\" rel=\"noopener\">Bestellschein zum Ausf\u00fcllen am PC (pdf)<\/a><\/li>\n<li><a href=\"https:\/\/dgob.info\/wp-content\/uploads\/2024\/10\/DGOB_Bestellschein_2024_print.pdf\" target=\"_blank\" rel=\"noopener noreferrer\">Bestellschein zum Ausdrucken und Ausf\u00fcllen (pdf)<\/a><\/li>\n<\/ul>\n<\/div>\n<p><div class=\"panel-group\" id=\"accordion-1\"><br \/>\n<div class=\"panel panel-default\"><div class=\"panel-heading\"><h4 class=\"panel-title\"><a data-toggle=\"collapse\" data-parent=\"#accordion-1\" href=\"#collapse1\">B\u00fccher<\/a><\/h4><\/div><div id=\"collapse1\" class=\"panel-collapse collapse\"><div class=\"panel-body\"><\/p>\n<table>\n<tbody>\n<tr>\n<td>\n<h4>The Philosophy and History of Ortho-Bionomy<sup>\u00ae<\/sup><\/h4>\n<p>von Arthur Lincoln Pauls<\/p>\n<p>EUR 25,00<\/p>\n<p>17.02.2014: Es gibt eine Neuauflage mit vielen Bildern aus dem Leben von Arthur L. Pauls<\/td>\n<\/tr>\n<\/tbody>\n<\/table>\n<p><\/div><\/div><\/div><br \/>\n<div class=\"panel panel-default\"><div class=\"panel-heading\"><h4 class=\"panel-title\"><a data-toggle=\"collapse\" data-parent=\"#accordion-2\" href=\"#collapse2\">Poster<\/a><\/h4><\/div><div id=\"collapse2\" class=\"panel-collapse collapse\"><div class=\"panel-body\"><\/p>\n<table>\n<tbody>\n<tr>\n<td><a href=\"https:\/\/dgob.info\/wp-content\/uploads\/2017\/04\/Poster_001.jpg\" target=\"_blank\" rel=\"noopener noreferrer\"><img loading=\"lazy\" decoding=\"async\" class=\"alignnone wp-image-502 size-thumbnail\" src=\"https:\/\/dgob.info\/wp-content\/uploads\/2017\/04\/Poster_001-120x150.jpg\" alt=\"\" width=\"120\" height=\"150\" \/><\/a><\/td>\n<td>\n<h4>Poster Arthur Lincoln Pauls<\/h4>\n<p>Gr\u00f6\u00dfe: 50 x 70 cm<\/p>\n<p>EUR 10,00<\/td>\n<\/tr>\n<tr>\n<td><a href=\"https:\/\/dgob.info\/wp-content\/uploads\/2017\/04\/Poster_001.jpg\" target=\"_blank\" rel=\"noopener noreferrer\"><img loading=\"lazy\" decoding=\"async\" class=\"alignnone wp-image-502 size-thumbnail\" src=\"https:\/\/dgob.info\/wp-content\/uploads\/2017\/04\/Poster_001-120x150.jpg\" alt=\"\" width=\"120\" height=\"150\" \/><\/a><\/td>\n<td>\n<h4>Poster Arthur Lincoln Pauls<\/h4>\n<p>Gr\u00f6\u00dfe: DIN A2<\/p>\n<p>EUR 15,00<\/td>\n<\/tr>\n<tr>\n<td><a href=\"https:\/\/dgob.info\/wp-content\/uploads\/2017\/04\/Poster_003.jpg\" target=\"_blank\" rel=\"noopener noreferrer\"><img loading=\"lazy\" decoding=\"async\" class=\"alignnone wp-image-504 size-thumbnail\" src=\"https:\/\/dgob.info\/wp-content\/uploads\/2017\/04\/Poster_003-120x150.jpg\" alt=\"\" width=\"120\" height=\"150\" \/><\/a><\/td>\n<td>\n<h4>Poster Sanddollar Sand Spirale<\/h4>\n<p>Gr\u00f6\u00dfe: 50 x 70 cm<\/p>\n<p>EUR 10,00<\/td>\n<\/tr>\n<tr>\n<td><a href=\"https:\/\/dgob.info\/wp-content\/uploads\/2017\/04\/Poster_003.jpg\" target=\"_blank\" rel=\"noopener noreferrer\"><img loading=\"lazy\" decoding=\"async\" class=\"alignnone wp-image-504 size-thumbnail\" src=\"https:\/\/dgob.info\/wp-content\/uploads\/2017\/04\/Poster_003-120x150.jpg\" alt=\"\" width=\"120\" height=\"150\" \/><\/a><\/td>\n<td>\n<h4>Poster Sanddollar Sand Spirale<\/h4>\n<p>Gr\u00f6\u00dfe: DIN A2<\/p>\n<p>EUR 15,00<\/td>\n<\/tr>\n<tr>\n<td><a href=\"https:\/\/dgob.info\/wp-content\/uploads\/2017\/04\/Poster_002.jpg\" target=\"_blank\" rel=\"noopener noreferrer\"><img loading=\"lazy\" decoding=\"async\" class=\"alignnone wp-image-503 size-thumbnail\" src=\"https:\/\/dgob.info\/wp-content\/uploads\/2017\/04\/Poster_002-120x150.jpg\" alt=\"\" width=\"120\" height=\"150\" \/><\/a><\/td>\n<td>\n<h4>Poster Sanddollar Steine<\/h4>\n<p>Gr\u00f6\u00dfe: 50 x 70 cm<\/p>\n<p>EUR 10,00<\/td>\n<\/tr>\n<tr>\n<td><a href=\"https:\/\/dgob.info\/wp-content\/uploads\/2017\/04\/Poster_002.jpg\" target=\"_blank\" rel=\"noopener noreferrer\"><img loading=\"lazy\" decoding=\"async\" class=\"alignnone wp-image-503 size-thumbnail\" src=\"https:\/\/dgob.info\/wp-content\/uploads\/2017\/04\/Poster_002-120x150.jpg\" alt=\"\" width=\"120\" height=\"150\" \/><\/a><\/td>\n<td>\n<h4>Poster Sanddollar Steine<\/h4>\n<p>Gr\u00f6\u00dfe: DIN A2<\/p>\n<p>EUR 15,00<\/td>\n<\/tr>\n<\/tbody>\n<\/table>\n<p><\/div><\/div><\/div><br \/>\n<div class=\"panel panel-default\"><div class=\"panel-heading\"><h4 class=\"panel-title\"><a data-toggle=\"collapse\" data-parent=\"#accordion-3\" href=\"#collapse3\">Postkarten<\/a><\/h4><\/div><div id=\"collapse3\" class=\"panel-collapse collapse\"><div class=\"panel-body\"><\/p>\n<table>\n<tbody>\n<tr>\n<td><a href=\"https:\/\/dgob.info\/wp-content\/uploads\/2017\/04\/Postkarte_001.jpg\" target=\"_blank\" rel=\"noopener noreferrer\"><img loading=\"lazy\" decoding=\"async\" class=\"alignnone wp-image-784 size-full\" src=\"https:\/\/dgob.info\/wp-content\/uploads\/2017\/04\/Postkarte_001.jpg\" alt=\"\" width=\"120\" height=\"168\" \/><\/a><\/td>\n<td>\n<h4>Postkarte Arthur Lincoln Pauls<\/h4>\n<p>Gr\u00f6\u00dfe: DIN A6<\/p>\n<p>EUR 1,00<\/td>\n<\/tr>\n<tr>\n<td>\u00a0<a href=\"https:\/\/dgob.info\/wp-content\/uploads\/2017\/04\/Postkarte_003.jpg\" target=\"_blank\" rel=\"noopener noreferrer\"><img loading=\"lazy\" decoding=\"async\" class=\"alignnone wp-image-785 size-full\" src=\"https:\/\/dgob.info\/wp-content\/uploads\/2017\/04\/Postkarte_003.jpg\" alt=\"\" width=\"120\" height=\"168\" \/><\/a><\/td>\n<td>\n<h4>Postkarte Sanddollar Sand Spirale<\/h4>\n<p>Gr\u00f6\u00dfe: DIN A6<\/p>\n<p>EUR 1,00<\/td>\n<\/tr>\n<tr>\n<td>\u00a0<a href=\"https:\/\/dgob.info\/wp-content\/uploads\/2017\/04\/Postkarte_002.jpg\" target=\"_blank\" rel=\"noopener noreferrer\"><img loading=\"lazy\" decoding=\"async\" class=\"alignnone wp-image-786 size-full\" src=\"https:\/\/dgob.info\/wp-content\/uploads\/2017\/04\/Postkarte_002.jpg\" alt=\"\" width=\"120\" height=\"168\" \/><\/a><\/td>\n<td>\n<h4>Postkarte Sanddollar Steine<\/h4>\n<p>Gr\u00f6\u00dfe: DIN A6<\/p>\n<p>EUR 1,00<\/td>\n<\/tr>\n<\/tbody>\n<\/table>\n<p><\/div><\/div><\/div><br \/>\n<div class=\"panel panel-default\"><div class=\"panel-heading\"><h4 class=\"panel-title\"><a data-toggle=\"collapse\" data-parent=\"#accordion-4\" href=\"#collapse4\">Stickvorlage<\/a><\/h4><\/div><div id=\"collapse4\" class=\"panel-collapse collapse\"><div class=\"panel-body\"><\/p>\n<table>\n<tbody>\n<tr>\n<td><img loading=\"lazy\" decoding=\"async\" class=\"alignnone size-medium wp-image-5276\" src=\"https:\/\/dgob.info\/wp-content\/uploads\/2024\/08\/Stickbild-Ortho-Bionomy2024-450x429.jpg\" alt=\"\" width=\"450\" height=\"429\" srcset=\"https:\/\/dgob.info\/wp-content\/uploads\/2024\/08\/Stickbild-Ortho-Bionomy2024-450x429.jpg 450w, https:\/\/dgob.info\/wp-content\/uploads\/2024\/08\/Stickbild-Ortho-Bionomy2024.jpg 482w\" sizes=\"auto, (max-width: 450px) 100vw, 450px\" \/><\/td>\n<td>\n<h4>Ortho-Bionomy\u00ae Stickvorlage zum Download<\/h4>\n<ul>\n<li><a href=\"https:\/\/dgob.info\/wp-content\/uploads\/2024\/08\/Stickprogramm-Ortho-Bionomy2024.pdf\">Stickvorlage Ortho-Bionomy 2024<\/a><\/li>\n<\/ul>\n<\/td>\n<\/tr>\n<\/tbody>\n<\/table>\n<p><\/div><\/div><\/div><br \/>\n<div class=\"panel panel-default\"><div class=\"panel-heading\"><h4 class=\"panel-title\"><a data-toggle=\"collapse\" data-parent=\"#accordion-5\" href=\"#collapse5\">Kleidung<\/a><\/h4><\/div><div id=\"collapse5\" class=\"panel-collapse collapse\"><div class=\"panel-body\"><\/p>\n<table>\n<tbody>\n<tr>\n<td><img loading=\"lazy\" decoding=\"async\" class=\"alignnone size-medium wp-image-5410\" src=\"https:\/\/dgob.info\/wp-content\/uploads\/2024\/10\/Herren-Shirt-2024-402x450.jpg\" alt=\"\" width=\"402\" height=\"450\" srcset=\"https:\/\/dgob.info\/wp-content\/uploads\/2024\/10\/Herren-Shirt-2024-402x450.jpg 402w, https:\/\/dgob.info\/wp-content\/uploads\/2024\/10\/Herren-Shirt-2024-768x860.jpg 768w, https:\/\/dgob.info\/wp-content\/uploads\/2024\/10\/Herren-Shirt-2024-1372x1536.jpg 1372w, https:\/\/dgob.info\/wp-content\/uploads\/2024\/10\/Herren-Shirt-2024.jpg 1407w\" sizes=\"auto, (max-width: 402px) 100vw, 402px\" \/><\/td>\n<td>\n<h4>Herren T-Shirt mit Sand Dollar Logo 2024<\/h4>\n<p>(siehe Stickvorlage)<\/p>\n<p>F\u00fcr Farben und Gr\u00f6\u00dfen kontaktiere die <a href=\"https:\/\/dgob.info\/kontakt\/\">DGOB Gesch\u00e4ftsstelle<\/a>.<\/p>\n<p>Gr\u00f6\u00dfen: S, M, L, XL, 2XL<\/p>\n<p>EUR 20.00<\/td>\n<\/tr>\n<tr>\n<td><img loading=\"lazy\" decoding=\"async\" class=\"alignnone size-medium wp-image-5408\" src=\"https:\/\/dgob.info\/wp-content\/uploads\/2024\/10\/Damen-Shirt-2024-427x450.jpg\" alt=\"\" width=\"427\" height=\"450\" srcset=\"https:\/\/dgob.info\/wp-content\/uploads\/2024\/10\/Damen-Shirt-2024-427x450.jpg 427w, https:\/\/dgob.info\/wp-content\/uploads\/2024\/10\/Damen-Shirt-2024-768x809.jpg 768w, https:\/\/dgob.info\/wp-content\/uploads\/2024\/10\/Damen-Shirt-2024-1459x1536.jpg 1459w, https:\/\/dgob.info\/wp-content\/uploads\/2024\/10\/Damen-Shirt-2024.jpg 1512w\" sizes=\"auto, (max-width: 427px) 100vw, 427px\" \/><\/td>\n<td>\n<h4>Damen T-Shirt mit Sand Dollar Logo 2024<\/h4>\n<p>(siehe Stickvorlage)<\/p>\n<p>F\u00fcr Farben und Gr\u00f6\u00dfen kontaktiere die <a href=\"https:\/\/dgob.info\/kontakt\/\">DGOB Gesch\u00e4ftsstelle<\/a>.<\/p>\n<p>Gr\u00f6\u00dfen: S, M, L, XL, 2XL<\/p>\n<p>EUR 20.00<\/td>\n<\/tr>\n<\/tbody>\n<\/table>\n<p><\/div><\/div><\/div><br \/>\n<div class=\"panel panel-default\"><div class=\"panel-heading\"><h4 class=\"panel-title\"><a data-toggle=\"collapse\" data-parent=\"#accordion-6\" href=\"#collapse6\">Werbeartikel<\/a><\/h4><\/div><div id=\"collapse6\" class=\"panel-collapse collapse\"><div class=\"panel-body\"><\/p>\n<table>\n<tbody>\n<tr>\n<td><a href=\"https:\/\/dgob.info\/wp-content\/uploads\/2017\/04\/DGOB-Material-Terminblock_31-08-2016.jpg\"><img loading=\"lazy\" decoding=\"async\" class=\"alignnone wp-image-800\" src=\"https:\/\/dgob.info\/wp-content\/uploads\/2017\/04\/DGOB-Material-Terminblock_31-08-2016-450x298.jpg\" alt=\"\" width=\"547\" height=\"362\" srcset=\"https:\/\/dgob.info\/wp-content\/uploads\/2017\/04\/DGOB-Material-Terminblock_31-08-2016-450x298.jpg 450w, https:\/\/dgob.info\/wp-content\/uploads\/2017\/04\/DGOB-Material-Terminblock_31-08-2016-768x508.jpg 768w, https:\/\/dgob.info\/wp-content\/uploads\/2017\/04\/DGOB-Material-Terminblock_31-08-2016.jpg 1600w\" sizes=\"auto, (max-width: 547px) 100vw, 547px\" \/><\/a><\/td>\n<td>\n<h4>Terminblock Ortho-Bionomy<sup>\u00ae<\/sup> DIN A6<\/h4>\n<p>EUR 2,00<\/td>\n<\/tr>\n<tr>\n<td><a href=\"https:\/\/dgob.info\/wp-content\/uploads\/2025\/10\/DGOB_Titelseite_Flyer_2025.png\"><img loading=\"lazy\" decoding=\"async\" class=\"alignnone wp-image-5638 size-medium\" src=\"https:\/\/dgob.info\/wp-content\/uploads\/2025\/10\/DGOB_Titelseite_Flyer_2025-223x450.png\" alt=\"\" width=\"223\" height=\"450\" srcset=\"https:\/\/dgob.info\/wp-content\/uploads\/2025\/10\/DGOB_Titelseite_Flyer_2025-223x450.png 223w, https:\/\/dgob.info\/wp-content\/uploads\/2025\/10\/DGOB_Titelseite_Flyer_2025.png 337w\" sizes=\"auto, (max-width: 223px) 100vw, 223px\" \/><\/a><\/td>\n<td>\n<h4>Flyer DGOB<\/h4>\n<p><a href=\"https:\/\/dgob.info\/wp-content\/uploads\/2025\/10\/DGOB_Flyer_2025.pdf\" target=\"_blank\" rel=\"noopener\">Muster des aktuellen Flyers (2025) ansehen (pdf)<\/a><\/p>\n<p>EUR 0,25<\/td>\n<\/tr>\n<tr>\n<td><a href=\"https:\/\/dgob.info\/wp-content\/uploads\/2017\/04\/DGOB-Material-Plakat.jpg\"><img loading=\"lazy\" decoding=\"async\" class=\"alignnone size-medium wp-image-802\" src=\"https:\/\/dgob.info\/wp-content\/uploads\/2017\/04\/DGOB-Material-Plakat-318x450.jpg\" alt=\"\" width=\"318\" height=\"450\" srcset=\"https:\/\/dgob.info\/wp-content\/uploads\/2017\/04\/DGOB-Material-Plakat-318x450.jpg 318w, https:\/\/dgob.info\/wp-content\/uploads\/2017\/04\/DGOB-Material-Plakat-768x1087.jpg 768w, https:\/\/dgob.info\/wp-content\/uploads\/2017\/04\/DGOB-Material-Plakat-1130x1600.jpg 1130w, https:\/\/dgob.info\/wp-content\/uploads\/2017\/04\/DGOB-Material-Plakat.jpg 1240w\" sizes=\"auto, (max-width: 318px) 100vw, 318px\" \/><\/a><\/td>\n<td>\n<h4>Ank\u00fcndigungsplakate in verschiedenen Formaten<\/h4>\n<p>Hier stellen wir dir Ank\u00fcndigungsplakate der DGOB (z. B., um auf Veranstaltungen und Vortr\u00e4ge aufmerksam zu machen) zum Herunterladen und selbst Ausdrucken bzw. Drucken lassen zur Verf\u00fcgung.<\/p>\n<p><strong>Plakat f\u00fcr Ank\u00fcndigungen DIN A4<\/strong><\/p>\n<p>EUR 1,00<\/p>\n<ul>\n<li><a href=\"https:\/\/dgob.info\/wp-content\/uploads\/2017\/04\/DGOB_Plakat-A4_mit.pdf\">Plakat DIN A4 (mit Passkreuzen, druckf\u00e4higes pdf)<\/a><\/li>\n<li><a href=\"https:\/\/dgob.info\/wp-content\/uploads\/2017\/04\/DGOB_Plakat-A4_ohne.pdf\">Plakat DIN A4 (ohne Passkreuze, druckf\u00e4higes pdf)<\/a><\/li>\n<\/ul>\n<p><strong>Plakat f\u00fcr Ank\u00fcndigungen DIN A2<\/strong><\/p>\n<p>EUR 6,50<\/p>\n<ul>\n<li><a href=\"https:\/\/dgob.info\/wp-content\/uploads\/2017\/04\/DGOB_Plakat-A2_mit.pdf\">Plakat DIN A2 (mit Passkreuzen, druckf\u00e4higes pdf)<\/a><\/li>\n<li><a href=\"https:\/\/dgob.info\/wp-content\/uploads\/2017\/04\/DGOB_Plakat-A2_ohne.pdf\">Plakat DIN A2 (ohne Passkreuze, druckf\u00e4higes pdf)<\/a><\/li>\n<\/ul>\n<\/td>\n<\/tr>\n<tr style=\"height: 179px;\">\n<td style=\"height: 225px;\"><a href=\"https:\/\/dgob.info\/wp-content\/uploads\/2020\/04\/Anstecker.jpg\"><img loading=\"lazy\" decoding=\"async\" class=\"alignnone wp-image-3918\" src=\"https:\/\/dgob.info\/wp-content\/uploads\/2020\/04\/Anstecker.jpg\" alt=\"\" width=\"705\" height=\"529\" \/><\/a><\/td>\n<td style=\"height: 225px;\">\n<h4>Ortho-Bionomy<sup>\u00ae <\/sup>Anstecker mit Sanddollar-Logo \u2205 5,8 cm<\/h4>\n<p>EUR 1,00<\/td>\n<\/tr>\n<tr>\n<td><img loading=\"lazy\" decoding=\"async\" class=\"alignnone size-medium wp-image-5412\" src=\"https:\/\/dgob.info\/wp-content\/uploads\/2024\/10\/Kugelschreiber-Ortho-Bionomy-450x169.jpg\" alt=\"\" width=\"450\" height=\"169\" srcset=\"https:\/\/dgob.info\/wp-content\/uploads\/2024\/10\/Kugelschreiber-Ortho-Bionomy-450x169.jpg 450w, https:\/\/dgob.info\/wp-content\/uploads\/2024\/10\/Kugelschreiber-Ortho-Bionomy-1600x601.jpg 1600w, https:\/\/dgob.info\/wp-content\/uploads\/2024\/10\/Kugelschreiber-Ortho-Bionomy-768x288.jpg 768w, https:\/\/dgob.info\/wp-content\/uploads\/2024\/10\/Kugelschreiber-Ortho-Bionomy-1536x577.jpg 1536w, https:\/\/dgob.info\/wp-content\/uploads\/2024\/10\/Kugelschreiber-Ortho-Bionomy.jpg 1753w\" sizes=\"auto, (max-width: 450px) 100vw, 450px\" \/><\/td>\n<td>\n<h4>Kugelschreiber<\/h4>\n<p>Kugelschreiber mit dem Schriftzug<br \/>\n\u201eORTHO-BIONOMY<sup>\u00ae<\/sup> \u2013 www.dgob.info\u201d<\/p>\n<p>EUR 1,50<\/td>\n<\/tr>\n<tr style=\"height: 198px;\">\n<td style=\"height: 198px;\"><a href=\"https:\/\/dgob.info\/wp-content\/uploads\/2020\/04\/Bleistifte.jpg\"><img loading=\"lazy\" decoding=\"async\" class=\"alignnone wp-image-3917\" src=\"https:\/\/dgob.info\/wp-content\/uploads\/2020\/04\/Bleistifte.jpg\" alt=\"\" width=\"707\" height=\"530\" \/><\/a><\/td>\n<td style=\"height: 198px;\">\n<h4>Bleistift<\/h4>\n<p>Bleistift 5er-Set mit dem Schriftzug<br \/>\n\u201eORTHO-BIONOMY<sup>\u00ae<\/sup> \u2013 DEN REGELN DES LEBENS FOLGEN &#8211; www.dgob.info\u201d<\/p>\n<p>EUR 2,50<\/td>\n<\/tr>\n<tr style=\"height: 219px;\">\n<td style=\"height: 219px;\"><a href=\"https:\/\/dgob.info\/wp-content\/uploads\/2020\/04\/Haftnotizheftchen.jpg\"><img loading=\"lazy\" decoding=\"async\" class=\"alignnone wp-image-3919\" src=\"https:\/\/dgob.info\/wp-content\/uploads\/2020\/04\/Haftnotizheftchen.jpg\" alt=\"\" width=\"705\" height=\"529\" \/><\/a><\/td>\n<td style=\"height: 219px;\">\n<h4>Haftnotizheftchen<\/h4>\n<p>Haftnotizheftchen gr\u00fcn B 8,5 cm x H 10 cm mit dem DGOB-Logo<\/p>\n<p>EUR 2,00<\/td>\n<\/tr>\n<tr>\n<td><img loading=\"lazy\" decoding=\"async\" class=\"alignnone size-medium wp-image-5413\" src=\"https:\/\/dgob.info\/wp-content\/uploads\/2024\/10\/Notizblock-Klebezettel-328x450.jpg\" alt=\"\" width=\"328\" height=\"450\" srcset=\"https:\/\/dgob.info\/wp-content\/uploads\/2024\/10\/Notizblock-Klebezettel-328x450.jpg 328w, https:\/\/dgob.info\/wp-content\/uploads\/2024\/10\/Notizblock-Klebezettel-1168x1600.jpg 1168w, https:\/\/dgob.info\/wp-content\/uploads\/2024\/10\/Notizblock-Klebezettel-768x1052.jpg 768w, https:\/\/dgob.info\/wp-content\/uploads\/2024\/10\/Notizblock-Klebezettel-1121x1536.jpg 1121w, https:\/\/dgob.info\/wp-content\/uploads\/2024\/10\/Notizblock-Klebezettel.jpg 1231w\" sizes=\"auto, (max-width: 328px) 100vw, 328px\" \/><\/td>\n<td>\n<h4>Haftnotizblock<\/h4>\n<p>Haftnotizblock DIN A6 mit dem Schriftzug<br \/>\n\u201eDEN REGELN DES LEBENS FOLGEN\u201d und dem DGOB-Logo<\/p>\n<p>EUR 2,00<\/td>\n<\/tr>\n<tr style=\"height: 147px;\">\n<td style=\"height: 132px;\"><a href=\"https:\/\/dgob.info\/wp-content\/uploads\/2017\/04\/DGOB-Material-Aufkleber.png\"><img loading=\"lazy\" decoding=\"async\" class=\"alignnone size-full wp-image-798\" src=\"https:\/\/dgob.info\/wp-content\/uploads\/2017\/04\/DGOB-Material-Aufkleber.png\" alt=\"\" width=\"120\" height=\"65\" \/><\/a><\/td>\n<td style=\"height: 132px;\">\n<h4>Sticker<\/h4>\n<p>Sticker DGOB-LOGO<\/p>\n<p>EUR 1,00<\/td>\n<\/tr>\n<tr>\n<td><a href=\"https:\/\/dgob.info\/wp-content\/uploads\/2017\/04\/DGOB-Material-Stofftasche-natur_31-08-2016.jpg\"><img loading=\"lazy\" decoding=\"async\" class=\"alignnone size-medium wp-image-813\" src=\"https:\/\/dgob.info\/wp-content\/uploads\/2017\/04\/DGOB-Material-Stofftasche-natur_31-08-2016-450x363.jpg\" alt=\"\" width=\"450\" height=\"363\" srcset=\"https:\/\/dgob.info\/wp-content\/uploads\/2017\/04\/DGOB-Material-Stofftasche-natur_31-08-2016-450x363.jpg 450w, https:\/\/dgob.info\/wp-content\/uploads\/2017\/04\/DGOB-Material-Stofftasche-natur_31-08-2016-768x619.jpg 768w, https:\/\/dgob.info\/wp-content\/uploads\/2017\/04\/DGOB-Material-Stofftasche-natur_31-08-2016.jpg 1489w\" sizes=\"auto, (max-width: 450px) 100vw, 450px\" \/><\/a><\/td>\n<td>\n<h4>\u00a0Stofftasche<\/h4>\n<p>Stofftasche naturfarben mit dem Schriftzug \u201eDEN REGELN DES LEBENS FOLGEN\u201d und dem DGOB-Logo<\/p>\n<p>Gr\u00f6\u00dfe (Querformat): ca. 46 x 42 cm<\/p>\n<p>EUR 3,00<\/td>\n<\/tr>\n<tr>\n<td><a href=\"https:\/\/dgob.info\/wp-content\/uploads\/2017\/04\/DGOB_QRCODE_3x3_15.09.png\"><img loading=\"lazy\" decoding=\"async\" class=\"alignnone wp-image-815\" src=\"https:\/\/dgob.info\/wp-content\/uploads\/2017\/04\/DGOB_QRCODE_3x3_15.09-450x450.png\" alt=\"\" width=\"707\" height=\"707\" srcset=\"https:\/\/dgob.info\/wp-content\/uploads\/2017\/04\/DGOB_QRCODE_3x3_15.09-450x450.png 450w, https:\/\/dgob.info\/wp-content\/uploads\/2017\/04\/DGOB_QRCODE_3x3_15.09-150x150.png 150w, https:\/\/dgob.info\/wp-content\/uploads\/2017\/04\/DGOB_QRCODE_3x3_15.09-768x768.png 768w, https:\/\/dgob.info\/wp-content\/uploads\/2017\/04\/DGOB_QRCODE_3x3_15.09-1600x1600.png 1600w\" sizes=\"auto, (max-width: 707px) 100vw, 707px\" \/><\/a><\/td>\n<td>\n<h4>Sticker QR-Code<\/h4>\n<p>Sticker QR-Code (klein)<\/p>\n<p>Gr\u00f6\u00dfe: 3 x 3 cm<\/p>\n<p>EUR 0,50 (5 St\u00fcck!)<\/td>\n<\/tr>\n<tr>\n<td><a href=\"https:\/\/dgob.info\/wp-content\/uploads\/2017\/04\/DGOB_QRCODE_mit-logo-links_15.09.png\"><img loading=\"lazy\" decoding=\"async\" class=\"alignnone wp-image-816\" src=\"https:\/\/dgob.info\/wp-content\/uploads\/2017\/04\/DGOB_QRCODE_mit-logo-links_15.09-386x450.png\" alt=\"\" width=\"550\" height=\"641\" srcset=\"https:\/\/dgob.info\/wp-content\/uploads\/2017\/04\/DGOB_QRCODE_mit-logo-links_15.09-386x450.png 386w, https:\/\/dgob.info\/wp-content\/uploads\/2017\/04\/DGOB_QRCODE_mit-logo-links_15.09-768x896.png 768w, https:\/\/dgob.info\/wp-content\/uploads\/2017\/04\/DGOB_QRCODE_mit-logo-links_15.09-1371x1600.png 1371w\" sizes=\"auto, (max-width: 550px) 100vw, 550px\" \/><\/a><\/td>\n<td>\n<h4>Sticker QR-Code<\/h4>\n<p>Sticker mit QR-Code (gro\u00df) und DGOB-Logo<\/p>\n<p>Gr\u00f6\u00dfe: 10 x 10 cm<\/p>\n<p>EUR 1,00 (pro St\u00fcck)<\/td>\n<\/tr>\n<\/tbody>\n<\/table>\n<p><\/div><\/div><\/div><br \/>\n<div class=\"panel panel-default\"><div class=\"panel-heading\"><h4 class=\"panel-title\"><a data-toggle=\"collapse\" data-parent=\"#accordion-7\" href=\"#collapse7\">Roll-Up<\/a><\/h4><\/div><div id=\"collapse7\" class=\"panel-collapse collapse\"><div class=\"panel-body\"><\/p>\n<table>\n<tbody>\n<tr>\n<td><img loading=\"lazy\" decoding=\"async\" class=\"alignnone size-medium wp-image-5418\" src=\"https:\/\/dgob.info\/wp-content\/uploads\/2024\/10\/Roll-up_Ortho-Bionomy-241x450.jpg\" alt=\"\" width=\"241\" height=\"450\" srcset=\"https:\/\/dgob.info\/wp-content\/uploads\/2024\/10\/Roll-up_Ortho-Bionomy-241x450.jpg 241w, https:\/\/dgob.info\/wp-content\/uploads\/2024\/10\/Roll-up_Ortho-Bionomy-857x1600.jpg 857w, https:\/\/dgob.info\/wp-content\/uploads\/2024\/10\/Roll-up_Ortho-Bionomy-768x1434.jpg 768w, https:\/\/dgob.info\/wp-content\/uploads\/2024\/10\/Roll-up_Ortho-Bionomy-823x1536.jpg 823w, https:\/\/dgob.info\/wp-content\/uploads\/2024\/10\/Roll-up_Ortho-Bionomy.jpg 949w\" sizes=\"auto, (max-width: 241px) 100vw, 241px\" \/><\/td>\n<td>Wir haben ein Roll-up angefertigt, dass du dir f\u00fcr Vortr\u00e4ge und Messen bei der DGOB kostenlos ausleihen kannst. Die einzigen Kosten die anfallen, sind die R\u00fccksendegeb\u00fchren.<\/p>\n<p>Wir w\u00fcrden uns freuen, wenn du uns ein Foto von deinem Stand zusenden w\u00fcrdest.<\/td>\n<\/tr>\n<tr>\n<td><a href=\"https:\/\/dgob.info\/wp-content\/uploads\/2017\/06\/DGOB-Material-Roll_Up.jpg\"><img loading=\"lazy\" decoding=\"async\" class=\"alignnone wp-image-1853 size-full\" src=\"https:\/\/dgob.info\/wp-content\/uploads\/2017\/06\/DGOB-Material-Roll_Up.jpg\" alt=\"\" width=\"409\" height=\"757\" \/><\/a><\/td>\n<td>Wir haben ein Roll-up angefertigt, dass du dir f\u00fcr Vortr\u00e4ge und Messen bei der DGOB kostenlos ausleihen kannst. Die einzigen Kosten die anfallen, sind die R\u00fccksendegeb\u00fchren.<\/p>\n<p>Wir w\u00fcrden uns freuen, wenn du uns ein Foto von deinem Stand zusenden w\u00fcrdest.<\/p>\n<p>&nbsp;<\/td>\n<\/tr>\n<\/tbody>\n<\/table>\n<p><\/div><\/div><\/div><br \/>\n<\/div><\/p>","protected":false},"excerpt":{"rendered":"<p>Merchandise-Artikel Du kannst direkt bei der DGOB die folgenden Materialien zum Thema Ortho-Bionomy bestellen (alle Preise pro St\u00fcck). Bitte verwende zur Bestellung eines unserer Bestellformulare. Bestellformular einfach online ausf\u00fcllen, dann [&hellip;]<\/p>\n","protected":false},"author":2,"featured_media":0,"parent":6,"menu_order":1,"comment_status":"closed","ping_status":"closed","template":"mitgliederbereich.php","meta":{"_acf_changed":false,"footnotes":""},"class_list":["post-5794","page","type-page","status-publish","hentry"],"acf":[],"_links":{"self":[{"href":"https:\/\/dgob.info\/de\/wp-json\/wp\/v2\/pages\/5794","targetHints":{"allow":["GET"]}}],"collection":[{"href":"https:\/\/dgob.info\/de\/wp-json\/wp\/v2\/pages"}],"about":[{"href":"https:\/\/dgob.info\/de\/wp-json\/wp\/v2\/types\/page"}],"author":[{"embeddable":true,"href":"https:\/\/dgob.info\/de\/wp-json\/wp\/v2\/users\/2"}],"replies":[{"embeddable":true,"href":"https:\/\/dgob.info\/de\/wp-json\/wp\/v2\/comments?post=5794"}],"version-history":[{"count":2,"href":"https:\/\/dgob.info\/de\/wp-json\/wp\/v2\/pages\/5794\/revisions"}],"predecessor-version":[{"id":5796,"href":"https:\/\/dgob.info\/de\/wp-json\/wp\/v2\/pages\/5794\/revisions\/5796"}],"up":[{"embeddable":true,"href":"https:\/\/dgob.info\/de\/wp-json\/wp\/v2\/pages\/6"}],"wp:attachment":[{"href":"https:\/\/dgob.info\/de\/wp-json\/wp\/v2\/media?parent=5794"}],"curies":[{"name":"wp","href":"https:\/\/api.w.org\/{rel}","templated":true}]}}