{"id":55,"date":"2017-04-13T12:34:04","date_gmt":"2017-04-13T10:34:04","guid":{"rendered":"https:\/\/dgob.info\/?page_id=55"},"modified":"2024-09-11T11:16:01","modified_gmt":"2024-09-11T09:16:01","slug":"dgob","status":"publish","type":"page","link":"https:\/\/dgob.info\/de\/dgob\/","title":{"rendered":"DGOB"},"content":{"rendered":"<p><div class=\"row\"><br \/>\n<div class=\"col-md-8\"><\/p>\n<h1>Die Deutsche Gesellschaft f\u00fcr Ortho-Bionomy<sup>\u00ae<\/sup> e.V. (DGOB)<\/h1>\n<p>1992 haben wir die DGOB gegr\u00fcndet. Ihr erkl\u00e4rtes Ziel ist es seither, die Ortho-Bionomy als Methode bekannter zu machen und Anwendern die M\u00f6glichkeit einer qualifizierten Fortbildung und des Austauschs zu er\u00f6ffnen. Sitz der Gesellschaft ist K\u00f6ln. Sie ist die zahlenm\u00e4\u00dfig gr\u00f6\u00dfte Organisation von Ortho-Bionomisten in Europa.<\/p>\n<h2>Aufgaben und Ziele der DGOB<\/h2>\n<p>Die Deutsche Gesellschaft f\u00fcr Ortho-Bionomy e.V. (DGOB) ist als Dachorganisation der Ortho-Bionomy-Practitioner in Deutschland zust\u00e4ndig f\u00fcr Fragen der Weiterbildungsm\u00f6glichkeiten im In- und Ausland, f\u00fchrt Listen der in ihr organisierten Practitioner und vertritt die Interessen der Ortho-Bionomy in der \u00d6ffentlichkeit.<\/p>\n<div class=\"panel-group\" id=\"accordion-1\"><br \/>\n<div class=\"panel panel-default\"><div class=\"panel-heading\"><h4 class=\"panel-title\"><a data-toggle=\"collapse\" data-parent=\"#accordion-1\" href=\"#collapse1\">Aus-, Fort- und Weiterbildung \u2013 in hoher Qualit\u00e4t<\/a><\/h4><\/div><div id=\"collapse1\" class=\"panel-collapse collapse\"><div class=\"panel-body\"><\/p>\n<p>Wir k\u00fcmmern uns um die Konzeption und Durchf\u00fchrung der fachgerechten Weiterbildung in Methoden der Ortho-Bionomy sowie um die Durchf\u00fchrung fachverwandter Fortbildungsveranstaltungen. Dabei greifen wir auf die Expertise der <a href=\"http:\/\/www.ortho-bionomy.eu\" target=\"_blank\" rel=\"noopener noreferrer\">Ortho-Bionomy<sup>\u00ae<\/sup> European Association of Teachers (OBEAT)<\/a> zur\u00fcck. Die OBEAT \u2013 der Dachverband der Ortho-Bionomy-Lehrer \u2013 legt die Inhalte und Strukturen der qualifizierten Ausbildung in der Ortho-Bionomy fest.<\/p>\n<p>Auf unserer Website informieren wir zudem \u00fcber eine Vielzahl von <a href=\"https:\/\/dgob.info\/veranstaltung\/\">Veranstaltungen<\/a> zum Thema Ortho-Bionomy.<\/p>\n<h4>DGOB-Mitglieder sind sehr gut ausgebildet und immer bestens informiert.<\/h4>\n<p><\/div><\/div><\/div><div class=\"panel panel-default\"><div class=\"panel-heading\"><h4 class=\"panel-title\"><a data-toggle=\"collapse\" data-parent=\"#accordion-2\" href=\"#collapse2\">Fachlicher Austausch \u2013 national und international<\/a><\/h4><\/div><div id=\"collapse2\" class=\"panel-collapse collapse\"><div class=\"panel-body\"><\/p>\n<p>Sowohl auf unseren Jahrestagungen als auch in Arbeitskreisen und anderen Seminaren findet ein reger fachlicher Austausch statt. Bei den Veranstaltungen legen wir gro\u00dfen Wert darauf, dass theoretischer \u00dcberbau und praktische \u00dcbungen Hand in Hand gehen, denn wir halten es f\u00fcr wichtig, dass Practitioner alle Methoden der Ortho-Bionomy immer auch aus eigener Erfahrung kennen.<\/p>\n<p>Wir sind nicht nur national engagiert, sondern halten engen Kontakt zu Ortho-Bionomy-Verb\u00e4nden weltweit, um immer Anschluss an die internationale Weiterentwicklung der Ortho-Bionomy zu halten.<\/p>\n<h4>DGOB-Mitglieder haben direkten Zugang zu nationalen und internationalen Informationen zum Thema Ortho-Bionomy.<\/h4>\n<p><\/div><\/div><\/div><div class=\"panel panel-default\"><div class=\"panel-heading\"><h4 class=\"panel-title\"><a data-toggle=\"collapse\" data-parent=\"#accordion-3\" href=\"#collapse3\">Fortlaufende Qualit\u00e4tssicherung \u2013 f\u00fcr die Klienten<\/a><\/h4><\/div><div id=\"collapse3\" class=\"panel-collapse collapse\"><div class=\"panel-body\"><\/p>\n<ul>\n<li>Practitioner, die in der DGOB organisiert sind, m\u00fcssen nachweisen, dass sie sich regelm\u00e4\u00dfig im Bereich der Ortho-Bionomy fortbilden. F\u00fcr Klienten ein wichtiges Qualit\u00e4tskriterium.<\/li>\n<li>Die Qualit\u00e4tsanspr\u00fcche von und an Ortho-Bionomy sind sehr hoch. Um ihnen gerecht zu werden, lassen sich alle Anwenderinnen und Anwender umfassend ausbilden.<\/li>\n<li>Die Ausbildung zum gepr\u00fcften Behandler bzw. zum gepr\u00fcften Practitioner dauert mindestens zwei Jahre und folgt den einheitlichen, europ\u00e4ischen Richtlinien der <a href=\"http:\/\/www.ortho-bionomy.eu\" target=\"_blank\" rel=\"noopener noreferrer\">Ortho-Bionomy<sup>\u00ae<\/sup> European Association of Teachers (OBEAT)<\/a>.<\/li>\n<li>Die 1994 in der franz\u00f6sischen Schweiz gegr\u00fcndete OBEAT h\u00e4lt seit dem Tod von Dr. Pauls im Jahr 1997 die europ\u00e4ischen Namensrechte an dem Begriff Ortho-Bionomy und regelt die Practitioner- und Lehrerausbildung. Mit dem Markenzeichen Ortho-Bionomy<sup>\u00ae<\/sup> d\u00fcrfen nur zertifizierte Anwender werben, die ihre Pr\u00fcfung nach den Regeln der OBEAT erfolgreich abgelegt haben.<\/li>\n<li>Alle in der <a href=\"https:\/\/dgob.info\/klienten\/practitioner-suche\/\">Practitionerliste<\/a> angef\u00fchrten Practitioner sind zu regelm\u00e4\u00dfiger Fort- und Weiterbildung verpflichtet, um ihr Wissen auf dem neuesten Stand zu halten.<\/li>\n<\/ul>\n<h4>DGOB-Mitglieder sind f\u00fcr ihre Klienten immer auf einem aktuellen Wissensstand.<\/h4>\n<p><\/div><\/div><\/div><div class=\"panel panel-default\"><div class=\"panel-heading\"><h4 class=\"panel-title\"><a data-toggle=\"collapse\" data-parent=\"#accordion-4\" href=\"#collapse4\">\u00d6ffentlichkeitsarbeit \u2013 zur weiteren Verbreitung und St\u00e4rkung der Ortho-Bionomy<\/a><\/h4><\/div><div id=\"collapse4\" class=\"panel-collapse collapse\"><div class=\"panel-body\"><\/p>\n<p>Wir sorgen daf\u00fcr, dass die Ortho-Bionomy bekannter wird. Durch Vortr\u00e4ge, die Beteiligung an Messen und Fachkongressen und durch die Verbreitung von Informationsmaterial \u00fcber die Arbeitsweise der Ortho-Bionomy wollen wir erreichen, dass mehr Klienten in den Genuss einer Behandlungsmethode kommen, von der wir zutiefst \u00fcberzeugt sind. In diesem Zusammenhang unterst\u00fctzen wir auch wissenschaftliche Forschungsarbeiten, die sich der Ortho-Bionomy als Thema annehmen.<\/p>\n<h4>DGOB-Mitglieder erhalten vielf\u00e4ltige Unterst\u00fctzung in ihrer t\u00e4glichen Arbeit.<\/h4>\n<p><\/div><\/div><\/div><\/div>\n<p>Detaillierte Informationen zu den Aufgaben und Zielen der DGOB k\u00f6nnen der Satzung der DGOB entnommen werden.<\/p>\n<h2>Organisation der DGOB<\/h2>\n<p>Die DGOB hat einen vierk\u00f6pfigen Vorstand und wird zentral von der Gesch\u00e4ftsstelle K\u00f6ln aus verwaltet. Zu Vorstand der DGOB geh\u00f6ren aktuell:<\/p>\n<ul>\n<li>Annegret D\u00f6rr (1. Vorsitzende)<\/li>\n<li>Stephanie Heckmann (stellvertretende Vorsitzende)<\/li>\n<li>Christine Glumann (Schatzmeisterin)<\/li>\n<li>Eduard Pfeifle (4. Vorstandsmitglied)<\/li>\n<\/ul>\n<p><img loading=\"lazy\" decoding=\"async\" class=\"alignnone size-medium wp-image-4679\" src=\"https:\/\/dgob.info\/wp-content\/uploads\/2022\/09\/DGOB-Vorstand-2022-450x338.jpg\" alt=\"\" width=\"450\" height=\"338\" srcset=\"https:\/\/dgob.info\/wp-content\/uploads\/2022\/09\/DGOB-Vorstand-2022-450x338.jpg 450w, https:\/\/dgob.info\/wp-content\/uploads\/2022\/09\/DGOB-Vorstand-2022-768x576.jpg 768w, https:\/\/dgob.info\/wp-content\/uploads\/2022\/09\/DGOB-Vorstand-2022.jpg 1024w\" sizes=\"auto, (max-width: 450px) 100vw, 450px\" \/><\/p>\n<p><em>Der DGOB-Vorstand (v.l.n.r.): Stephanie Heckmann, Christine Glumann, Eduard Pfeifle und Annegret D\u00f6rr,.<\/em><\/p>\n<h2>Gut vernetzt<\/h2>\n<p>Die DGOB ist national und international vernetzt. Sie steht in engem Kontakt zur <a href=\"http:\/\/www.ortho-bionomy.eu\" target=\"_blank\" rel=\"noopener noreferrer\">Ortho-Bionomy<sup>\u00ae<\/sup> European Association of Teachers (OBEAT)<\/a> und zu <a href=\"http:\/\/www.ortho-bionomy.org\" target=\"_blank\" rel=\"noopener noreferrer\">Society of Ortho-Bionomy<sup>\u00ae<\/sup> International (SOBI)<\/a> und ist Mitglied der <a href=\"https:\/\/www.bgw-online.de\" target=\"_blank\" rel=\"noopener noreferrer\">Berufsgenossenschaft f\u00fcr Gesundheitsdienst und Wohlfahrtspflege (BGW)<\/a>. Des Weiteren h\u00e4lt die DGOB eine Mitgliedschaft im <a href=\"http:\/\/rheinland.jugendherberge.de\/\" target=\"_blank\" rel=\"noopener noreferrer\">Deutschen Jugendherbergswerk (DJH) Landesverband Rheinland<\/a>.<\/p>\n<p><\/div><br \/>\n<div class=\"col-md-4\"><\/p>\n<div class=\"content_block\" id=\"custom_post_widget-5169\"><h2>Ortho-Bionomy<sup>\u00ae<\/sup> \u2013 der Film<\/h2>\n<p>Unser Informationsfilm gibt einen authentischen Einblick in die Arbeitsweise der Practioner und erl\u00e4utert die Wirkungsweise der Ortho-Bionomy<sup>\u00ae<\/sup> n\u00e4her.<\/p>\n<p><a href=\"https:\/\/www.youtube.com\/watch?v=-1VYDHLZTLs\" target=\"_blank\" rel=\"noopener\">Informationsfilm<\/a> Ortho-Bionomy<sup>\u00ae<\/sup> (2:33 Minuten, auf Youtube)<\/p>\n<\/div>\n<div class=\"content_block\" id=\"custom_post_widget-235\"><h2>Sie haben Fragen?<\/h2>\n<p>Nehmen Sie <a href=\"https:\/\/dgob.info\/kontakt\/\">Kontakt<\/a> mit uns auf<\/p>\n<p>Telefon +49 2236 5098816<br \/>\nE-Mail <a href=\"mailto:info@dgob.info\" target=\"_blank\" rel=\"noopener noreferrer\">info@dgob.info<\/a><\/p>\n<\/div>\n<h2>Mitglied in der DGOB werden<\/h2>\n<p>Informieren Sie sich \u00fcber die <a href=\"https:\/\/dgob.info\/dgob\/mitgliedschaft\/\">Vorteile einer Mitgliedschaft<\/a> in der DGOB. Wir bieten unterschiedliche <a href=\"https:\/\/dgob.info\/dgob\/mitgliedschaft\/\">Mitgliedschaftsarten<\/a> an.<\/p>\n<p>Wenn Sie sich f\u00fcr eine Mitgliedschaft entschieden haben, f\u00fcllen Sie einfach den Antrag auf Mitgliedschaft aus und senden Sie ihn unterschrieben an:<\/p>\n<p>DGOB Gesch\u00e4ftsstelle<br \/>\nAnnegret D\u00f6rr<br \/>\nBergstra\u00dfe 66<br \/>\n50999 K\u00f6ln<\/p>\n<ul>\n<li><div class=\"content_block\" id=\"custom_post_widget-995\"><p><a href=\"https:\/\/dgob.info\/wp-content\/uploads\/2017\/05\/DGOB_Beitrittserkla\u0308rung_2020.pdf\" target=\"_blank\" rel=\"noopener noreferrer\">Antrag auf Mitgliedschaft (pdf)<\/a><\/p>\n<\/div><\/li>\n<\/ul>\n<h2>Die Satzung der DGOB<\/h2>\n<ul>\n<li><div class=\"content_block\" id=\"custom_post_widget-998\"><p><a href=\"https:\/\/dgob.info\/wp-content\/uploads\/2018\/01\/DGOB_Satzung_Stand_24.09.2017.pdf\" target=\"_blank\" rel=\"noopener\">Satzung der DGOB (pdf)<\/a><\/p>\n<\/div><\/li>\n<\/ul>\n<h2>Das Plus f\u00fcr Mitglieder<\/h2>\n<p>Mitglieder k\u00f6nnen sich f\u00fcr zus\u00e4tzliche Informationen in den Mitgliederbereich einloggen.<\/p>\n<a href=\"\/practitioner\/login\/\" class=\"btn btn-default \">Zum Login<\/a>\n<p><\/div><br \/>\n<\/div><\/p>","protected":false},"excerpt":{"rendered":"","protected":false},"author":372,"featured_media":1192,"parent":0,"menu_order":5,"comment_status":"closed","ping_status":"closed","template":"","meta":{"_acf_changed":false,"footnotes":""},"class_list":["post-55","page","type-page","status-publish","has-post-thumbnail","hentry"],"acf":[],"_links":{"self":[{"href":"https:\/\/dgob.info\/de\/wp-json\/wp\/v2\/pages\/55","targetHints":{"allow":["GET"]}}],"collection":[{"href":"https:\/\/dgob.info\/de\/wp-json\/wp\/v2\/pages"}],"about":[{"href":"https:\/\/dgob.info\/de\/wp-json\/wp\/v2\/types\/page"}],"author":[{"embeddable":true,"href":"https:\/\/dgob.info\/de\/wp-json\/wp\/v2\/users\/372"}],"replies":[{"embeddable":true,"href":"https:\/\/dgob.info\/de\/wp-json\/wp\/v2\/comments?post=55"}],"version-history":[{"count":9,"href":"https:\/\/dgob.info\/de\/wp-json\/wp\/v2\/pages\/55\/revisions"}],"predecessor-version":[{"id":5196,"href":"https:\/\/dgob.info\/de\/wp-json\/wp\/v2\/pages\/55\/revisions\/5196"}],"wp:featuredmedia":[{"embeddable":true,"href":"https:\/\/dgob.info\/de\/wp-json\/wp\/v2\/media\/1192"}],"wp:attachment":[{"href":"https:\/\/dgob.info\/de\/wp-json\/wp\/v2\/media?parent=55"}],"curies":[{"name":"wp","href":"https:\/\/api.w.org\/{rel}","templated":true}]}}