{"id":513,"date":"2017-04-28T09:21:46","date_gmt":"2017-04-28T07:21:46","guid":{"rendered":"https:\/\/dgob.info\/?page_id=513"},"modified":"2024-03-28T09:22:56","modified_gmt":"2024-03-28T08:22:56","slug":"lehrer-suche","status":"publish","type":"page","link":"https:\/\/dgob.info\/de\/practitioner\/lehrer-suche\/","title":{"rendered":"Ortho-Bionomy-Lehrer"},"content":{"rendered":"<p><div class=\"row\"><br \/>\n<div class=\"col-md-8\"><\/p>\n<h1>Ortho-Bionomy<sup>\u00ae<\/sup>-Lehrer<\/h1>\n<p>In der nachfolgenden Liste finden Sie ausschlie\u00dflich Ortho-Bionomy-Lehrer, die nach den Richtlinien der OBEAT (<span style=\"color: #000000;\"><a href=\"http:\/\/www.ortho-bionomy.eu\" target=\"_blank\" rel=\"noopener noreferrer\">Ortho-Bionomy<sup>\u00ae<\/sup> European Association of Teachers<\/a>)<u>,<\/u><\/span> der SOBI (<a href=\"http:\/\/www.ortho-bionomy.org\/\" target=\"_blank\" rel=\"noopener noreferrer\">Society of Ortho-Bionomy International<\/a><a href=\"http:\/\/www.ortho-bionomy.org\/\" target=\"_blank\" rel=\"noopener noreferrer\"><sup>\u00ae<\/sup><\/a>) oder der OBAC (<a href=\"http:\/\/www.ortho-bionomy.ca\/\" target=\"_blank\" rel=\"noopener noreferrer\">Ortho-Bionomy<sup>\u00ae<\/sup>\u00a0Association of Canada<\/a>) anerkannt und gleichzeitig in der DGOB organisiert sind. Sie geben Kurse und bilden zum Ortho-Bionomy-Practitioner aus. Bitte informieren Sie sich direkt bei den Lehrern, wenn es um Termine und Kosten geht. Es lohnt sich allerdings, zuvor einen Blick in unseren <a href=\"https:\/\/dgob.info\/veranstaltungen\/\">Veranstaltungskalender<\/a> zu werfen.<\/p>\n<p>Die Lehrer sind nach Postleitzahl sortiert.<\/p>\n<p>Um einen Lehrer zu suchen, m\u00fcssen Sie mindestens zwei Zeichen in das Suchfeld eingeben. Sie erhalten dann alle Lehrer angezeigt, in deren Eintrag diese Zeichen vorhanden sind.<\/p>\n<p>Die Suche findet bereits w\u00e4hrend Sie eingeben statt \u2013 daher kann es sein, dass Sie Ihr Suchergebnis schon nach der Eingabe nur weniger Zeichen erhalten.<\/p>\n<p>Gesucht wird grunds\u00e4tzlich in allen Spalten (Anschrift, Practitioner, Kontakt, Profil).<\/p>\n<p>Sie k\u00f6nnen die Suche aber einschr\u00e4nken, indem Sie auf den Pfeil rechts neben der Lupe klicken und nicht gew\u00fcnschte Spalten f\u00fcr die Suche abw\u00e4hlen.<\/p>\n<p><\/div><\/p>\n<div class=\"col-md-4\"><\/p>\n<p><div class=\"content_block\" id=\"custom_post_widget-235\"><h2>Sie haben Fragen?<\/h2>\n<p>Nehmen Sie <a href=\"https:\/\/dgob.info\/kontakt\/\">Kontakt<\/a> mit uns auf<\/p>\n<p>Telefon +49 2236 5098816<br \/>\nE-Mail <a href=\"mailto:info@dgob.info\" target=\"_blank\" rel=\"noopener noreferrer\">info@dgob.info<\/a><\/p>\n<\/div><\/p>\n<h2>Informationen zur Ausbildung<\/h2>\n<p>Mehr Informationen zur Ortho-Bionomy-Ausbildung finden Sie unter <a href=\"https:\/\/dgob.info\/practitioner\/ausbildung\/\">Ausbildung\/Institute<\/a>.<\/p>\n<p><div class=\"content_block\" id=\"custom_post_widget-5169\"><h2>Ortho-Bionomy<sup>\u00ae<\/sup> \u2013 der Film<\/h2>\n<p>Unser Informationsfilm gibt einen authentischen Einblick in die Arbeitsweise der Practioner und erl\u00e4utert die Wirkungsweise der Ortho-Bionomy<sup>\u00ae<\/sup> n\u00e4her.<\/p>\n<p><a href=\"https:\/\/www.youtube.com\/watch?v=-1VYDHLZTLs\" target=\"_blank\" rel=\"noopener\">Informationsfilm<\/a> Ortho-Bionomy<sup>\u00ae<\/sup> (2:33 Minuten, auf Youtube)<\/p>\n<\/div><\/p>\n<p><\/div>\n<p><\/div><\/p>\n<p><table><thead><tr><th>Anschrift<\/th><th>Practitioner<\/th><th>Kontakt<\/th><th>Profil<\/th><\/tr><\/thead><tbody><tr><td>Eckst\u00e4dter Platz 9<\/br>06632 Freyburg (Unstrut)<\/br>Deutschland<\/td><td>Praxis<\/br><strong>Dr. med. Hans-Ulrich Wegner<\/strong><\/br>Privatarzt<\/td><td>M: +49 172 3410968<\/br>info@ortho-bionomy-germany.de<\/br><a target=\"_blank\" href=\"http:\/\/ortho-bionomy-germany.de\">http:\/\/ortho-bionomy-germany.de<\/a><\/td><td>Phase 6 (OBEAT)<\/br>Sprache(n): Deutsch, Englisch<\/td><\/tr><tr><td>Am Galgenberg 1A<\/br>14552 Langerwisch<\/br>Deutschland<\/td><td><strong>Silke Lauritsen<\/strong><\/br>\u00c4rztin<\/td><td>T: +49 33205 26872<\/br>lauritsen@mailbox.org<\/br><\/td><td>Phase 5 (OBEAT)<\/br>Sprache(n): Deutsch, Englisch<\/td><\/tr><tr><td>Julianenstra\u00dfe 18<\/br>31707 Bad Eilsen<\/br>Deutschland<\/td><td>Praxis f\u00fcr integrale Medizin<\/br><strong>Dr. med. Astrid Quack<\/strong><\/br>\u00c4rztin<\/td><td>T: +49 5722 892727<\/br>gesundheit@dr-astrid-quack.de<\/br><a target=\"_blank\" href=\"http:\/\/www.dr-astrid-quack.de\">http:\/\/www.dr-astrid-quack.de<\/a><\/td><td>Phase 4 (OBEAT)<\/br>Sprache(n): Deutsch, Englisch, Franz\u00f6sisch<\/td><\/tr><tr><td>Obere Str 27<\/br>32756 Detmold<\/br>Deutschland<\/td><td>Pfeifle Ergotherapie<\/br><strong>Eduard Pfeifle<\/strong><\/br>Ergotherapeut, Ortho-Bionomy Lehrer (Phase 4)<\/td><td>T: +49 5231 5009096<\/br>info@pfeifle-ergotherapie.de<\/br><\/td><td>Phase 4 (OBEAT)<\/br>Sprache(n): Deutsch, Englisch<\/td><\/tr><tr><td>Siegfriedstra\u00dfe 44<\/br>33615 Bielefeld<\/br>Deutschland<\/td><td><strong>Cordelia Freitag<\/strong><\/br>Heilpraktikerin<\/td><td>T: +49 521 1368575<\/br>ortho-bionomy@mailbox.org<\/br><a target=\"_blank\" href=\"http:\/\/www.ortho-bionomy-akademie.de\">http:\/\/www.ortho-bionomy-akademie.de<\/a><\/td><td>Phase 6 (OBEAT)<\/br>Sprache(n): Deutsch, Englisch<\/td><\/tr><tr><td>Florengasse 18<\/br>36043 Fulda<\/br>Deutschland<\/td><td>LifeArt Privatpraxis f\u00fcr Ortho-Bionomy\u00ae und Physiotherapie<\/br><strong>Stefan Andrecht<\/strong><\/br>Physiotherapeut<\/td><td>M: +49 179 5028882<\/br>stefsmt@web.de<\/br><a target=\"_blank\" href=\"http:\/\/www.lifeart-ob.de\">http:\/\/www.lifeart-ob.de<\/a><\/td><td>Phase 6 (OBEAT)<\/br>Sprache(n): Deutsch, Englisch, Franz\u00f6sisch<\/td><\/tr><tr><td>Grupellostra\u00dfe 11<\/br>40210 D\u00fcsseldorf<\/br>Deutschland<\/td><td>Heilpraktikerpraxis Sada Hilde Bist<\/br><strong>Sada Hilde Bist<\/strong><\/br>Heilpraktikerin<\/td><td>T: +49 211 8549714<\/br>F: +49 211 8549714<\/br>praxisbist@mac.com<\/br><\/td><td>Phase 6 (OBEAT)<\/br>Sprache(n): Deutsch, Englisch, Franz\u00f6sisch<\/td><\/tr><tr><td>Hauptstra\u00dfe 54<\/br>50259 Pulheim<\/br>Deutschland<\/td><td>Naturheilpraxis<\/br><strong>HP Dagmar M\u00fcsch<\/strong><\/br>Heilpraktikerin<\/td><td>M: +49 15253639501<\/br>dagmar.muesch@posteo.de<\/br><\/td><td>Phase 4 (OBEAT)<\/br>Sprache(n): Deutsch, Englisch<\/td><\/tr><tr><td>Wilhelmstra\u00dfe 34<\/br>56112 Lahnstein<\/br>Rheinland-Pfalz<\/td><td>Heilpraktikerpraxis<\/br><strong>Kurt M\u00f6lich<\/strong><\/br>Heilpraktiker<\/td><td>T: +49 2621 1899838<\/br>cranio-moelich@gmx.de<\/br><a target=\"_blank\" href=\"https:\/\/kurtmoelich.de\">https:\/\/kurtmoelich.de<\/a><\/td><td>Phase 6 (OBEAT)<\/br>Sprache(n): Deutsch, Englisch<\/td><\/tr><tr><td>Horster Str. 35<\/br>59075 Hamm<\/br>Deutschland<\/td><td>Praxis f\u00fcr Naturheilverfahren und Yoga<\/br><strong>C\u00e9cile Rohlmann<\/strong><\/br>Heilpraktikerin, Yogalehrerin<\/td><td>M: +49 17651433278<\/br>rohlmann@praxismu.de<\/br><\/td><td>Phase 4 (OBEAT)<\/br>Sprache(n): Deutsch, Englisch, Franz\u00f6sisch<\/td><\/tr><tr><td>Kochelseeweg 10<\/br>70378 Stuttgart<\/br>Deutschland<\/td><td><strong>Ute Isenberg-R\u00fcckold<\/strong><\/br>Physiotherapeutin und sektorale Heilpraktikerin f\u00fcr Physiotherapie<\/td><td>T: +49 711 54699<\/br>M: +49 171 6154488<\/br>ute-i-r@arcor.de<\/br><\/td><td>Phase 4 (OBEAT)<\/br>Sprache(n): Deutsch<\/td><\/tr><tr><td>Taubenstrasse 48<\/br>72108 Rottenburg a. N.<\/br>Deutschland<\/td><td><strong>Susanne Seidel<\/strong><\/br>Physiotherapeutin, Ortho-Bionomy, Reflexzonentherapie am Fu\u00df n.Marquardt<\/td><td>T: +49 7472 27411<\/br>F: +49 7472 27411<\/br>seidelsanni@t-online.de<\/br><\/td><td>Phase 6 (OBEAT)<\/br>Sprache(n): Deutsch, Englisch, Franz\u00f6sisch, Italienisch<\/td><\/tr><tr><td>Schlo\u00dfstra\u00dfe 22<\/br>74078 Heilbronn<\/br>Deutschland<\/td><td>Praxis f\u00fcr Krankengymnastik, Ortho-Bionomy und Reflexzonentherapie am Fu\u00df<\/br><strong>Ulrike Volk<\/strong><\/br>Krankengymnastin<\/td><td>T: +49 7066 9118072<\/br>F: +49 7066 9118071<\/br>UlrikeVolk@gmx.de<\/br><\/td><td>Phase 6 (OBEAT)<\/br>Sprache(n): Deutsch, Englisch<\/td><\/tr><tr><td>Gelbinger Gasse 11<\/br>74523 Schw\u00e4bisch Hall<\/br>Deutschland<\/td><td>Hebammenpraxis Hebammen und Mehr<\/br><strong>Kerstin Niklas<\/strong><\/br>Hebamme<\/td><td>T: +49 791 21698040<\/br>info@hebammen-und-mehr.de<\/br><a target=\"_blank\" href=\"http:\/\/www.hebammen-und-mehr.de\">http:\/\/www.hebammen-und-mehr.de<\/a><\/td><td>Phase 4 (OBEAT)<\/br>Sprache(n): Deutsch<\/td><\/tr><tr><td>Malschergasse 15<\/br>76669 Bad Sch\u00f6nborn<\/br>Deutschland<\/td><td>Privatpraxis f\u00fcr Ortho-Bionomy<\/br><strong>Ursula Schwarz<\/strong><\/br>Physiotherapeutin, Ortho-Bionomy Lehrerin (Phase 6)<\/td><td>T: +49 7253 955036<\/br>urs.schwarz@web.de<\/br><a target=\"_blank\" href=\"http:\/\/www.ortho-bionomy-akademie.de\">http:\/\/www.ortho-bionomy-akademie.de<\/a><\/td><td>Phase 6 (OBEAT)<\/br>Sprache(n): Deutsch, Englisch<\/td><\/tr><tr><td>Goethestra\u00dfe 23<\/br>89168 Niederstotzingen<\/br>Deutschland<\/td><td>Deutsches Institut f\u00fcr Ortho-Bionomy<\/br><strong>Christa Hegele-Mack<\/strong><\/br>Physiotherapeutin<\/td><td>M: +49 163 5241500<\/br><a target=\"_blank\" href=\"http:\/\/ortho-bionomy.de\">http:\/\/ortho-bionomy.de<\/a><\/td><td>Phase 6 (OBEAT)<\/br>Sprache(n): Deutsch, Englisch, Franz\u00f6sisch<\/td><\/tr><tr><td>G\u00e4nseriedstra\u00dfe 6<\/br>90475 N\u00fcrnberg<\/br>Deutschland<\/td><td><strong>Susanne Bauer<\/strong><\/br>Heilpraktikerin<\/td><td>T: +49 911 832196<\/br>heilpraktikerin.susanne@gmx.de<\/br><\/td><td>Phase 5 (OBEAT)<\/br>Sprache(n): Deutsch, Englisch<\/td><\/tr><tr><td>Steingr\u00e4blein 3<\/br>91227 Leinburg-Diepersdorf<\/br>Deutschland<\/td><td>Naturheilpraxis<\/br><strong>Angelika Raum<\/strong><\/br>Heilpraktikerin<\/td><td>T: +49 9120 182684<\/br>F: +49 9120 182634<\/br>M: +49 151 75062215 (nur beim Kurs dabei)<\/br>ob-schule@gmx.de<\/br><\/td><td>Phase 5 (OBEAT)<\/br>Sprache(n): Deutsch, Englisch<\/td><\/tr><tr><td>Kirchst\u00fcck 11<\/br>96472 R\u00f6dental<\/br>Deutschland<\/td><td><strong>Brigitte Osburg<\/strong><\/br>Physiotherapeutin<\/td><td>T: +49 9563 4570<\/br>F: +49 9563 307235<\/br>M: +49 172 8132053<\/br>info@orthobionomy-physiotherapie.de<\/br><a target=\"_blank\" href=\"http:\/\/www.orthobionomy-physiotherapie.de\">http:\/\/www.orthobionomy-physiotherapie.de<\/a><\/td><td>Phase 5 (OBEAT)<\/br>Sprache(n): Deutsch, Englisch, Italienisch<\/td><\/tr><tr><td>3075 Dunsmuir Rd <\/br>CAN V1H 1B3 Vernon BC<\/br>Canada<\/td><td><strong>Marie Long<\/strong><\/br><\/td><td>T: +1 250 5420763<\/br>marielong@shaw.ca<\/br><\/td><td>Phase 5 (OBAC)<\/br>Sprache(n): Englisch<\/td><\/tr><tr><td>755 Morrison Ave <\/br>CAN V1Y 5E6 Kelowna BC Canada<\/br>Canada<\/td><td><strong>Tanya Pauls<\/strong><\/br><\/td><td>tanyapauls@gmail.com<\/br><\/td><td>Phase 4 (SOBI)<\/br>Sprache(n): Englisch<\/td><\/tr><tr><td>Via Borgaccio 28<\/br>CH 6648 Minusio<\/br>Schweiz<\/td><td><strong>Margherita Brugger<\/strong><\/br><\/td><td>T: +41 91 7432132<\/br>bruggermargherita@hotmail.com<\/br><a target=\"_blank\" href=\"http:\/\/www.ortho-bionomy-ticino.ch\">http:\/\/www.ortho-bionomy-ticino.ch<\/a><\/td><td>Phase 7 (OBEAT)<\/br>Sprache(n): Deutsch, Englisch, Franz\u00f6sisch, Italienisch<\/td><\/tr><tr><td>49 Pear Tree Walk <\/br>GB EN7 6RG  Cheshunt, Hearts.<\/br>Great Britain<\/td><td><strong>Anne Pauls<\/strong><\/br><\/td><td>T: +44 1992 633604<\/br>annep49@yahoo.co.uk<\/br><\/td><td>Phase 4 (SOBI)<\/br>Sprache(n): Englisch<\/td><\/tr><tr><td>1023 Makamua St <\/br>USA 96793 Wailuku, HI<\/br>USA<\/td><td><strong>Zoee Crowley<\/strong><\/br><\/td><td>T: +1 808 2429162<\/br>Zoee@zoee.biz<\/br><\/td><td>Phase 7 (SOBI)<\/br>Sprache(n): Englisch<\/td><\/tr><tr><td>3927 Old Garwey Rd <\/br>USA 99114 Colville, WA<\/br>USA<\/td><td><strong>Terri Lee<\/strong><\/br><\/td><td>T: +1 509 6802961<\/br>SOLDANCIN@gmail.com<\/br><\/td><td>Phase 7 (SOBI)<\/br>Sprache(n): Englisch<\/td><\/tr><tr><td>2400 South Ocean Drive C 621<\/br>USA F34949 Fort Pierce FL<\/br>USA<\/td><td><strong>Luann Overmyer<\/strong><\/br><\/td><td>T: +1 772 3217700<\/br>luannovermyer@mac.com<\/br><a target=\"_blank\" href=\"http:\/\/www.luannovermyer.com\">http:\/\/www.luannovermyer.com<\/a><\/td><td>Phase 7 (SOBI)<\/br>Sprache(n): Englisch<\/td><\/tr><\/tbody><\/table><\/p>","protected":false},"excerpt":{"rendered":"","protected":false},"author":2,"featured_media":0,"parent":44,"menu_order":2,"comment_status":"closed","ping_status":"closed","template":"","meta":{"_acf_changed":false,"footnotes":""},"class_list":["post-513","page","type-page","status-publish","hentry"],"acf":[],"_links":{"self":[{"href":"https:\/\/dgob.info\/de\/wp-json\/wp\/v2\/pages\/513","targetHints":{"allow":["GET"]}}],"collection":[{"href":"https:\/\/dgob.info\/de\/wp-json\/wp\/v2\/pages"}],"about":[{"href":"https:\/\/dgob.info\/de\/wp-json\/wp\/v2\/types\/page"}],"author":[{"embeddable":true,"href":"https:\/\/dgob.info\/de\/wp-json\/wp\/v2\/users\/2"}],"replies":[{"embeddable":true,"href":"https:\/\/dgob.info\/de\/wp-json\/wp\/v2\/comments?post=513"}],"version-history":[{"count":7,"href":"https:\/\/dgob.info\/de\/wp-json\/wp\/v2\/pages\/513\/revisions"}],"predecessor-version":[{"id":5193,"href":"https:\/\/dgob.info\/de\/wp-json\/wp\/v2\/pages\/513\/revisions\/5193"}],"up":[{"embeddable":true,"href":"https:\/\/dgob.info\/de\/wp-json\/wp\/v2\/pages\/44"}],"wp:attachment":[{"href":"https:\/\/dgob.info\/de\/wp-json\/wp\/v2\/media?parent=513"}],"curies":[{"name":"wp","href":"https:\/\/api.w.org\/{rel}","templated":true}]}}