{"id":48,"date":"2017-04-13T12:33:35","date_gmt":"2017-04-13T10:33:35","guid":{"rendered":"https:\/\/dgob.info\/mitgliederbereich\/dgob-wissen\/"},"modified":"2020-04-08T14:51:06","modified_gmt":"2020-04-08T12:51:06","slug":"dgob-wissen","status":"publish","type":"page","link":"https:\/\/dgob.info\/de\/mitgliederbereich\/dgob-wissen\/","title":{"rendered":"DGOB Wissen"},"content":{"rendered":"<p><\/p>\n<h1>DGOB Wissen<\/h1>\n<h2>DGOB-Seminare<\/h2>\n<p>Die Ortho-Bionomy entwickelt sich best\u00e4ndig weiter. Dies dokumentieren auch die vielen Seminare, die es zu diesem Thema gibt. Wir m\u00f6chten dich an dieser Stelle darauf aufmerksam machen, welche M\u00f6glichkeiten zur Fort- und Weiterbildung es gibt.<\/p>\n<div class=\"panel-group\" id=\"accordion-1\"><br \/>\n<div class=\"panel panel-default\"><div class=\"panel-heading\"><h4 class=\"panel-title\"><a data-toggle=\"collapse\" data-parent=\"#accordion-1\" href=\"#collapse1\">Seminare im Rahmen der Jahrestagung<\/a><\/h4><\/div><div id=\"collapse1\" class=\"panel-collapse collapse\"><div class=\"panel-body\"><\/p>\n<p>Die allj\u00e4hrliche Mitgliederversammlung wird in der Regel um ein oder zwei Seminare erg\u00e4nzt. Wenn du an diesen Seminaren interessiert bist, findest du alle Informationen Bereich <a href=\"https:\/\/dgob.info\/mitgliederbereich\/dgob-direkt\/\">DGOB Direkt \/\/ Mitgliederversammlung\/Jahrestagung<\/a>.<\/p>\n<p><\/div><\/div><\/div><br \/>\n<div class=\"panel panel-default\"><div class=\"panel-heading\"><h4 class=\"panel-title\"><a data-toggle=\"collapse\" data-parent=\"#accordion-2\" href=\"#collapse2\">DGOB-Seminare au\u00dferhalb der Jahrestagung<\/a><\/h4><\/div><div id=\"collapse2\" class=\"panel-collapse collapse\"><div class=\"panel-body\"><\/p>\n<p>Es kommt nicht sehr h\u00e4ufig vor, aber es kommt vor: Seminare, die direkt von der DGOB angeboten werden, die nicht im Rahmen der Jahrestagung stattfinden. Diese Seminare k\u00fcndigen wir rechtzeitig in unserem <a href=\"https:\/\/dgob.info\/veranstaltung\/\">Veranstaltungskalender<\/a> und in <a href=\"https:\/\/dgob.info\/de\/aktuelles\/\">Aktuelles<\/a> an.<\/p>\n<p><\/div><\/div><\/div><br \/>\n<div class=\"panel panel-default\"><div class=\"panel-heading\"><h4 class=\"panel-title\"><a data-toggle=\"collapse\" data-parent=\"#accordion-3\" href=\"#collapse3\">Seminare, die DGOB-Mitglieder geben<\/a><\/h4><\/div><div id=\"collapse3\" class=\"panel-collapse collapse\"><div class=\"panel-body\"><\/p>\n<p>In unserem <a href=\"https:\/\/dgob.info\/veranstaltung\/\">Veranstaltungskalender<\/a> findest du vielf\u00e4ltige Seminare zum Thema \u201eOrtho-Bionomy\u201d. Wir geben die Seminare sehr sorgf\u00e4ltig ein \u2013 dennoch bitten wir dich, immer auch die Website des Veranstalters zu besuchen, da wir in unserem Veranstaltungskalender Terminverschiebungen, Ortsverlegungen o. \u00e4. nicht nachhalten.<\/p>\n<p>Um einen m\u00f6glichst umfassenden Service bieten zu k\u00f6nnen, sind wir auf deine tatkr\u00e4ftige Unterst\u00fctzung angewiesen. Daher unsere Bitte: Schick uns dein Kurs- und Seminarangebot sowie Termine und Vortr\u00e4ge. Wir ver\u00f6ffentlichen diese Termine auf der DGOB-Website in unserem <a href=\"https:\/\/dgob.info\/veranstaltung\/\">Veranstaltungskalender<\/a>.<\/p>\n<p>Bitte nutze f\u00fcr unseren Seminar-Service unser Semniaranmeldungs-Formular. Schicke das ausgef\u00fcllte Formular bitte an die E-MailAdresse <a href=\"mailto:seminare@dgob.info\" target=\"_blank\" rel=\"noopener noreferrer\">seminare@dgob.info<\/a>. Du kannst das Anmeldeformular auch am Computer ausf\u00fcllen, dann ausdrucken, unterschreiben und an uns faxen.<\/p>\n<p><div class=\"content_block\" id=\"custom_post_widget-1067\"><ul>\n<li><a href=\"https:\/\/dgob.info\/wp-content\/uploads\/2017\/07\/DGOB_Anmeldeformular_Seminare_DOCX_07_2017.docx\" target=\"_blank\" rel=\"noopener\">Formular zur Seminaranmeldung \u2013 Word-Dokument f\u00fcr die Anmeldung von Einzelseminaren (docx)<\/a><\/li>\n<li><a href=\"https:\/\/dgob.info\/wp-content\/uploads\/2017\/09\/DGOB_Anmeldeformular_Seminare_XLSX_09_2017.xlsx\" target=\"_blank\" rel=\"noopener\">Formular zur Seminaranmeldung \u2013 Excel-Dokument f\u00fcr die Anmeldung von mehreren Seminaren (xlxs)<\/a><\/li>\n<\/ul>\n<\/div><\/p>\n<p><\/div><\/div><\/div><\/p>\n<p><\/div>\n<h2>Work in progress\/Projekte<\/h2>\n<p>Die DGOB ist ein Verband, der in Bewegung ist. Daher findest du an dieser Stelle Informationen, \u00fcber die wir aktuell diskutieren oder in der Vergangenheit diskutiert haben sowie Ortho-Bionomy-Projekte von Mitgliedern. Diskussionen und Projekte hinterlegen wir in der Regel in Form von pdfs, die heruntergeladen werden k\u00f6nnen.<\/p>\n<div class=\"panel-group\" id=\"accordion-2\"><br \/>\n<div class=\"panel panel-default\"><div class=\"panel-heading\"><h4 class=\"panel-title\"><a data-toggle=\"collapse\" data-parent=\"#accordion-4\" href=\"#collapse4\">Aktuelle Diskussionen\/Projekte<\/a><\/h4><\/div><div id=\"collapse4\" class=\"panel-collapse collapse\"><div class=\"panel-body\"><\/p>\n<p><a href=\"https:\/\/dgob.info\/wp-content\/uploads\/2020\/04\/Phase-7-Projekt-_Update_26.03.20.pdf\">Phase 7 Projekt (pdf)<\/a>\u00a0&#8211; Update 26.03.20<\/p>\n<p><\/div><\/div><\/div><br \/>\n<div class=\"panel panel-default\"><div class=\"panel-heading\"><h4 class=\"panel-title\"><a data-toggle=\"collapse\" data-parent=\"#accordion-5\" href=\"#collapse5\">\u00c4ltere Diskussionen\/Projekte<\/a><\/h4><\/div><div id=\"collapse5\" class=\"panel-collapse collapse\"><div class=\"panel-body\"><\/p>\n<p><a href=\"https:\/\/dgob.info\/wp-content\/uploads\/2017\/05\/AKTUELLES-2016-Brainstorming-Ortho-Bionomy-14-02-2016.pdf\">Brainstorming Ortho-Bionomy (pdf)<\/a><\/p>\n<p><\/div><\/div><\/div><br \/>\n<\/div>\n<h2>Interessante Links<\/h2>\n<p>Wir haben eine Reihe von Links zusammengestellt, die zu <a href=\"https:\/\/dgob.info\/practitioner\/links\/\">Partnerverb\u00e4nden<\/a> f\u00fchren oder in einem anderen Zusammenhang zur Ortho-Bionomy stehen. Des Weiteren f\u00fchren wir Links zu <a href=\"https:\/\/dgob.info\/practitioner\/ausbildung\/\">Ausbildungsinstituten<\/a> auf, die Ortho-Bionomy lehren.<\/p>\n<p>Wir weisen bereits an dieser Stelle darauf hin, dass wir die Inhalte der von uns angegebenen Internetpr\u00e4senzen nicht beeinflussen k\u00f6nnen. Sollte der dort aufgef\u00fchrte Inhalt falsch sein oder gegen die guten Sitten versto\u00dfen, dann bitten wir, uns dies mitzuteilen, damit wir den Verweis gegebenenfalls von unserer Website l\u00f6schen k\u00f6nnen.<\/p>\n<h2>Literaturliste<\/h2>\n<p>In unserer <a href=\"https:\/\/dgob.info\/practitioner\/literatur\/\">Literaturliste<\/a> findest du jede Menge Informationen zum Thema Ortho-Bionomy. Solltest du ein Buch in dieser Liste vermissen, dann wende dich an uns. Wir pr\u00fcfen dann gerne, ob wir es in unsere Liste aufnehmen k\u00f6nnen.<\/p>\n<h2>SOBI-Newsletter<\/h2>\n<p>Die DGOB ist Mitglied in der <a href=\"http:\/\/www.ortho-bionomy.org\/\">Society of Ortho-Bionomy<sup>\u00ae<\/sup> International (SOBI)<\/a>. Die Newsletter der SOBI findest du hier.<\/p>\n<p><div class=\"panel-group\" id=\"accordion-3\"><br \/>\n<div class=\"panel panel-default\"><div class=\"panel-heading\"><h4 class=\"panel-title\"><a data-toggle=\"collapse\" data-parent=\"#accordion-6\" href=\"#collapse6\">SOBI-Newsletter<\/a><\/h4><\/div><div id=\"collapse6\" class=\"panel-collapse collapse\"><div class=\"panel-body\"><\/p>\n<p><a href=\"https:\/\/dgob.info\/wp-content\/uploads\/2018\/01\/2017-12-SOBI-Newsletter-Oktober-Dezember.pdf\" target=\"_blank\" rel=\"noopener noreferrer\">2017-12 &#8211; SOBI-Newsletter October-Dezember<\/a><\/p>\n<p><a href=\"https:\/\/dgob.info\/wp-content\/uploads\/2017\/09\/2017-07-SOBI-Newsletter-Juli-August.pdf\" target=\"_blank\" rel=\"noopener noreferrer\">2017-07 &#8211; SOBI-Newsletter July-August<\/a><\/p>\n<p><a href=\"https:\/\/dgob.info\/wp-content\/uploads\/2017\/09\/2017-01-SOBI-Newsletter-January.pdf\" target=\"_blank\" rel=\"noopener noreferrer\">2017-01 &#8211; SOBI-Newsletter January<\/a><\/p>\n<p><a href=\"https:\/\/dgob.info\/wp-content\/uploads\/2017\/09\/2016-10-SOBI-Newsletter-October.pdf\" target=\"_blank\" rel=\"noopener noreferrer\">2016-10 &#8211; SOBI-Newsletter October<\/a><\/p>\n<p><a href=\"https:\/\/dgob.info\/wp-content\/uploads\/2017\/09\/2016-04-SOBI-Newsletter-April.pdf\" target=\"_blank\" rel=\"noopener noreferrer\">2016-04 &#8211; SOBI-Newsletter April<\/a><\/p>\n<p><a href=\"https:\/\/dgob.info\/wp-content\/uploads\/2017\/09\/2010-10-SOBI-Newsletter-October.pdf\" target=\"_blank\" rel=\"noopener noreferrer\">2010-10 &#8211; SOBI-Newsletter October<\/a><\/p>\n<p><a href=\"https:\/\/dgob.info\/wp-content\/uploads\/2017\/09\/2010-07-SOBI-Newsletter-July.pdf\" target=\"_blank\" rel=\"noopener noreferrer\">2010-07 &#8211; SOBI-Newsletter July<\/a><\/p>\n<p><a href=\"https:\/\/dgob.info\/wp-content\/uploads\/2017\/09\/2010-04-SOBI-Newsletter-April.pdf\" target=\"_blank\" rel=\"noopener noreferrer\">2010-04 &#8211; SOBI-Newsletter April<\/a><\/p>\n<p><a href=\"https:\/\/dgob.info\/wp-content\/uploads\/2017\/09\/2010-01-SOBI-Newsletter-January.pdf\" target=\"_blank\" rel=\"noopener noreferrer\">2010-01 &#8211; SOBI-Newsletter January<\/a><\/p>\n<p><a href=\"https:\/\/dgob.info\/wp-content\/uploads\/2017\/09\/2009-04-SOBI-Newsletter-April.pdf\" target=\"_blank\" rel=\"noopener noreferrer\">2009-04 &#8211; SOBI-Newsletter April<\/a><\/p>\n<p><a href=\"https:\/\/dgob.info\/wp-content\/uploads\/2017\/09\/2009-01-SOBI-Newsletter-January.pdf\" target=\"_blank\" rel=\"noopener noreferrer\">2009-01 &#8211; SOBI-Newsletter January<\/a><\/p>\n<p><a href=\"https:\/\/dgob.info\/wp-content\/uploads\/2017\/09\/2008-10-SOBI-Newsletter-October.pdf\" target=\"_blank\" rel=\"noopener noreferrer\">2008-10 &#8211; SOBI-Newsletter October<\/a><\/p>\n<p><a href=\"https:\/\/dgob.info\/wp-content\/uploads\/2017\/09\/2008-07-SOBI-Newsletter-July.pdf\" target=\"_blank\" rel=\"noopener noreferrer\">2008-07 &#8211; SOBI-Newsletter July<\/a><\/p>\n<p><a href=\"https:\/\/dgob.info\/wp-content\/uploads\/2017\/09\/2008-04-SOBI-Newsletter-April.pdf\" target=\"_blank\" rel=\"noopener noreferrer\">2008-04 &#8211; SOBI-Newsletter April<\/a><\/p>\n<p><a href=\"https:\/\/dgob.info\/wp-content\/uploads\/2017\/09\/2008-01-SOBI-Newsletter-January.pdf\" target=\"_blank\" rel=\"noopener noreferrer\">2008-01 &#8211; SOBI-Newsletter January<\/a><\/p>\n<p><a href=\"https:\/\/dgob.info\/wp-content\/uploads\/2017\/09\/2007-10-SOBI-Newsletter-October.pdf\" target=\"_blank\" rel=\"noopener noreferrer\">2007-10 &#8211; SOBI-Newsletter October<\/a><\/p>\n<p><a href=\"https:\/\/dgob.info\/wp-content\/uploads\/2017\/09\/2007-07-SOBI-Newsletter-July.pdf\" target=\"_blank\" rel=\"noopener noreferrer\">2007-07 &#8211; SOBI-Newsletter July<\/a><\/p>\n<p><a href=\"https:\/\/dgob.info\/wp-content\/uploads\/2017\/09\/2007-04-SOBI-Newsletter-April.pdf\" target=\"_blank\" rel=\"noopener noreferrer\">2007-04 &#8211; SOBI-Newsletter April<\/a><\/p>\n<p><a href=\"https:\/\/dgob.info\/wp-content\/uploads\/2017\/09\/2007-01-SOBI-Newsletter-January.pdf\" target=\"_blank\" rel=\"noopener noreferrer\">2007-01 &#8211; SOBI-Newsletter January<\/a><\/p>\n<p><\/div><\/div><\/div><br \/>\n<\/div><\/p>","protected":false},"excerpt":{"rendered":"<p>DGOB Wissen DGOB-Seminare Die Ortho-Bionomy entwickelt sich best\u00e4ndig weiter. Dies dokumentieren auch die vielen Seminare, die es zu diesem Thema gibt. Wir m\u00f6chten dich an dieser Stelle darauf aufmerksam machen, [&hellip;]<\/p>\n","protected":false},"author":372,"featured_media":0,"parent":6,"menu_order":2,"comment_status":"closed","ping_status":"closed","template":"mitgliederbereich.php","meta":{"_acf_changed":false,"footnotes":""},"class_list":["post-48","page","type-page","status-publish","hentry"],"acf":[],"_links":{"self":[{"href":"https:\/\/dgob.info\/de\/wp-json\/wp\/v2\/pages\/48","targetHints":{"allow":["GET"]}}],"collection":[{"href":"https:\/\/dgob.info\/de\/wp-json\/wp\/v2\/pages"}],"about":[{"href":"https:\/\/dgob.info\/de\/wp-json\/wp\/v2\/types\/page"}],"author":[{"embeddable":true,"href":"https:\/\/dgob.info\/de\/wp-json\/wp\/v2\/users\/372"}],"replies":[{"embeddable":true,"href":"https:\/\/dgob.info\/de\/wp-json\/wp\/v2\/comments?post=48"}],"version-history":[{"count":5,"href":"https:\/\/dgob.info\/de\/wp-json\/wp\/v2\/pages\/48\/revisions"}],"predecessor-version":[{"id":3903,"href":"https:\/\/dgob.info\/de\/wp-json\/wp\/v2\/pages\/48\/revisions\/3903"}],"up":[{"embeddable":true,"href":"https:\/\/dgob.info\/de\/wp-json\/wp\/v2\/pages\/6"}],"wp:attachment":[{"href":"https:\/\/dgob.info\/de\/wp-json\/wp\/v2\/media?parent=48"}],"curies":[{"name":"wp","href":"https:\/\/api.w.org\/{rel}","templated":true}]}}