{"id":47,"date":"2017-04-13T12:33:35","date_gmt":"2017-04-13T10:33:35","guid":{"rendered":"https:\/\/dgob.info\/mitgliederbereich\/dgob-unterstuetzung\/"},"modified":"2026-03-10T16:56:30","modified_gmt":"2026-03-10T15:56:30","slug":"dgob-unterstuetzung","status":"publish","type":"page","link":"https:\/\/dgob.info\/de\/mitgliederbereich\/dgob-unterstuetzung\/","title":{"rendered":"DGOB Unterst\u00fctzung"},"content":{"rendered":"<p><\/p>\n<h1>DGOB Unterst\u00fctzung<\/h1>\n<h2>F\u00f6rderprogramm<\/h2>\n<p>Seit September 2024 f\u00f6rdert die DGOB Practitioner-Anw\u00e4rterInnen (F\u00f6rderprogamm 2). Die DGOB erm\u00f6glicht Practitioner-Anw\u00e4rterInnen die Teilnahme an den von ihr ausgerichteten, mehrt\u00e4gigen Seminaren zu einem subventionierten Preis von 50\u20ac\/Tag. Voraussetzung ist die Mitgliedschaft in der DGOB. Die F\u00f6rderung wird maximal dreimal je Practitioner-Anw\u00e4rterIn gew\u00e4hrt.<\/p>\n<p>Seit September 2013 f\u00f6rdert die DGOB Ver\u00f6ffentlichungen in Printmedien \u00fcber Ortho-Bionomy. Ziel ist es, die \u00f6ffentliche Wahrnehmung f\u00fcr die Ortho-Bionomy zu sch\u00e4rfen. \u00dcber die genauen Inhalte und wie diese F\u00f6rderung in Anspruch genommen werden kann, kannst du dich mittels unserer <a href=\"https:\/\/dgob.info\/wp-content\/uploads\/2017\/04\/DGOB-Forderprogramm-Leitlinien.pdf\">Leitlinien f\u00fcr das DGOB F\u00f6rderprogramm (pdf)<\/a> informieren.<\/p>\n<p>Einige bereits ver\u00f6ffentliche Artikel stellen wir dir hier vor. Diese sollen als Ansporn f\u00fcr eigene Artikel dienen.<\/p>\n<p>Vielen Dank f\u00fcr die Beitr\u00e4ge!<\/p>\n<div class=\"panel-group\" id=\"accordion-1\"><br \/>\n<div class=\"panel panel-default\"><div class=\"panel-heading\"><h4 class=\"panel-title\"><a data-toggle=\"collapse\" data-parent=\"#accordion-1\" href=\"#collapse1\">Gef\u00f6rderte Ver\u00f6ffentlichungen<\/a><\/h4><\/div><div id=\"collapse1\" class=\"panel-collapse collapse\"><div class=\"panel-body\"><\/p>\n<ul>\n<li><a href=\"https:\/\/dgob.info\/wp-content\/uploads\/2019\/05\/Presse_2019_Treffert_Barbara_M\u00e4rz.pdf\">Schmerzfrei und beweglich leben (pdf)<\/a>&#8211; Barbara Treffert ( 2019)<\/li>\n<li><a href=\"https:\/\/dgob.info\/wp-content\/uploads\/2017\/11\/Presse_2017_Doerr_Annegret_Schmerzfrei.pdf\" target=\"_blank\" rel=\"noopener noreferrer\">Schmerzfrei und beweglich leben (pdf)<\/a>\u00a0\u2013 Annegret D\u00f6rr (2017)<\/li>\n<li><a href=\"https:\/\/dgob.info\/wp-content\/uploads\/2017\/04\/PRESSE_2017_Thomas_Ortho-Bionomy.pdf\" target=\"_blank\" rel=\"noopener noreferrer\">Ortho-Bionomy (pdf)<\/a> \u2013 Stefan Thomas (2017)<\/li>\n<li><a href=\"https:\/\/dgob.info\/wp-content\/uploads\/2017\/04\/Presse_2016_Leuschner-Schmerzfrei.pdf\">Schmerzfrei und beweglich leben mit Ortho-Bionomy (pdf)<\/a> \u2013 Detlev Leuschner (2016), als <a href=\"http:\/\/duesseldorf.vitaguide-magazin.de\/2016\/06\/22\/schmerzfrei-und-beweglich-leben-mit-ortho-bionomy\/\" target=\"_blank\" rel=\"noopener noreferrer\">Online-Version<\/a><\/li>\n<li><a href=\"https:\/\/dgob.info\/wp-content\/uploads\/2017\/04\/Presse_2014_Ruehr-Balance.pdf\">Leben in Balance (pdf)<\/a> \u2013 Barbara Opala-R\u00fchr, Hans R\u00fchr (2014)<\/li>\n<li><a href=\"https:\/\/dgob.info\/wp-content\/uploads\/2017\/04\/Presse_2014_Treffert_Beschwerden.pdf\">Hilfe bei Beschwerden (pdf)<\/a> \u2013 Barbara Treffert (2014)<\/li>\n<li><a href=\"https:\/\/dgob.info\/wp-content\/uploads\/2017\/04\/Presse_2013_Treffert-Selbstheilungskraefte-ZewenerZeitung.pdf\">Mit Ortho-Bionomy die Selbstheilungskr\u00e4fte aktivieren (pdf)<\/a> \u2013 Barbara Treffert (2013)<\/li>\n<\/ul>\n<p><\/div><\/div><\/div><\/p>\n<p><div class=\"panel panel-default\"><div class=\"panel-heading\"><h4 class=\"panel-title\"><a data-toggle=\"collapse\" data-parent=\"#accordion-2\" href=\"#collapse2\">Ver\u00f6ffentlichungen, die nicht gef\u00f6rdert wurden<\/a><\/h4><\/div><div id=\"collapse2\" class=\"panel-collapse collapse\"><div class=\"panel-body\"><\/p>\n<p>Da wir uns freuen, wenn \u00fcber unsere Arbeit geschrieben wird, f\u00fchren wir hier auch Beitr\u00e4ge auf, die ohne F\u00f6rderma\u00dfnahmen erschienen sind.<\/p>\n<ul>\n<li><a href=\"https:\/\/dgob.info\/wp-content\/uploads\/2017\/12\/Presse_2017_Schwarz_Lanz_Ortho-Bionomy-ein-neues-Therapiekonzept-stellt-sich-vor.pdf\" target=\"_blank\" rel=\"noopener noreferrer\">Ortho-Bionomy \u2013 ein neues Therapiekonzept stellt sich vor (pdf)<\/a> \u2013 Ursula Schwarz, Petra Lanz (2017)<\/li>\n<\/ul>\n<p><\/div><\/div><\/div><br \/>\n<\/div>\n<h2>Vortr\u00e4ge<\/h2>\n<p><span class=\"Y2IQFc\" lang=\"de\">Dieser Abschnitt enth\u00e4lt vorformulierte Vortr\u00e4ge, die sich an unterschiedliche Zielgruppen richten und als Inspiration f\u00fcr Ihre eigenen Vortr\u00e4ge dienen. Die Probevorlesungen sind derzeit nur in deutscher Sprache verf\u00fcgbar.<\/span><\/p>\n<ul>\n<li><a href=\"https:\/\/dgob.info\/wp-content\/uploads\/2017\/04\/DGOB-Vortrag-zielgruppe-jedermann-jedefrau.pdf\" target=\"_blank\" rel=\"noopener noreferrer\">Vortrag richtet sich an Jederfrau\/Jedermann (pdf)<\/a><\/li>\n<li><a href=\"https:\/\/dgob.info\/wp-content\/uploads\/2017\/04\/DGOB-Vortrag-zielgruppe-unternehmen.pdf\" target=\"_blank\" rel=\"noopener noreferrer\">Vortrag richtet sich an Unternehmen (pdf)<\/a><\/li>\n<\/ul>\n<h2>Tipps f\u00fcr Unternehmensf\u00fchrung und Existenzgr\u00fcndung<\/h2>\n<h2>Petra Welz<\/h2>\n<p><strong>Geld &amp; Rosen<\/strong><br \/>\nUnternehmensberatung \u00b7 Coaching \u00b7 Supervision \u00b7 Moderation<\/p>\n<p>Oberbilker Allee 6<br \/>\n40215 D\u00fcsseldorf<br \/>\nTel. 0211-933 71 848<\/p>\n<p><a href=\"mailto:info@petrawelz.de\">info@petrawelz.de<\/a><\/p>\n<p><a href=\"https:\/\/www.geldundrosen.petrawelz.de\/\" target=\"_blank\" rel=\"noopener\">https:\/\/www.geldundrosen.petrawelz.de\/<\/a><\/p>\n<p><div class=\"panel-group\" id=\"accordion-2\"><br \/>\n<div class=\"panel panel-default\"><div class=\"panel-heading\"><h4 class=\"panel-title\"><a data-toggle=\"collapse\" data-parent=\"#accordion-3\" href=\"#collapse3\">Unternehmer Tipps von Geld &amp; Rosen<\/a><\/h4><\/div><div id=\"collapse3\" class=\"panel-collapse collapse\"><div class=\"panel-body\"><\/p>\n<p>\u00c4ltere Artikel<\/p>\n<p>Unternehmer Tipps von Geld &amp; Rosen<\/p>\n<p>Geld &amp; Rosen, eine Unternehmensberatung, ist Partnerorganisation der DGOB. In dieser Rubrik wurden Dokumente von Geld &amp; Rosen ver\u00f6ffentlicht. Zurzeit werden keine neuen Dokumente ver\u00f6ffentlicht. Diese Dokumente sind nur in deutscher Sprache verf\u00fcgbar. Bei inhaltlichen Fragen zu den in diesen Dokumenten enthaltenen Informationen \u2013 insbesondere zur G\u00fcltigkeit gesetzlicher Vorgaben \u2013 wenden Sie sich bitte an Geld &amp; Rosen.<\/p>\n<p><a href=\"https:\/\/dgob.info\/wp-content\/uploads\/2020\/04\/Geld-und-Rosen-Umsatzsteuer-M\u00e4rz-2020.pdf\">Geld-&amp; Rosen, Umsatzsteuer 2020 (pdf)<\/a><\/p>\n<p><a href=\"https:\/\/dgob.info\/wp-content\/uploads\/2018\/01\/Geld-und-Rosen-Rechnung-und-Quittung-2018.pdf\">Geld &amp; Rosen, Rechnung und Quittung 2018 (pdf)<\/a><\/p>\n<p><a href=\"https:\/\/dgob.info\/wp-content\/uploads\/2017\/04\/Geld-und-Rosen-Ortho-Bionomy-Gewerbe-Freier-Beruf-2017.pdf\">Geld &amp; Rosen, Ortho-Bionomy, Gewerbe, Freier Beruf 2017 (pdf)<\/a><\/p>\n<p><a href=\"https:\/\/dgob.info\/wp-content\/uploads\/2017\/04\/Geld-und-Rosen-Info-Flyer-2017.pdf\">Geld &amp; Rosen, Info-Flyer 2017 (pdf)<\/a><\/p>\n<p><a href=\"https:\/\/dgob.info\/wp-content\/uploads\/2017\/04\/Geld-und-Rosen-Netzwerken-als-Marketingstrategie-2016.pdf\">Geld &amp; Rosen, Netzwerken als Marketingstrategie 2016 (pdf)<\/a><\/p>\n<p><a href=\"https:\/\/dgob.info\/wp-content\/uploads\/2017\/04\/Geld-und-Rosen-Preisgestaltung-und-preiskalkulation-2014.pdf\">Geld &amp; Rosen, Preisgestaltung und Preiskalkulation 2014 (pdf)<\/a><\/p>\n<p><a href=\"https:\/\/dgob.info\/wp-content\/uploads\/2017\/04\/Geld-und-Rosen-Neuigkeiten-2013.pdf\">Geld &amp; Rosen, Neuigkeiten 2013 (pdf)<\/a><\/p>\n<p><a href=\"https:\/\/dgob.info\/wp-content\/uploads\/2017\/04\/Geld-und-Rosen-Ortho-Bionomy-Reform-HWG-2013.pdf\">Geld &amp; Rosen, Ortho-Bionomy, Reform HWG 2013 (pdf)<\/a><\/p>\n<p><a href=\"https:\/\/dgob.info\/wp-content\/uploads\/2017\/04\/Geld-und-Rosen-Ortho-Bionomy-Kooperationen-und-Netzwerke-2012.pdf\">Geld &amp; Rosen, Kooperation und Netzwerke 2012 (pdf)<\/a><\/p>\n<p><a href=\"https:\/\/dgob.info\/wp-content\/uploads\/2017\/04\/Geld-und-Rosen-Vorteile-und-Besonderheiten-Teilzeitselbstaendigkeit-2012.pdf\">Geld &amp; Rosen, Vorteile und Besonderheiten, Teilzeitselbstaendigkeit 2012 (pdf)<\/a><\/p>\n<p><a href=\"https:\/\/dgob.info\/wp-content\/uploads\/2017\/04\/Geld-und-Rosen-Ortho-Bionomy-Artikel-Innerer-Zerriss-2011.pdf\">Geld &amp; Rosen, Vom inneren Zerriss mit der Selbstst\u00e4ndigkeit 2011 (pdf)<\/a><\/p>\n<p><a href=\"https:\/\/dgob.info\/wp-content\/uploads\/2017\/04\/Geld-und-Rosen-Dienstleistungsrichtlinie-und-Telemediengesetz-2011.pdf\">Geld &amp; Rosen, Dienstleistungs-Informationspflichten-Verordnung und Telemediengesetz 2011 (pdf)<\/a><\/p>\n<p><a href=\"https:\/\/dgob.info\/wp-content\/uploads\/2017\/04\/Geld-und-Rosen-Seminartermine-2011.pdf\">Geld &amp; Rosen, Seminartermine 2011 (pdf)<\/a><\/p>\n<p><a href=\"https:\/\/dgob.info\/wp-content\/uploads\/2017\/04\/Geld-und-Rosen-Ortho-Bionomy-Arbeiten-zu-Hause-2010.pdf\">Geld &amp; Rosen, Ortho-Bionomy, Arbeiten zu Hause 2010 (pdf)<\/a><\/p>\n<p><a href=\"https:\/\/dgob.info\/wp-content\/uploads\/2017\/04\/Geld-und-Rosen-Ortho-Bionomy-Ausbildungskosten-2010.pdf\">Geld &amp; Rosen, Ortho-Bionomy, Ausbildungskosten 2010 (pdf)<\/a><\/p>\n<p><a href=\"https:\/\/dgob.info\/wp-content\/uploads\/2017\/04\/Geld-und-Rosen-AGBs-Ortho-Bionomy-2009.pdf\">Geld &amp; Rosen, AGBs Ortho-Bionomy 2009 (pdf)<\/a><\/p>\n<p><a href=\"https:\/\/dgob.info\/wp-content\/uploads\/2017\/04\/Geld-und-Rosen-Angebot-an-Kooporganisationen.pdf\">Geld &amp; Rosen, Angebot an Kooporganisationen (pdf)<\/a><\/p>\n<p><a href=\"https:\/\/dgob.info\/wp-content\/uploads\/2017\/04\/Geld-und-Rosen-Arbeitslosenversicherung.pdf\">Geld &amp; Rosen, Arbeitslosenversicherung (pdf)<\/a><\/p>\n<p><a href=\"https:\/\/dgob.info\/wp-content\/uploads\/2017\/04\/Geld-und-Rosen-Beratungsfoerderung.pdf\">Geld &amp; Rosen, Beratungsfoerderung (pdf)<\/a><\/p>\n<p><a href=\"https:\/\/dgob.info\/wp-content\/uploads\/2017\/04\/Geld-und-Rosen-Betriebskosten.pdf\">Geld &amp; Rosen, Betriebskosten (pdf)<\/a><\/p>\n<p><a href=\"https:\/\/dgob.info\/wp-content\/uploads\/2017\/04\/Geld-und-Rosen-Betriebspruefung.pdf\">Geld &amp; Rosen, Betriebspruefung (pdf)<\/a><\/p>\n<p><a href=\"https:\/\/dgob.info\/wp-content\/uploads\/2017\/04\/Geld-und-Rosen-GEMA-und-GEZ.pdf\">Geld &amp; Rosen, GEMA und GEZ (pdf)<\/a><\/p>\n<p><a href=\"https:\/\/dgob.info\/wp-content\/uploads\/2017\/04\/Geld-und-Rosen-Krankengeldversicherung.pdf\">Geld &amp; Rosen, Krankengeldversicherung (pdf)<\/a><\/p>\n<p><a href=\"https:\/\/dgob.info\/wp-content\/uploads\/2017\/04\/Geld-und-Rosen-Marketing.pdf\">Geld &amp; Rosen, Marketing (pdf)<\/a><\/p>\n<p><\/div><\/div><\/div><br \/>\n<\/div><\/p>","protected":false},"excerpt":{"rendered":"<p>DGOB Unterst\u00fctzung F\u00f6rderprogramm Seit September 2024 f\u00f6rdert die DGOB Practitioner-Anw\u00e4rterInnen (F\u00f6rderprogamm 2). Die DGOB erm\u00f6glicht Practitioner-Anw\u00e4rterInnen die Teilnahme an den von ihr ausgerichteten, mehrt\u00e4gigen Seminaren zu einem subventionierten Preis von [&hellip;]<\/p>\n","protected":false},"author":372,"featured_media":0,"parent":6,"menu_order":1,"comment_status":"closed","ping_status":"closed","template":"mitgliederbereich.php","meta":{"_acf_changed":false,"footnotes":""},"class_list":["post-47","page","type-page","status-publish","hentry"],"acf":[],"_links":{"self":[{"href":"https:\/\/dgob.info\/de\/wp-json\/wp\/v2\/pages\/47","targetHints":{"allow":["GET"]}}],"collection":[{"href":"https:\/\/dgob.info\/de\/wp-json\/wp\/v2\/pages"}],"about":[{"href":"https:\/\/dgob.info\/de\/wp-json\/wp\/v2\/types\/page"}],"author":[{"embeddable":true,"href":"https:\/\/dgob.info\/de\/wp-json\/wp\/v2\/users\/372"}],"replies":[{"embeddable":true,"href":"https:\/\/dgob.info\/de\/wp-json\/wp\/v2\/comments?post=47"}],"version-history":[{"count":79,"href":"https:\/\/dgob.info\/de\/wp-json\/wp\/v2\/pages\/47\/revisions"}],"predecessor-version":[{"id":5802,"href":"https:\/\/dgob.info\/de\/wp-json\/wp\/v2\/pages\/47\/revisions\/5802"}],"up":[{"embeddable":true,"href":"https:\/\/dgob.info\/de\/wp-json\/wp\/v2\/pages\/6"}],"wp:attachment":[{"href":"https:\/\/dgob.info\/de\/wp-json\/wp\/v2\/media?parent=47"}],"curies":[{"name":"wp","href":"https:\/\/api.w.org\/{rel}","templated":true}]}}