{"id":44,"date":"2017-04-13T12:02:33","date_gmt":"2017-04-13T10:02:33","guid":{"rendered":"https:\/\/dgob.info\/?page_id=44"},"modified":"2024-03-28T09:21:44","modified_gmt":"2024-03-28T08:21:44","slug":"practitioner","status":"publish","type":"page","link":"https:\/\/dgob.info\/de\/practitioner\/","title":{"rendered":"Practitioner"},"content":{"rendered":"<p><div class=\"row\"><br \/>\n<div class=\"col-md-8\"><\/p>\n<h1>Eine Ausbildung nach Ma\u00df<\/h1>\n<p>Gerne informieren wir alle Interessierten \u00fcber die Ortho-Bionomy-Methode. Vortr\u00e4ge und Einf\u00fchrungskurse geben grundlegende Informationen.<\/p>\n<p>Auch die Ausbildung steht allen Interessierten offen. Wenn Sie eine <a href=\"https:\/\/dgob.info\/practitioner\/ausbildung\/\">Ausbildung<\/a> anstreben bzw. noch am Anfang der Ausbildung zum Ortho-Bionomy-Practitioner stehen, ist es wichtig zu wissen, dass die Ortho-Bionomy-Ausbildung in Europa mit dem Zertifikat zum anerkannten Ortho-Bionomy-Practitioner nach den Richtlinien der <a href=\"http:\/\/www.ortho-bionomy.eu\" target=\"_blank\" rel=\"noopener noreferrer\">Ortho-Bionomy<sup>\u00ae<\/sup> European Association of Teachers (OBEAT)<\/a> abschlie\u00dft. Diese Ausbildung k\u00f6nnen Sie nur bei anerkannten Lehrern absolvieren.<\/p>\n<h2>Fachlicher Austausch mit Kollegen<\/h2>\n<p>In von zertifizierten Practitionern und Lehrern angebotenen Arbeitskreisen k\u00f6nnen Sie Ihren Kenntnisstand zur Ortho-Bionomy vertiefen. Veranstaltungen zur Weiterbildung greifen Themen auf, die das Fachwissen der Ortho-Bionomy in einen gr\u00f6\u00dferen Zusammenhang stellen.<\/p>\n<p>F\u00fcr Veranstaltungen, die von Practitionern und Lehrern durchgef\u00fchrt werden, gelten gegebenenfalls Zugangsvoraussetzungen.<\/p>\n<p>Arbeitskreise, Vortr\u00e4ge u.\u00a0\u00c4. dienen auch der Erweiterung und Vertiefung spezieller Techniken und Vorgehensweisen. Sie finden auf unserer Website sowohl die Adressen von <a href=\"https:\/\/dgob.info\/practitioner\/lehrer-suche\/\">Lehrern der Ortho-Bionomy<\/a> als auch viele bundesweit stattfindende Veranstaltungen zu diesem Thema.<\/p>\n<h2>Melden Sie sich direkt an<\/h2>\n<p>Weiterf\u00fchrende Informationen zu den Inhalten, Kosten und Teilnahmebedingungen erhalten Sie von den jeweiligen Veranstaltern. Melden Sie sich bitte direkt dort an, wenn Sie an einer Veranstaltung teilnehmen m\u00f6chten.<\/p>\n<a href=\"\/veranstaltung\/\" class=\"btn btn-default \">Veranstaltungen<\/a>\n<p><\/div><br \/>\n<div class=\"col-md-4\"><\/p>\n<div class=\"content_block\" id=\"custom_post_widget-5169\"><h2>Ortho-Bionomy<sup>\u00ae<\/sup> \u2013 der Film<\/h2>\n<p>Unser Informationsfilm gibt einen authentischen Einblick in die Arbeitsweise der Practioner und erl\u00e4utert die Wirkungsweise der Ortho-Bionomy<sup>\u00ae<\/sup> n\u00e4her.<\/p>\n<p><a href=\"https:\/\/www.youtube.com\/watch?v=-1VYDHLZTLs\" target=\"_blank\" rel=\"noopener\">Informationsfilm<\/a> Ortho-Bionomy<sup>\u00ae<\/sup> (2:33 Minuten, auf Youtube)<\/p>\n<\/div>\n<div class=\"content_block\" id=\"custom_post_widget-235\"><h2>Sie haben Fragen?<\/h2>\n<p>Nehmen Sie <a href=\"https:\/\/dgob.info\/kontakt\/\">Kontakt<\/a> mit uns auf<\/p>\n<p>Telefon +49 2236 5098816<br \/>\nE-Mail <a href=\"mailto:info@dgob.info\" target=\"_blank\" rel=\"noopener noreferrer\">info@dgob.info<\/a><\/p>\n<\/div>\n<h2>Besser informiert: DGOB-Mitglieder<\/h2>\n<p>Auch wenn Sie (noch) kein Practitioner sind, k\u00f6nnen Sie <a href=\"https:\/\/dgob.info\/dgob\/\">Mitglied der DGOB<\/a> werden. Sie haben dann Zugang zu einer F\u00fclle von Informationen und k\u00f6nnen auch an unseren internen Veranstaltungen teilnehmen (solange es keine spezifischen fachlichen Voraussetzungen f\u00fcr die Teilnahme an einem Seminar gibt).<\/p>\n<p>Practitioner, die DGOB-Mitglied sind, loggen sich f\u00fcr mehr Informationen bitte in den Mitgliederbereich ein.<\/p>\n<a href=\"\/login\/\" class=\"btn btn-default \">Zum Login<\/a>\n<p><\/div><br \/>\n<\/div><\/p>","protected":false},"excerpt":{"rendered":"<p>Leider ist der Eintrag derzeit nur auf English verf\u00fcgbar.<\/p>\n","protected":false},"author":372,"featured_media":1193,"parent":0,"menu_order":4,"comment_status":"closed","ping_status":"closed","template":"","meta":{"_acf_changed":false,"footnotes":""},"class_list":["post-44","page","type-page","status-publish","has-post-thumbnail","hentry"],"acf":[],"_links":{"self":[{"href":"https:\/\/dgob.info\/de\/wp-json\/wp\/v2\/pages\/44","targetHints":{"allow":["GET"]}}],"collection":[{"href":"https:\/\/dgob.info\/de\/wp-json\/wp\/v2\/pages"}],"about":[{"href":"https:\/\/dgob.info\/de\/wp-json\/wp\/v2\/types\/page"}],"author":[{"embeddable":true,"href":"https:\/\/dgob.info\/de\/wp-json\/wp\/v2\/users\/372"}],"replies":[{"embeddable":true,"href":"https:\/\/dgob.info\/de\/wp-json\/wp\/v2\/comments?post=44"}],"version-history":[{"count":8,"href":"https:\/\/dgob.info\/de\/wp-json\/wp\/v2\/pages\/44\/revisions"}],"predecessor-version":[{"id":5191,"href":"https:\/\/dgob.info\/de\/wp-json\/wp\/v2\/pages\/44\/revisions\/5191"}],"wp:featuredmedia":[{"embeddable":true,"href":"https:\/\/dgob.info\/de\/wp-json\/wp\/v2\/media\/1193"}],"wp:attachment":[{"href":"https:\/\/dgob.info\/de\/wp-json\/wp\/v2\/media?parent=44"}],"curies":[{"name":"wp","href":"https:\/\/api.w.org\/{rel}","templated":true}]}}