{"id":42,"date":"2017-04-13T12:02:06","date_gmt":"2017-04-13T10:02:06","guid":{"rendered":"https:\/\/dgob.info\/?page_id=42"},"modified":"2025-10-28T19:46:57","modified_gmt":"2025-10-28T18:46:57","slug":"klienten","status":"publish","type":"page","link":"https:\/\/dgob.info\/de\/klienten\/","title":{"rendered":"Klienten"},"content":{"rendered":"<p><div class=\"row\"><br \/>\n<div class=\"col-md-8\"><\/p>\n<h1>Immer in guten H\u00e4nden<\/h1>\n<p>Ortho-Bionomy-Practitioner, die in der DGOB organisiert sind, m\u00fcssen hohen Qualit\u00e4tsstandards gen\u00fcgen. In unserer Practitioner-Liste finden Sie ausschlie\u00dflich Practitioner, die regelm\u00e4\u00dfig an Fort- und Weiterbildungen teilnehmen und die alle zwei Jahre einen Fortbildungsnachweis erbringen.<\/p>\n<p>Die DGOB listet nur Practitioner, die nach den Richtlinien der <a href=\"http:\/\/www.ortho-bionomy.eu\">Ortho-Bionomy<sup>\u00ae<\/sup> European Association of Teachers (OBEAT)<\/a>, der <a href=\"http:\/\/www.ortho-bionomy.org\" target=\"_blank\" rel=\"noopener noreferrer\">Society of Ortho-Bionomy<sup>\u00ae<\/sup> International (SOBI)<\/a> oder der <a href=\"http:\/\/www.ortho-bionomy.ca\" target=\"_blank\" rel=\"noopener noreferrer\">Ortho-Bionomy<sup>\u00ae<\/sup> Association of Canada<\/a> anerkannt sind. Sie k\u00f6nnen sich also darauf verlassen, in &#8222;guten H\u00e4nden&#8220; zu sein.<\/p>\n<h2>Fragen und Antworten<\/h2>\n<p>In unserer Praxis h\u00f6ren wir h\u00e4ufig \u00e4hnliche Fragen, sodass wir davon ausgehen, dass die Antworten darauf von allgemeinem Interesse sind. Vielleicht k\u00f6nnen wir in der folgenden Auflistung ja bereits eine Ihrer Fragen beantworten.<\/p>\n<div class=\"panel-group\" id=\"accordion-1\"><br \/>\n<div class=\"panel panel-default\"><div class=\"panel-heading\"><h4 class=\"panel-title\"><a data-toggle=\"collapse\" data-parent=\"#accordion-1\" href=\"#collapse1\">Werden die Kosten der Ortho-Bionomy-Behandlung von den Krankenkassen \u00fcbernommen?<\/a><\/h4><\/div><div id=\"collapse1\" class=\"panel-collapse collapse\"><div class=\"panel-body\"><\/p>\n<p>In der Regel nicht, aber fragen Sie bitte dennoch bei Ihrer Krankenkasse nach.<\/p>\n<p><\/div><\/div><\/div><div class=\"panel panel-default\"><div class=\"panel-heading\"><h4 class=\"panel-title\"><a data-toggle=\"collapse\" data-parent=\"#accordion-2\" href=\"#collapse2\">Wie lange dauert eine Behandlung?<\/a><\/h4><\/div><div id=\"collapse2\" class=\"panel-collapse collapse\"><div class=\"panel-body\"><\/p>\n<p>Eine Behandlung dauert zwischen 15 und 90 Minuten, je nach Vereinbarung mit dem Practitioner.<\/p>\n<p><\/div><\/div><\/div><div class=\"panel panel-default\"><div class=\"panel-heading\"><h4 class=\"panel-title\"><a data-toggle=\"collapse\" data-parent=\"#accordion-3\" href=\"#collapse3\">Was kostet eine Behandlung?<\/a><\/h4><\/div><div id=\"collapse3\" class=\"panel-collapse collapse\"><div class=\"panel-body\"><\/p>\n<p>Die Behandlungskosten sind abh\u00e4ngig von der Behandlungszeit und sollten vorab mit dem jeweiligen Practitioner besprochen werden.<\/p>\n<p><\/div><\/div><\/div><div class=\"panel panel-default\"><div class=\"panel-heading\"><h4 class=\"panel-title\"><a data-toggle=\"collapse\" data-parent=\"#accordion-4\" href=\"#collapse4\">Werden bei Ortho-Bionomy-Behandlungen Ger\u00e4te eingesetzt?<\/a><\/h4><\/div><div id=\"collapse4\" class=\"panel-collapse collapse\"><div class=\"panel-body\"><\/p>\n<p>Nein. Ortho-Bionomy ist eine rein manuelle Behandlungsmethode.<\/p>\n<p><\/div><\/div><\/div><div class=\"panel panel-default\"><div class=\"panel-heading\"><h4 class=\"panel-title\"><a data-toggle=\"collapse\" data-parent=\"#accordion-5\" href=\"#collapse5\">In welchen Abst\u00e4nden sollten Behandlungen erfolgen?<\/a><\/h4><\/div><div id=\"collapse5\" class=\"panel-collapse collapse\"><div class=\"panel-body\"><\/p>\n<p>Das ist abh\u00e4ngig vom jeweiligen Gesundheitszustand des Klienten. In der Regel wird bei akuten Prozessen in k\u00fcrzeren Abst\u00e4nden (alle 2\u20133 Tage) behandelt, dann w\u00f6chentlich und dann in immer gr\u00f6\u00dfer werdenden Abst\u00e4nden.<\/p>\n<p><\/div><\/div><\/div><div class=\"panel panel-default\"><div class=\"panel-heading\"><h4 class=\"panel-title\"><a data-toggle=\"collapse\" data-parent=\"#accordion-6\" href=\"#collapse6\">Wie viele Behandlungen sind insgesamt notwendig oder empfehlenswert?<\/a><\/h4><\/div><div id=\"collapse6\" class=\"panel-collapse collapse\"><div class=\"panel-body\"><\/p>\n<p>Die Anzahl der Behandlungen wird von den Ortho-Bionomy-Practitionern individuell eingesch\u00e4tzt und abgestimmt. Sinnvoll ist ein Gespr\u00e4ch \u00fcber die Ver\u00e4nderungen des physischen und psychischen Befindens nach 3\u20136 Behandlungen.<\/p>\n<p><\/div><\/div><\/div><div class=\"panel panel-default\"><div class=\"panel-heading\"><h4 class=\"panel-title\"><a data-toggle=\"collapse\" data-parent=\"#accordion-7\" href=\"#collapse7\">Muss man sich f\u00fcr die Behandlung ausziehen?<\/a><\/h4><\/div><div id=\"collapse7\" class=\"panel-collapse collapse\"><div class=\"panel-body\"><\/p>\n<p>Es kann f\u00fcr die Befunderhebung von Vorteil sein, einzelne Kleidungsst\u00fccke abzulegen. F\u00fcr die ortho-bionomische Behandlung selbst ist es nicht notwendig, dass der Klient sich entkleidet.<\/p>\n<p><\/div><\/div><\/div><div class=\"panel panel-default\"><div class=\"panel-heading\"><h4 class=\"panel-title\"><a data-toggle=\"collapse\" data-parent=\"#accordion-8\" href=\"#collapse8\">Kann man eine Ortho-Bionomy-Behandlung auch in Anspruch nehmen, wenn man keine Beschwerden hat?<\/a><\/h4><\/div><div id=\"collapse8\" class=\"panel-collapse collapse\"><div class=\"panel-body\"><\/p>\n<p>Ja, viele Menschen g\u00f6nnen sich eine Behandlung pro Monat, da eine ortho-bionomische Anwendung die Selbstwahrnehmung verbessern und das allgemeine Wohlbefinden steigern kann (\u201eKurzurlaub\u201c).<\/p>\n<p><\/div><\/div><\/div><div class=\"panel panel-default\"><div class=\"panel-heading\"><h4 class=\"panel-title\"><a data-toggle=\"collapse\" data-parent=\"#accordion-9\" href=\"#collapse9\">Wann darf keine Ortho-Bionomy-Behandlung gegeben werden?<\/a><\/h4><\/div><div id=\"collapse9\" class=\"panel-collapse collapse\"><div class=\"panel-body\"><\/p>\n<p>Bei einigen psychischen Erkrankungen sollte eine Behandlung auf jeden Fall von einem ausgebildeten Psychotherapeuten begleitet werden.<\/p>\n<p><\/div><\/div><\/div><\/div>\n<p><\/div><br \/>\n<div class=\"col-md-4\"><\/p>\n<div class=\"content_block\" id=\"custom_post_widget-235\"><h2>Sie haben Fragen?<\/h2>\n<p>Nehmen Sie <a href=\"https:\/\/dgob.info\/kontakt\/\">Kontakt<\/a> mit uns auf<\/p>\n<p>Telefon +49 2236 5098816<br \/>\nE-Mail <a href=\"mailto:info@dgob.info\" target=\"_blank\" rel=\"noopener noreferrer\">info@dgob.info<\/a><\/p>\n<\/div>\n<div class=\"content_block\" id=\"custom_post_widget-5169\"><h2>Ortho-Bionomy<sup>\u00ae<\/sup> \u2013 der Film<\/h2>\n<p>Unser Informationsfilm gibt einen authentischen Einblick in die Arbeitsweise der Practioner und erl\u00e4utert die Wirkungsweise der Ortho-Bionomy<sup>\u00ae<\/sup> n\u00e4her.<\/p>\n<p><a href=\"https:\/\/www.youtube.com\/watch?v=-1VYDHLZTLs\" target=\"_blank\" rel=\"noopener\">Informationsfilm<\/a> Ortho-Bionomy<sup>\u00ae<\/sup> (2:33 Minuten, auf Youtube)<\/p>\n<\/div>\n<h2>Practitioner in Ihrer N\u00e4he<\/h2>\n<p>In unserer Practitioner-Suche finden Sie ganz bequem einen Fachmann oder eine Fachfrau f\u00fcr Ortho-Bionomy.<\/p>\n<a href=\"\/klienten\/practitioner-suche\/\" class=\"btn btn-default \">Practitioner-Suche<\/a>\n<p><\/div><br \/>\n<\/div><\/p>","protected":false},"excerpt":{"rendered":"","protected":false},"author":372,"featured_media":1194,"parent":0,"menu_order":2,"comment_status":"closed","ping_status":"closed","template":"","meta":{"_acf_changed":false,"footnotes":""},"class_list":["post-42","page","type-page","status-publish","has-post-thumbnail","hentry"],"acf":[],"_links":{"self":[{"href":"https:\/\/dgob.info\/de\/wp-json\/wp\/v2\/pages\/42","targetHints":{"allow":["GET"]}}],"collection":[{"href":"https:\/\/dgob.info\/de\/wp-json\/wp\/v2\/pages"}],"about":[{"href":"https:\/\/dgob.info\/de\/wp-json\/wp\/v2\/types\/page"}],"author":[{"embeddable":true,"href":"https:\/\/dgob.info\/de\/wp-json\/wp\/v2\/users\/372"}],"replies":[{"embeddable":true,"href":"https:\/\/dgob.info\/de\/wp-json\/wp\/v2\/comments?post=42"}],"version-history":[{"count":12,"href":"https:\/\/dgob.info\/de\/wp-json\/wp\/v2\/pages\/42\/revisions"}],"predecessor-version":[{"id":5645,"href":"https:\/\/dgob.info\/de\/wp-json\/wp\/v2\/pages\/42\/revisions\/5645"}],"wp:featuredmedia":[{"embeddable":true,"href":"https:\/\/dgob.info\/de\/wp-json\/wp\/v2\/media\/1194"}],"wp:attachment":[{"href":"https:\/\/dgob.info\/de\/wp-json\/wp\/v2\/media?parent=42"}],"curies":[{"name":"wp","href":"https:\/\/api.w.org\/{rel}","templated":true}]}}