{"id":40,"date":"2017-04-13T12:01:23","date_gmt":"2017-04-13T10:01:23","guid":{"rendered":"https:\/\/dgob.info\/?page_id=40"},"modified":"2025-10-28T19:49:47","modified_gmt":"2025-10-28T18:49:47","slug":"ortho-bionomy","status":"publish","type":"page","link":"https:\/\/dgob.info\/de\/ortho-bionomy\/","title":{"rendered":"Ortho-Bionomy"},"content":{"rendered":"<p><div class=\"row\"><br \/>\n<div class=\"col-md-8\"><\/p>\n<h1>Was ist Ortho-Bionomy<sup>\u00ae<\/sup>?<\/h1>\n<p>Ortho-Bionomy ist eine ganzheitliche K\u00f6rperarbeit, die manuelle Techniken der Osteopathie und energetische Konzepte \u00f6stlicher Philosophie und Medizin vereint.<\/p>\n<div class=\"panel-group\" id=\"accordion-1\"><br \/>\n<div class=\"panel panel-default\"><div class=\"panel-heading\"><h4 class=\"panel-title\"><a data-toggle=\"collapse\" data-parent=\"#accordion-1\" href=\"#collapse1\">Der Begriff<\/a><\/h4><\/div><div id=\"collapse1\" class=\"panel-collapse collapse\"><div class=\"panel-body\"><\/p>\n<p>\u201eOrtho-Bionomy\u201c kommt aus dem Griechischen und setzt sich aus den Bestandteilen<\/p>\n<ul>\n<li>ortho = recht, richtig, aufrecht<\/li>\n<li>bio = Leben<\/li>\n<li>nomo = Gesetz<\/li>\n<\/ul>\n<p>zusammen. Frei \u00fcbersetzt bedeutet Ortho-Bionomy: \u201eDen Regeln des Lebens folgen\u201c.<\/p>\n<p><\/div><\/div><\/div><div class=\"panel panel-default\"><div class=\"panel-heading\"><h4 class=\"panel-title\"><a data-toggle=\"collapse\" data-parent=\"#accordion-2\" href=\"#collapse2\">Die Anwendungsgebiete<\/a><\/h4><\/div><div id=\"collapse2\" class=\"panel-collapse collapse\"><div class=\"panel-body\"><\/p>\n<p>Die Anwendungen der Ortho-Bionomy sind f\u00fcr Menschen jeden Alters \u2013 auch f\u00fcr Kinder \u2013 sehr gut geeignet. Sie k\u00f6nnen helfen<\/p>\n<ul>\n<li>bei St\u00f6rungen und Schmerzen am Muskel- und Skelettsystem<\/li>\n<li>bei funktionellen St\u00f6rungen der inneren Organe<\/li>\n<li>zur hormonellen und vegetativen Regulation<\/li>\n<li>zur Entspannung und zum Stressabbau<\/li>\n<li>zur Verbesserung der inneren und \u00e4u\u00dferen Selbstwahrnehmung<\/li>\n<li>zur Erweiterung der Ausdrucksf\u00e4higkeit und Steigerung der Leistungsf\u00e4higkeit<\/li>\n<li>als begleitende und unterst\u00fctzende Methode bei psychosomatischen Erkrankungen und psychischen St\u00f6rungen<\/li>\n<\/ul>\n<p>Ortho-Bionomy-Practitioner arbeiten mit \u00c4rzten und Therapeuten aller Fachrichtungen zusammen. Bei Fragen zu bestimmten Beschwerdebildern wenden Sie sich vertrauensvoll an einen Practitioner in Ihrer N\u00e4he.<\/p>\n<p><\/div><\/div><\/div><div class=\"panel panel-default\"><div class=\"panel-heading\"><h4 class=\"panel-title\"><a data-toggle=\"collapse\" data-parent=\"#accordion-3\" href=\"#collapse3\">Die Behandlungsprinzipien<\/a><\/h4><\/div><div id=\"collapse3\" class=\"panel-collapse collapse\"><div class=\"panel-body\"><\/p>\n<p>Bei einer ortho-bionomischen Anwendung werden mit einf\u00fchlsamen Ber\u00fchrungen und Haltetechniken Schmerzen, Blockierungen, Fehlstellungen, Verspannungen und Gelenkbeschwerden angesprochen. Betroffene Gliedma\u00dfe und Organe werden in den freien Bewegungsablauf und die naturgem\u00e4\u00dfe Funktion integriert.<\/p>\n<p>Der Ortho-Bionomy geht es nicht in erster Linie um Krankheitsbilder, sondern um den Menschen. Selbstheilung und Selbstregulation werden durch gezielte Unterst\u00fctzung angeregt. Dabei leitet der K\u00f6rper des Klienten den Behandler: Bestehende Haltungs- und Bewegungsmuster werden mit aktiven und passiven Techniken zun\u00e4chst betont \u2013 bzw. ortho-bionomisch gesprochen: in die \u201efreie Richtung\u201c gelenkt. Dabei darf kein Griff, keine Lagerung und keine Bewegung Unbehagen oder Schmerzen ausl\u00f6sen. Der Practitioner sucht nach der angenehmsten Lage und Bewegung f\u00fcr den Klienten.<\/p>\n<p>Im Behandlungsverlauf verfolgt der Behandler aufmerksam die Reaktionen des Klienten, um sich ganzheitlich auf ihn einstellen zu k\u00f6nnen. Ein wichtiges ortho-bionomisches Grundprinzip lautet: \u201eNur so viel tun, dass viel geschehen kann.\u201c Unter dieser Voraussetzung wird die Ortho-Bionomy vom Klienten als wohltuend und entspannend erlebt. Ortho-Bionomy-Practitioner arbeiten also <em>mit<\/em> den Menschen, nicht <em>am<\/em> Menschen.<\/p>\n<p><\/div><\/div><\/div><div class=\"panel panel-default\"><div class=\"panel-heading\"><h4 class=\"panel-title\"><a data-toggle=\"collapse\" data-parent=\"#accordion-4\" href=\"#collapse4\">Die Arbeitsweise<\/a><\/h4><\/div><div id=\"collapse4\" class=\"panel-collapse collapse\"><div class=\"panel-body\"><\/p>\n<p>Ihre Wurzeln hat die Ortho-Bionomy in der Osteopathie: So flie\u00dfen die Positionierungstechniken, die der US-amerikanische Osteopath Dr. Lawrence Jones entwickelt hat, in eine ortho-bionomische Sitzung ein. Jones&#8216; Positionierungstechniken befreien den Klienten von Schmerzen des Bewegungsapparats, indem die Gelenke in die Lage der gr\u00f6\u00dften Schmerzfreiheit positioniert werden.<\/p>\n<p>Der anglo-kanadische Osteopath und Judolehrer Arthur L. Pauls hat Jones&#8216; Positionierungstechniken weiterentwickelt und damit die Ortho-Bionomy begr\u00fcndet. Seine Methode arbeitet auf allen Ebenen der k\u00f6rperlichen Selbstregulation: mit K\u00f6rperstruktur und K\u00f6rperhaltung, mit den Bewegungsimpulsen in Muskulatur und Gewebe und mit dem menschlichen Energiefeld. Die Wahrnehmungen des Klienten stehen dabei im Mittelpunkt, so dass alle ortho-bionomischen Positionen und Bewegungen immer als angenehm und vor allem schmerzfrei empfunden werden.<\/p>\n<h3>Die Arbeit mit K\u00f6rperstruktur und K\u00f6rperhaltung<\/h3>\n<p>Die angenehmste Bewegungsrichtung und die f\u00fcr den Klienten beste Entspannungsposition werden mit einem Entlastungsschub der Gelenkpartner zueinander verbunden. Es handelt sich um Entlastungspositionierungen f\u00fcr Gelenke, Kapseln und B\u00e4nder mit einem sanften Halteschub in die beteiligten Gelenke. Strukturelle Aspekte sind die der Isometrie und der Isotonie. Durch Haltungsarbeit und das Erlernen von Selbstbehandlungstechniken ist es dem Klienten auch m\u00f6glich, verschiedene \u00dcbungen eigenst\u00e4ndig und vom Practitioner unabh\u00e4ngig durchzuf\u00fchren.<\/p>\n<h3>Die Arbeit mit Bewegungsimpulsen in Muskulatur und Gewebe<\/h3>\n<p>Das menschliche Bindegewebe hat eine feine Innenbewegung. Ist es verspannt, kann es sich durch bewusste Ber\u00fchrung l\u00f6sen. Die behutsame Kontaktaufnahme mit den inneren Gewebeverbindungen f\u00fchrt zu Spannungsl\u00f6sungen und l\u00e4sst \u201etieferliegende\u201c Bewegungen zum Ausdruck kommen. Die dynamische ortho-bionomische Technik unterst\u00fctzt und begleitet alle Spontanbewegungen und K\u00f6rperrhythmen. Auf sanfte Art reguliert sie Koordinationsst\u00f6rungen, Bewegungsstarren oder als nicht variabel empfundene Bewegungsmuster.<\/p>\n<h3>Die Arbeit mit dem Energiefeld des Menschen<\/h3>\n<p>Bei der ortho-bionomischen Behandlung werden Ph\u00e4nomene mit einbezogen, die auch als \u201eAura\u201c oder \u201eQi\u201c bezeichnet werden. Energetisches Arbeiten umfasst:<\/p>\n<ul>\n<li>Wahrnehmung energetischer Ph\u00e4nomene und Interaktionen<\/li>\n<li>energetische Reflextechniken<\/li>\n<\/ul>\n<p><\/div><\/div><\/div><div class=\"panel panel-default\"><div class=\"panel-heading\"><h4 class=\"panel-title\"><a data-toggle=\"collapse\" data-parent=\"#accordion-5\" href=\"#collapse5\">Geschichte und Philosophie<\/a><\/h4><\/div><div id=\"collapse5\" class=\"panel-collapse collapse\"><div class=\"panel-body\"><\/p>\n<p>Die Ortho-Bionomy wurde von Dr. Arthur Lincoln Pauls entwickelt. Sein grundlegendes Denkmodell basiert darauf, dass es keine Definition gibt, wie der Mensch optimal beschaffen sein soll: Jedem Menschen soll wertungsfrei begegnet werden; er muss so akzeptiert werden, wie er ist. Von diesem Punkt aus arbeitet die Ortho-Bionomy.<\/p>\n<p>Nach dem Studium der Osteopathie arbeitete Pauls bevorzugt mit den Positionierungstechniken nach Dr. Lawrence Jones, die durch eine gezielte Lagerung der Klienten zu einer Aufl\u00f6sung von Gelenkblockaden sowie von muskul\u00e4ren Verspannungen f\u00fchren. Durch seine Besch\u00e4ftigung mit Naturheilverfahren, Meditation und Judo \u2013 er leitete in England eine Judoschule \u2013 war Pauls dar\u00fcber hinaus mit dem in der ostasiatischen Philosophie und Medizin verankerten Konzept einer strukturierten und lenkbaren K\u00f6rperenergie vertraut. Dieses Wissen verband er schlie\u00dflich mit den manuellen Techniken, die er im Laufe der Zeit immer weiter pr\u00e4zisierte und verfeinerte.<\/p>\n<p>Ortho-Bionomy folgt vorhandenen K\u00f6rper- und Bewegungsmustern, verst\u00e4rkt diese wohldosiert und erm\u00f6glicht dem K\u00f6rper dadurch eine stress- und belastungsfreie Reorganisation. Dr. Pauls gab der Ortho-Bionomy den Untertitel \u201eEvolvement of the Original Concept\u201c \u2013 frei \u00fcbersetzt: \u201eEntfaltung des urspr\u00fcnglichen menschlichen Prinzips\u201c: Pauls ging davon aus, dass der K\u00f6rper in sich schl\u00fcssig ist und bei St\u00f6rungen nur einer sanften Unterst\u00fctzung bedarf, um wieder in die richtigen (Bewegungs-)Bahnen zu gelangen.<\/p>\n<p><\/div><\/div><\/div><div class=\"panel panel-default\"><div class=\"panel-heading\"><h4 class=\"panel-title\"><a data-toggle=\"collapse\" data-parent=\"#accordion-6\" href=\"#collapse6\">Das Symbol \u2013 der Sanddollar<\/a><\/h4><\/div><div id=\"collapse6\" class=\"panel-collapse collapse\"><div class=\"panel-body\"><\/p>\n<p>Als Symbol f\u00fcr die Ortho-Bionomy w\u00e4hlte Arthur Lincoln Pauls den Sanddollar. Der Sanddollar geh\u00f6rt zur Klasse der Seeigel und ist eine der \u00e4ltesten lebenden Strukturen \u2013 ein sch\u00f6nes Symbol f\u00fcr das \u201eOriginal Concept\u201c. F\u00fcr Dr. Pauls war aber vor allem ein anderer Aspekt wichtig: Obwohl der Sanddollar \u00e4u\u00dferlich symmetrisch wirkt, befindet sich seine Mitte nicht zwingend in seinem mathematisch-geometrischen Zentrum. Vielmehr ist die Mitte bei jedem Sanddollar unterschiedlich. \u00dcbertragen auf den Menschen bedeutet das, dass jeder Mensch seine Mitte woanders hat. Dieser Umstand wird in der Ortho-Bionomy besonders ber\u00fccksichtigt und respektiert.<\/p>\n<p><\/div><\/div><\/div><div class=\"panel panel-default\"><div class=\"panel-heading\"><h4 class=\"panel-title\"><a data-toggle=\"collapse\" data-parent=\"#accordion-7\" href=\"#collapse7\">Verbreitung<\/a><\/h4><\/div><div id=\"collapse7\" class=\"panel-collapse collapse\"><div class=\"panel-body\"><br \/>\nDr. Pauls lehrte die Ortho-Bionomy zun\u00e4chst in den USA und Kanada. 1985 kam die Ortho-Bionomy nach Europa. Inzwischen gibt es auch bei uns zahlreiche <a href=\"https:\/\/dgob.info\/practitioner\/lehrer-suche\/\">Ausbildungsm\u00f6glichkeiten<\/a> zum Ortho-Bionomy-Practitioner. Die <a href=\"http:\/\/www.ortho-bionomy.eu\">Ortho-Bionomy<sup>\u00ae<\/sup> European Association of Teachers (OBEAT)<\/a> hat verbindliche Ausbildungsrichtlinien erarbeitet, die f\u00fcr alle europ\u00e4ischen L\u00e4nder gelten. In den USA ist die Ortho-Bionomy weit verbreitet. Viele Practitioner und Lehrer haben sich im Dachverband <a href=\"http:\/\/www.ortho-bionomy.org\" target=\"_blank\" rel=\"noopener noreferrer\">Society of Ortho-Bionomy<sup>\u00ae<\/sup> International (SOBI)<\/a> zusammengeschlossen, mit dem sich die DGOB regelm\u00e4\u00dfig austauscht.<\/p>\n<p><\/div><\/div><\/div><br \/>\n<\/div>\n<p><\/div><br \/>\n<div class=\"col-md-4\"><\/p>\n<div class=\"content_block\" id=\"custom_post_widget-5169\"><h2>Ortho-Bionomy<sup>\u00ae<\/sup> \u2013 der Film<\/h2>\n<p>Unser Informationsfilm gibt einen authentischen Einblick in die Arbeitsweise der Practioner und erl\u00e4utert die Wirkungsweise der Ortho-Bionomy<sup>\u00ae<\/sup> n\u00e4her.<\/p>\n<p><a href=\"https:\/\/www.youtube.com\/watch?v=-1VYDHLZTLs\" target=\"_blank\" rel=\"noopener\">Informationsfilm<\/a> Ortho-Bionomy<sup>\u00ae<\/sup> (2:33 Minuten, auf Youtube)<\/p>\n<\/div>\n<div class=\"content_block\" id=\"custom_post_widget-235\"><h2>Sie haben Fragen?<\/h2>\n<p>Nehmen Sie <a href=\"https:\/\/dgob.info\/kontakt\/\">Kontakt<\/a> mit uns auf<\/p>\n<p>Telefon +49 2236 5098816<br \/>\nE-Mail <a href=\"mailto:info@dgob.info\" target=\"_blank\" rel=\"noopener noreferrer\">info@dgob.info<\/a><\/p>\n<\/div>\n<h2>Practitioner in Ihrer N\u00e4he<\/h2>\n<p>In unserer Practitioner-Liste finden Sie Practitioner, die in der DGOB organisiert sind und somit bestimmten Qualit\u00e4tsanspr\u00fcchen gen\u00fcgen.<\/p>\n<a href=\"\/klienten\/practitioner-suche\/\" class=\"btn btn-default \">Practitioner-Suche<\/a>\n<h2>Informationen zur Practitioner-Ausbildung<\/h2>\n<p>In unserer Lehrer-Liste finden Sie Ortho-Bionomy-Lehrer und <a href=\"https:\/\/dgob.info\/practitioner\/ausbildung\/\">Institute<\/a>, die qualifizierte Ausbildungsma\u00dfnahmen anbieten.<\/p>\n<a href=\"\/practitioner\/lehrer-suche\/\" class=\"btn btn-default \">Lehrer-Suche<\/a>\n<p><\/div><br \/>\n<\/div><\/p>","protected":false},"excerpt":{"rendered":"","protected":false},"author":1,"featured_media":1195,"parent":0,"menu_order":1,"comment_status":"closed","ping_status":"closed","template":"","meta":{"_acf_changed":false,"footnotes":""},"class_list":["post-40","page","type-page","status-publish","has-post-thumbnail","hentry"],"acf":[],"_links":{"self":[{"href":"https:\/\/dgob.info\/de\/wp-json\/wp\/v2\/pages\/40","targetHints":{"allow":["GET"]}}],"collection":[{"href":"https:\/\/dgob.info\/de\/wp-json\/wp\/v2\/pages"}],"about":[{"href":"https:\/\/dgob.info\/de\/wp-json\/wp\/v2\/types\/page"}],"author":[{"embeddable":true,"href":"https:\/\/dgob.info\/de\/wp-json\/wp\/v2\/users\/1"}],"replies":[{"embeddable":true,"href":"https:\/\/dgob.info\/de\/wp-json\/wp\/v2\/comments?post=40"}],"version-history":[{"count":8,"href":"https:\/\/dgob.info\/de\/wp-json\/wp\/v2\/pages\/40\/revisions"}],"predecessor-version":[{"id":5188,"href":"https:\/\/dgob.info\/de\/wp-json\/wp\/v2\/pages\/40\/revisions\/5188"}],"wp:featuredmedia":[{"embeddable":true,"href":"https:\/\/dgob.info\/de\/wp-json\/wp\/v2\/media\/1195"}],"wp:attachment":[{"href":"https:\/\/dgob.info\/de\/wp-json\/wp\/v2\/media?parent=40"}],"curies":[{"name":"wp","href":"https:\/\/api.w.org\/{rel}","templated":true}]}}