{"id":282,"date":"2017-04-27T15:26:31","date_gmt":"2017-04-27T13:26:31","guid":{"rendered":"https:\/\/dgob.info\/?page_id=282\/"},"modified":"2024-03-28T09:25:32","modified_gmt":"2024-03-28T08:25:32","slug":"mitgliedschaft","status":"publish","type":"page","link":"https:\/\/dgob.info\/de\/dgob\/mitgliedschaft\/","title":{"rendered":"Mitgliedschaft"},"content":{"rendered":"<p><div class=\"row\"><br \/>\n<div class=\"col-md-8\"><\/p>\n<h1>Vorteile einer Mitgliedschaft in der DGOB<\/h1>\n<p>Wir informieren unsere Mitglieder in regelm\u00e4\u00dfigen Rundschreiben \u00fcber aktuelle Themen der Ortho-Bionomy. Einmal j\u00e4hrlich organisiert die DGOB ein Mitgliedertreffen, im Rahmen dessen Workshops zu wechselnden Themen angeboten werden.<\/p>\n<p>Als Mitglied der DGOB haben Sie viele weitere Vorteile, z.\u00a0B.:<\/p>\n<ul>\n<li>Eintrag in die <a href=\"https:\/\/dgob.info\/klienten\/practitioner-suche\/\">Practitionerliste<\/a> auf der Website der DGOB mit Verlinkung auf die eigene Website\/E-Mail-Adresse \u2013 so finden potenzielle Klienten schnell zu Ihnen<\/li>\n<li>Teilnahme an kosteng\u00fcnstigen Fortbildungsveranstaltungen bei qualifizierten in- und ausl\u00e4ndischen Ortho-Bionomy-Lehrern<\/li>\n<li>kosteng\u00fcnstige Teilnahme an einem Tagesworkshop, der jedes Jahr im September stattfindet (eine Schutzgeb\u00fchr von EUR 15 wird erhoben, Voraussetzung ist die Teilnahme an der Mitgliederversammlung).<\/li>\n<li>fachliche Unterst\u00fctzung bei allen Fragen rund um die Ortho-Bionomy<\/li>\n<li>aktuelle Informationen \u00fcber berufspolitische Themen im Gesundheitswesen<\/li>\n<li>F\u00f6rderung des kollegialen Austauschs<\/li>\n<li>Zugriff auf hochwertiges Informationsmaterial f\u00fcr eigene Vortr\u00e4ge und Arbeitskreise<\/li>\n<li>M\u00f6glichkeit des Erwerbs von Informationsmaterial zur Ortho-Bionomy zur Weitergabe an Klienten (mit Feld f\u00fcr den Praxisstempel, um die eigene Praxis bekannt zu machen)<\/li>\n<\/ul>\n<h2>Mitgliedschaftsarten<\/h2>\n<p>Wir freuen uns, wenn wir Ihr Interesse geweckt haben! Aus unserer Erfahrung, dass Menschen aus den unterschiedlichsten Gr\u00fcnden unsere Arbeit und unsere Ziele unterst\u00fctzen m\u00f6chten, laden wir alle Interessierten zu Mitgliedschaft ein.<\/p>\n<p>Folgende Mitgliedschaften sind m\u00f6glich:<\/p>\n<div class=\"panel-group\" id=\"accordion-1\"><br \/>\n<div class=\"panel panel-default\"><div class=\"panel-heading\"><h4 class=\"panel-title\"><a data-toggle=\"collapse\" data-parent=\"#accordion-1\" href=\"#collapse1\">Vollmitglied<\/a><\/h4><\/div><div id=\"collapse1\" class=\"panel-collapse collapse\"><div class=\"panel-body\"><\/p>\n<ul>\n<li>ordentliches Mitglied, Vollmitgliedschaft<\/li>\n<li>stimmberechtigt<\/li>\n<li>Vollmitglieder werden in der Practitionerliste auf der Website gelistet<\/li>\n<li>Mitgliedschaft f\u00fcr Practitioner und Lehrer<\/li>\n<li>Mitgliedschaftsart M<\/li>\n<\/ul>\n<h4>Jahresbeitrag: EUR 72<\/h4>\n<p>Bei Beantragung einer Vollmitgliedschaft muss eine Kopie des Zertifikats beigelegt werden. Vollmitglieder schicken alle zwei Jahre einen Fortbildungsnachweis an die Gesch\u00e4ftsstelle der DGOB.<\/p>\n<p><\/div><\/div><\/div><div class=\"panel panel-default\"><div class=\"panel-heading\"><h4 class=\"panel-title\"><a data-toggle=\"collapse\" data-parent=\"#accordion-2\" href=\"#collapse2\">Vollmitglied erm\u00e4\u00dfigt<\/a><\/h4><\/div><div id=\"collapse2\" class=\"panel-collapse collapse\"><div class=\"panel-body\"><\/p>\n<ul>\n<li>ordentliches Mitglied, Vollmitgliedschaft<\/li>\n<li>stimmberechtigt<\/li>\n<li>Mitgliedschaft f\u00fcr Practitioner und Lehrer, die gleichzeitig Mitglied einer anderen Ortho-Bionomy-Gesellschaft sind<\/li>\n<li>Mitgliedschaftsart M<\/li>\n<\/ul>\n<h4>Erm\u00e4\u00dfigter Jahresbeitrag: EUR 36<\/h4>\n<p>Bei Beantragung einer Vollmitgliedschaft muss eine Kopie des Zertifikats beigelegt werden. Ferner bitten wir um einen Nachweis, in welcher weiteren Gesellschaft Sie Mitglied sind. Vollmitglieder schicken alle zwei Jahre einen Fortbildungsnachweis an die Gesch\u00e4ftsstelle der DGOB.<\/p>\n<p><\/div><\/div><\/div><div class=\"panel panel-default\"><div class=\"panel-heading\"><h4 class=\"panel-title\"><a data-toggle=\"collapse\" data-parent=\"#accordion-3\" href=\"#collapse3\">F\u00f6rdermitglied<\/a><\/h4><\/div><div id=\"collapse3\" class=\"panel-collapse collapse\"><div class=\"panel-body\"><\/p>\n<ul>\n<li>nicht stimmberechtigt<\/li>\n<li>F\u00f6rdermitgliedschaft f\u00fcr Interessenten und Practitioner-Anw\u00e4rter<\/li>\n<li>Mitgliedschaftsart FM<\/li>\n<\/ul>\n<h4>Jahresbeitrag: EUR 20<\/h4>\n<p>Nach Ablegen der Practitioner-Pr\u00fcfung wird ein F\u00f6rdermitglied automatisch Vollmitglied, sobald der DGOB eine Kopie des Zertifikats vorliegt. Nach Zusendung der erforderlichen Daten erscheinen diese auf der Practitioner-Liste auf der Webseite der DGOB.<\/p>\n<p><\/div><\/div><\/div><\/div>\n<p><\/div><br \/>\n<div class=\"col-md-4\"><\/p>\n<div class=\"content_block\" id=\"custom_post_widget-235\"><h2>Sie haben Fragen?<\/h2>\n<p>Nehmen Sie <a href=\"https:\/\/dgob.info\/kontakt\/\">Kontakt<\/a> mit uns auf<\/p>\n<p>Telefon +49 2236 5098816<br \/>\nE-Mail <a href=\"mailto:info@dgob.info\" target=\"_blank\" rel=\"noopener noreferrer\">info@dgob.info<\/a><\/p>\n<\/div>\n<h2>Mitglied in der DGOB werden<\/h2>\n<p>Wenn Sie sich f\u00fcr eine Mitgliedschaft entschieden haben, f\u00fcllen Sie einfach den Antrag auf Mitgliedschaft aus und senden Sie ihn unterschrieben an:<\/p>\n<p>DGOB Gesch\u00e4ftsstelle<br \/>\nAnnegret D\u00f6rr<br \/>\nBergstra\u00dfe 66<br \/>\n50999 K\u00f6ln<\/p>\n<ul>\n<li><div class=\"content_block\" id=\"custom_post_widget-995\"><p><a href=\"https:\/\/dgob.info\/wp-content\/uploads\/2017\/05\/DGOB_Beitrittserkla\u0308rung_2020.pdf\" target=\"_blank\" rel=\"noopener noreferrer\">Antrag auf Mitgliedschaft (pdf)<\/a><\/p>\n<\/div><\/li>\n<li><div class=\"content_block\" id=\"custom_post_widget-998\"><p><a href=\"https:\/\/dgob.info\/wp-content\/uploads\/2018\/01\/DGOB_Satzung_Stand_24.09.2017.pdf\" target=\"_blank\" rel=\"noopener\">Satzung der DGOB (pdf)<\/a><\/p>\n<\/div><\/li>\n<\/ul>\n<h2>Das Plus f\u00fcr Mitglieder<\/h2>\n<p>Mitglieder k\u00f6nnen sich f\u00fcr zus\u00e4tzliche Informationen in den Mitgliederbereich einloggen.<\/p>\n<a href=\"\/mitgliederbereich\/\" class=\"btn btn-default \">Zum Mitgliederbereich<\/a>\n<div class=\"content_block\" id=\"custom_post_widget-5169\"><h2>Ortho-Bionomy<sup>\u00ae<\/sup> \u2013 der Film<\/h2>\n<p>Unser Informationsfilm gibt einen authentischen Einblick in die Arbeitsweise der Practioner und erl\u00e4utert die Wirkungsweise der Ortho-Bionomy<sup>\u00ae<\/sup> n\u00e4her.<\/p>\n<p><a href=\"https:\/\/www.youtube.com\/watch?v=-1VYDHLZTLs\" target=\"_blank\" rel=\"noopener\">Informationsfilm<\/a> Ortho-Bionomy<sup>\u00ae<\/sup> (2:33 Minuten, auf Youtube)<\/p>\n<\/div>\n<p><\/div><br \/>\n<\/div><\/p>","protected":false},"excerpt":{"rendered":"","protected":false},"author":2,"featured_media":0,"parent":55,"menu_order":0,"comment_status":"closed","ping_status":"closed","template":"","meta":{"_acf_changed":false,"footnotes":""},"class_list":["post-282","page","type-page","status-publish","hentry"],"acf":[],"_links":{"self":[{"href":"https:\/\/dgob.info\/de\/wp-json\/wp\/v2\/pages\/282","targetHints":{"allow":["GET"]}}],"collection":[{"href":"https:\/\/dgob.info\/de\/wp-json\/wp\/v2\/pages"}],"about":[{"href":"https:\/\/dgob.info\/de\/wp-json\/wp\/v2\/types\/page"}],"author":[{"embeddable":true,"href":"https:\/\/dgob.info\/de\/wp-json\/wp\/v2\/users\/2"}],"replies":[{"embeddable":true,"href":"https:\/\/dgob.info\/de\/wp-json\/wp\/v2\/comments?post=282"}],"version-history":[{"count":7,"href":"https:\/\/dgob.info\/de\/wp-json\/wp\/v2\/pages\/282\/revisions"}],"predecessor-version":[{"id":5197,"href":"https:\/\/dgob.info\/de\/wp-json\/wp\/v2\/pages\/282\/revisions\/5197"}],"up":[{"embeddable":true,"href":"https:\/\/dgob.info\/de\/wp-json\/wp\/v2\/pages\/55"}],"wp:attachment":[{"href":"https:\/\/dgob.info\/de\/wp-json\/wp\/v2\/media?parent=282"}],"curies":[{"name":"wp","href":"https:\/\/api.w.org\/{rel}","templated":true}]}}