{"id":245,"date":"2017-04-27T09:39:24","date_gmt":"2017-04-27T07:39:24","guid":{"rendered":"https:\/\/dgob.info\/?page_id=245\/"},"modified":"2024-03-28T09:23:35","modified_gmt":"2024-03-28T08:23:35","slug":"literatur","status":"publish","type":"page","link":"https:\/\/dgob.info\/de\/practitioner\/literatur\/","title":{"rendered":"Literatur"},"content":{"rendered":"<p><div class=\"row\"><br \/>\n<div class=\"col-md-8\"><\/p>\n<h1>Literaturliste<\/h1>\n<p>Unsere Literaturliste ist nat\u00fcrlich nicht vollst\u00e4ndig \u2013 aber wir erweitern sie best\u00e4ndig und freuen uns auch \u00fcber Literatur-Tipps. Wir werden dann pr\u00fcfen, ob das Buch in unsere Sammlung aufgenommen werden kann.<\/p>\n<table style=\"height: 1023px;\" width=\"1035\">\n<tbody>\n<tr>\n<td>Pauls, Arthur Lincoln (2002)<\/p>\n<h4>The Philosophy and History of Ortho-Bionomy<sup>\u00ae<\/sup> \u2013 The Evolvement of the Original Concept.<\/h4>\n<p>Rossland BC (Canada), ALP Publishing.<\/p>\n<p>25,00 EUR<\/td>\n<td>Mitglieder nutzen bitte das daf\u00fcr vorgesehene <a href=\"https:\/\/dgob.info\/mitgliederbereich\/dgob-direkt\/\">Bestellformular<\/a>.<\/td>\n<\/tr>\n<tr>\n<td>Bist, Sada Hilde (Idee und Text) und Lutz Lang (Illustration) (2015)<\/p>\n<h4>Arthur der Panda. Eine praktische Einf\u00fchrung in die Ortho-Bionomy<sup>\u00ae<\/sup>.<\/h4>\n<p>10,00 EUR<\/td>\n<td>Ein 84 Seiten langes, illustriertes Buch \u00fcber die Ortho-Bionomy, geschrieben sowohl f\u00fcr Anf\u00e4nger, als auch f\u00fcr Fortgeschrittene und Profis dieser Methode.<\/p>\n<p>Arthur der Panda, benannt nach dem Begr\u00fcnder der Ortho-Bionomy, erz\u00e4hlt kurz und knapp alles, was ihm zu dieser Methode wichtig erscheint. Er erkl\u00e4rt in dem liebevoll illustrierten Werk die Prinzipien der Ortho-Bionomy, die sich zur Behandlung, sowohl als auch zur Selbstbehandlung eignen. Er gibt einfache Tipps und stellt einige wirkungsvolle \u00dcbungen vor, die sofort im Alltag umzusetzen sind.<\/p>\n<p>Bezugsquelle: <a href=\"http:\/\/www.takagi-books.de\" target=\"_blank\" rel=\"noopener noreferrer\">www.takagi-books.de<\/a><\/p>\n<p>Im Suchfeld bitte Arthur eingeben. Danke.<\/td>\n<\/tr>\n<tr>\n<td>Weber, Klaus G. und Michaela Wiese (2005)<\/p>\n<h4>Lehrbuch der Ortho-Bionomy<sup>\u00ae<\/sup>: weiche manuelle Techniken.<\/h4>\n<p>2. \u00fcberarbeitete Auflage. Stuttgart, Sonntag Verlag.<\/p>\n<p>69,95 EUR<\/td>\n<td><\/td>\n<\/tr>\n<tr>\n<td>Weber, Klaus G. und Michaela Wiese (2007)<\/p>\n<h4>Dynamische und energetische Techniken in Physiotherapie und manueller Medizin.<\/h4>\n<p>2. \u00fcberarbeitete Auflage. Rottenburg<\/p>\n<p>45 EUR<\/td>\n<td>Bezugsquelle: a+b aktuelles und buch oder <a href=\"mailto:organisation@ortho-bionomy.de\" target=\"_blank\" rel=\"noopener noreferrer\">organisation@ortho-bionomy.de<\/a><\/td>\n<\/tr>\n<tr>\n<td>Weber, Klaus G. und Reinhard Bayerlein (2014)<\/p>\n<h4>Neurolymphatische Reflextherapie nach Chapman und Goodheart: Anwendung in manueller Medizin, Osteopathie und Ortho-Bionomy<sup>\u00ae<\/sup>.<\/h4>\n<p>3. \u00fcberarbeitete und erweiterte Auflage. Stuttgart, Sonntag Verlag.<\/p>\n<p>59,99 EUR<\/td>\n<td><\/td>\n<\/tr>\n<tr>\n<td>Weber, Klaus G. und Michaela Wiese (2003)<\/p>\n<h4>Kraniosakrale Therapie: ressourcenorientierte Behandlungskonzepte.<\/h4>\n<p>Berlin, Heidelberg et al., Springer Verlag.<\/p>\n<p>19,95 EUR<\/td>\n<td><\/td>\n<\/tr>\n<tr>\n<td>Weber, Klaus G. und Michaela Wiese (2015)<\/p>\n<h4>R\u00fcckenschmerzen verstehen, behandeln und vorbeugen.<\/h4>\n<p>Pflaumverlag GmbH &amp; Co KG.<\/p>\n<p>39,50 EUR<\/td>\n<td><\/td>\n<\/tr>\n<tr>\n<td>Weber, Klaus G. und M. Wiese<\/p>\n<h4>Ortho-Bionomy<sup>\u00ae<\/sup> Brosch\u00fcren<\/h4>\n<p><strong>Grundlagen zur Philosophie und Arbeitsweise der Ortho-Bionomy<\/strong><sup><strong>\u00ae<\/strong><br \/>\n<\/sup>2. ver\u00e4nderte Auflage.<br \/>\n8,00 EUR<\/p>\n<p><strong>Viszerale Arbeit und Reflextechniken<\/strong><br \/>\n8,00 EUR<\/p>\n<p><strong>Selbstbehandlungstechniken<\/strong><br \/>\n8,00 EUR<\/p>\n<p><strong>Schulter und Arm<\/strong><br \/>\nNeuauflage.<br \/>\n8,00 EUR<\/p>\n<p><strong>Therapiehindernisse und St\u00f6rfelder<\/strong><br \/>\n2. \u00fcberarbeitete und erweiterte Auflage.<br \/>\n10,00 EUR<\/p>\n<p><strong>Regelbeschwerden<\/strong><br \/>\n8,00 EUR<\/td>\n<td>Bezugsquelle aller Brosch\u00fcren:<br \/>\na+b aktuelles und <a href=\"mailto:organisation@ortho-bionomy.de\" target=\"_blank\" rel=\"noopener noreferrer\">organisation@ortho-bionomy.de<\/a><\/td>\n<\/tr>\n<tr>\n<td>Diepold, Hans (2006)<\/p>\n<h4>Ortho-Bionomy<sup>\u00ae<\/sup>\u00a0Lernkarten Phase 4 \u2013 Strukturelle Techniken.<\/h4>\n<p>30,00 EUR<\/td>\n<td>Preis zzgl. Porto + Verpackung<br \/>\nBezugsquelle: <a href=\"http:\/\/www.ortho-bionomy-online.de\" target=\"_blank\" rel=\"noopener noreferrer\">www.ortho-bionomy-online.de<\/a><\/td>\n<\/tr>\n<tr>\n<td>Diepold, Hans (2006)<\/p>\n<h4>Ortho-Bionomy<sup>\u00ae<\/sup>\u00a0Lernkarten Phase 5 \u2013 Gewebetechniken.<\/h4>\n<p>30,00 EUR<strong><br \/>\n<\/strong><\/td>\n<td>Preis zzgl. Porto + Verpackung<br \/>\nBezugsquelle: <a href=\"http:\/\/www.ortho-bionomy-online.de\" target=\"_blank\" rel=\"noopener noreferrer\">www.ortho-bionomy-online.de<\/a><\/td>\n<\/tr>\n<tr>\n<td>Diepold, Hans<\/p>\n<h4>Arbeitsbuch Chapman Reflex.<\/h4>\n<p>14,00 EUR<strong><br \/>\n<\/strong><\/td>\n<td>Preis zzgl. Porto + Verpackung<br \/>\nBezugsquelle: <a href=\"http:\/\/www.ortho-bionomy-online.de\" target=\"_blank\" rel=\"noopener noreferrer\">www.ortho-bionomy-online.de<\/a><\/td>\n<\/tr>\n<tr>\n<td>Diepold, Hans<\/p>\n<h4>Arbeitsbuch Softb\u00e4lle.<\/h4>\n<p>18,00 EUR<strong><br \/>\n<\/strong><\/td>\n<td>Preis zzgl. Porto + Verpackung<br \/>\nBezugsquelle: <a href=\"http:\/\/www.ortho-bionomy-online.de\" target=\"_blank\" rel=\"noopener noreferrer\">www.ortho-bionomy-online.de<\/a><\/td>\n<\/tr>\n<tr>\n<td>Bienvenu, Alain (1996)<\/p>\n<h4>Le Corps et les Lois de la Vie. Introduction \u00e0 l\u2019orthobionomy.<\/h4>\n<p>Vannes, Sully Verlag.<\/p>\n<p>21,34 EUR<\/td>\n<td><\/td>\n<\/tr>\n<tr>\n<td>Kain, Kathy L. with Berns, Jim (1997)<\/p>\n<h4>Ortho-Bionomy<sup>\u00ae<\/sup> A manual of practice.<\/h4>\n<p>Berkeley, North Atlantic Books.<\/p>\n<p>25,00 USD<\/td>\n<td>Bezugsquelle: <a href=\"http:\/\/www.thewaytobalance.com\" target=\"_blank\" rel=\"noopener noreferrer\">www.thewaytobalance.com<\/a><\/td>\n<\/tr>\n<tr>\n<td>Lattanzi, Alex (2000)<\/p>\n<h4>Il Tao del Mal di Schiena, un trattato di Ortho-Bionomy<sup>\u00ae<\/sup>.<\/h4>\n<p>Carrara, Baul Verlag.<\/p>\n<p>16,50 EUR<\/td>\n<td><\/td>\n<\/tr>\n<tr>\n<td>Quill\u00e9, Th\u00e9r\u00e8se (2007)<\/p>\n<h4>Ortho-Bionomy \u2013 D\u00e9couvrez votre r\u00e9flexe autocorrecteur.<\/h4>\n<p>Editions Testez.<\/p>\n<p>20,00 EUR<\/td>\n<td><\/td>\n<\/tr>\n<tr>\n<td>Overmyer, Luann (2009)<\/p>\n<h4>Ortho-Bionomy: A Path to Self-Care.<\/h4>\n<p>North Atlantic Books.<\/p>\n<p>22,99 EUR<\/td>\n<td>Zurzeit im Buchhandel nicht erh\u00e4ltlich.<\/p>\n<p>Bezugsquelle (USA): <a href=\"http:\/\/www.ortho-bionomy.org\" target=\"_blank\" rel=\"noopener noreferrer\">www.ortho-bionomy.org<\/a><\/p>\n<p>26,95 USD zzgl. Porto + Verpackung<\/td>\n<\/tr>\n<tr>\n<td>Lee, Terri<\/p>\n<h4>All 5 Step-By-Step Instructional Videos.<\/h4>\n<p>DVD.<\/p>\n<p>239,95 USD<\/td>\n<td>Alle DVDs auch einzeln erh\u00e4ltlich:<\/p>\n<p>Exploration of Movement: 49,95 USD<br \/>\nIsometrics: 49,95 USD<br \/>\nPhase IV: Spine: 39,95 USD<br \/>\nPhase IV: Extremities: 39,95 USD<br \/>\nPostural Re-Education &amp; Post Techniques: 59,95 USD<\/p>\n<p>Bezugsquelle: <a href=\"http:\/\/www.phase-eight.com\" target=\"_blank\" rel=\"noopener noreferrer\">www.phase-eight.com<\/a><\/td>\n<\/tr>\n<tr>\n<td>Mathys, Rosemarie und Jan Straub (2011)<\/p>\n<h4>Spastizit\u00e4t. Pflegerische Interventionen aus der Sicht der Basalen Stimulation<sup>\u00ae<\/sup> und der Ortho-Bionomy<sup>\u00ae<\/sup>.<\/h4>\n<p>Bern, Hans Huber Verlag.<\/p>\n<p>29,95 EUR<\/td>\n<td><\/td>\n<\/tr>\n<\/tbody>\n<\/table>\n<h2>Weitere Literaturtipps<\/h2>\n<table>\n<tbody>\n<tr>\n<td>Myers, Thomas W. (2010)<\/p>\n<h4>Anatomy Trains. Myofasziale Meridiane.<\/h4>\n<p>2. Auflage. M\u00fcnchen, Elsevier, Urban und Fischer.<\/p>\n<p>58,95 EUR<\/td>\n<td><\/td>\n<\/tr>\n<tr>\n<td>Stecco, Carla (2016)<\/p>\n<h4>Atlas des menschlichen Fasziensystems.<\/h4>\n<p>M\u00fcnchen, Elsevier, Urban und Fischer.<\/p>\n<p>69,99 EUR<\/td>\n<td><\/td>\n<\/tr>\n<tr>\n<td>Stecco, Luigi und Antonio Stecco (2017)<\/p>\n<h4>Fasziale Manipulation \u2013 zur Behandlung von Funktionsst\u00f6rungen des Bewegungsapparates.<\/h4>\n<p>Odnova-Med.<\/p>\n<p>71,00 EUR<\/td>\n<td><\/td>\n<\/tr>\n<tr>\n<td>Weber, Klaus G. (2016)<\/p>\n<h4>Chakren \u2013 Quellen des Selbst.<\/h4>\n<p>11,99 EUR<\/td>\n<td>144 S., viele farbige Abbildungen<br \/>\nBezuggsquelle: BOD, a+b aktuelles und buch Rottenburg oder <a href=\"mailto:organisation@ortho-bionomy.de\" target=\"_blank\" rel=\"noopener noreferrer\">organisation@ortho-bionomy.de<\/a><\/td>\n<\/tr>\n<tr>\n<td>Kapit, Wynn und Lawrence M. Elson (2008)<\/p>\n<h4>Anatomie-Malatlas.<\/h4>\n<p>M\u00fcnchen, Boston, PearsonStudium.<\/p>\n<p>29,95 EUR<\/td>\n<td><\/td>\n<\/tr>\n<tr>\n<td>Kapit, Wynn, Robert I. Macey und Esmail Meisami (2007)<\/p>\n<h4>Physiologie-Malatlas.<\/h4>\n<p>M\u00fcnchen, Boston, Pearson Studium.<\/p>\n<p>34,95 EUR<\/td>\n<td><\/td>\n<\/tr>\n<tr>\n<td>Owens, Charles (1963)<\/p>\n<h4>An Endocrine Interpretation of Chapman&#8217;s Reflexes.<\/h4>\n<p>10. Auflage. American Academy of Osteopathy (1970).<\/p>\n<p>19,95 USD<\/td>\n<td>Preis zzgl. Porto + Verpackung.<br \/>\nBezugsquelle: <a href=\"http:\/\/www.ortho-bionomy.org\" target=\"_blank\" rel=\"noopener noreferrer\">www.ortho-bionomy.org<\/a> und <a href=\"http:\/\/www.academyofosteopathy.org\" target=\"_blank\" rel=\"noopener noreferrer\">www.academyofosteopathy.org<\/a><\/td>\n<\/tr>\n<tr>\n<td>Levine, Peter, A. (2011)<\/p>\n<h4>Sprache ohne Worte. Wie unser K\u00f6rper Trauma verarbeitet und uns in die innere Balance zur\u00fcckf\u00fchrt.<\/h4>\n<p>27,99 EUR<\/td>\n<td><\/td>\n<\/tr>\n<tr>\n<td>Sichtermann, Marie (2012)<\/p>\n<h4>Heilkunde, Therapie und Selbst\u00e4ndigkeit: Das Handbuch f\u00fcr die Praxis.<\/h4>\n<p>4. vollst\u00e4ndig \u00fcberarbeitete Auflage.<\/p>\n<p>17,40 EUR<\/td>\n<td><\/td>\n<\/tr>\n<\/tbody>\n<\/table>\n<p><\/div><br \/>\n<div class=\"col-md-4\"><\/p>\n<div class=\"content_block\" id=\"custom_post_widget-235\"><h2>Sie haben Fragen?<\/h2>\n<p>Nehmen Sie <a href=\"https:\/\/dgob.info\/kontakt\/\">Kontakt<\/a> mit uns auf<\/p>\n<p>Telefon +49 2236 5098816<br \/>\nE-Mail <a href=\"mailto:info@dgob.info\" target=\"_blank\" rel=\"noopener noreferrer\">info@dgob.info<\/a><\/p>\n<\/div>\n<h2>Unser Tipp<\/h2>\n<p>Beim Kauf immer auf die aktuellste Auflage achten!<\/p>\n<h2>Bezugsquellen<\/h2>\n<p>Alle B\u00fccher k\u00f6nnen ganz normal \u00fcber den Buchhandel bezogen werden.<\/p>\n<p>Das Buch \u201eThe Philosophy and History of Ortho-Bionomy<sup>\u00ae<\/sup> \u2013 The Evolvement of the Original Concept.\u201d kann direkt bei der DGOB bestellt werden.<\/p>\n<p>Ansonsten haben wir \u2013 wenn bekannt \u2013 die Bezugsquellen immer direkt beim Titel angegeben.<\/p>\n<div class=\"content_block\" id=\"custom_post_widget-5169\"><h2>Ortho-Bionomy<sup>\u00ae<\/sup> \u2013 der Film<\/h2>\n<p>Unser Informationsfilm gibt einen authentischen Einblick in die Arbeitsweise der Practioner und erl\u00e4utert die Wirkungsweise der Ortho-Bionomy<sup>\u00ae<\/sup> n\u00e4her.<\/p>\n<p><a href=\"https:\/\/www.youtube.com\/watch?v=-1VYDHLZTLs\" target=\"_blank\" rel=\"noopener\">Informationsfilm<\/a> Ortho-Bionomy<sup>\u00ae<\/sup> (2:33 Minuten, auf Youtube)<\/p>\n<\/div>\n<p><\/div><br \/>\n<\/div><\/p>","protected":false},"excerpt":{"rendered":"","protected":false},"author":2,"featured_media":0,"parent":44,"menu_order":3,"comment_status":"closed","ping_status":"closed","template":"","meta":{"_acf_changed":false,"footnotes":""},"class_list":["post-245","page","type-page","status-publish","hentry"],"acf":[],"_links":{"self":[{"href":"https:\/\/dgob.info\/de\/wp-json\/wp\/v2\/pages\/245","targetHints":{"allow":["GET"]}}],"collection":[{"href":"https:\/\/dgob.info\/de\/wp-json\/wp\/v2\/pages"}],"about":[{"href":"https:\/\/dgob.info\/de\/wp-json\/wp\/v2\/types\/page"}],"author":[{"embeddable":true,"href":"https:\/\/dgob.info\/de\/wp-json\/wp\/v2\/users\/2"}],"replies":[{"embeddable":true,"href":"https:\/\/dgob.info\/de\/wp-json\/wp\/v2\/comments?post=245"}],"version-history":[{"count":8,"href":"https:\/\/dgob.info\/de\/wp-json\/wp\/v2\/pages\/245\/revisions"}],"predecessor-version":[{"id":5194,"href":"https:\/\/dgob.info\/de\/wp-json\/wp\/v2\/pages\/245\/revisions\/5194"}],"up":[{"embeddable":true,"href":"https:\/\/dgob.info\/de\/wp-json\/wp\/v2\/pages\/44"}],"wp:attachment":[{"href":"https:\/\/dgob.info\/de\/wp-json\/wp\/v2\/media?parent=245"}],"curies":[{"name":"wp","href":"https:\/\/api.w.org\/{rel}","templated":true}]}}