{"id":2,"date":"2017-04-12T13:42:40","date_gmt":"2017-04-12T11:42:40","guid":{"rendered":"https:\/\/dgob.info\/?page_id=2"},"modified":"2024-01-16T23:24:56","modified_gmt":"2024-01-16T22:24:56","slug":"wilkommen-2","status":"publish","type":"page","link":"https:\/\/dgob.info\/de\/","title":{"rendered":"Willkommen"},"content":{"rendered":"<p><div class=\"row set_equal_height add_box\"><div class=\"col-md-4\"><\/p>\n<h2>F\u00fcr Klienten<\/h2>\n<p><strong>Sie interessieren sich f\u00fcr eine Ortho-Bionomy-Behandlung?<\/strong><\/p>\n<p>F\u00fcr Sie haben wir die Grundz\u00fcge der Ortho-Bionomy zusammengestellt. Einen Practitioner in Ihrer N\u00e4he finden Sie in unserer Practitioner-Liste. &#8222;Practitioner&#8220; ist der Begriff, den wir in der Ortho-Bionomy f\u00fcr Anwender dieser Methode verwenden. In der Ortho-Bionomy sprechen wir ferner nicht von &#8222;Patienten&#8220;, sondern von &#8222;Klienten&#8220; \u2013 denn wir arbeiten nicht an Ihnen, sondern mit Ihnen.<\/p>\n<a href=\"\/klienten\/practitioner-suche\/\" class=\"btn btn-default btn-lg\">Practitioner-Suche<\/a>\n<p><\/div><div class=\"col-md-4\"><\/p>\n<h2>F\u00fcr Kollegen<\/h2>\n<p><strong>Sie suchen eine interessante Zusatzausbildung?<\/strong><\/p>\n<p>Bei uns erfahren Sie alles \u00fcber die Behandlungsprinzipien und die Arbeitsweise der Ortho-Bionomy, z.\u00a0B. welche Voraussetzungen Sie mitbringen m\u00fcssen und wie eine Ausbildung zum Ortho-Bionomy-Practitioner nach den Richtlinien der Ortho-Bionomy<sup>\u00ae<\/sup> European Association of Teachers (OBEAT) abl\u00e4uft. Wir pflegen beste Kontakte zu nationalen und internationalen Ausbildungszentren.<\/p>\n<a href=\"\/practitioner\/lehrer-suche\/\" class=\"btn btn-default btn-lg\">Lehrer-Suche<\/a>\n<p><\/div><div class=\"col-md-4\"><\/p>\n<h2>F\u00fcr Practitioner<\/h2>\n<p><strong>Sie sind bereits Ortho-Bionomy-Practitioner?<\/strong><\/p>\n<p>Gemeinsam arbeiten wir daran, die Methode bekannter zu machen und ihr mehr Geh\u00f6r zu verschaffen. Das gelingt am besten in und mit einer starken Gruppe. Daher wollen wir Sie als Mitglied der DGOB gewinnen. Denn je mehr wir wachsen, umso gr\u00f6\u00dfer wird unser Einfluss. Und: Als DGOB-Mitglied k\u00f6nnen Sie regelm\u00e4\u00dfig an Fortbildungen, Seminaren und Arbeitskreisen teilnehmen.<\/p>\n<a href=\"\/dgob\/\" class=\"btn btn-default btn-lg\">Mitglied werden<\/a>\n<p><\/div><\/div><\/p>\n<div class=\"row wrapper-xs\"><br \/>\n<div class=\"col-xs-12\"><\/p>\n<p>Sch\u00f6n, dass Sie hier sind \u2013 auf der Website der <strong>Deutschen Gesellschaft f\u00fcr Ortho-Bionomy<sup>\u00ae<\/sup> e.V. (DGOB)<\/strong>. Unsere Website richtet sich an alle, die sich f\u00fcr die sanfte, manuelle Methode Ortho-Bionomy interessieren. Nehmen Sie <a href=\"https:\/\/dgob.info\/kontakt\/\">Kontakt<\/a> zu uns auf, wenn Sie Fragen zum Thema Ortho-Bionomy haben. Wir freuen uns \u00fcber Ihr Interesse! DGOB-Mitglieder finden im gesch\u00fctzten <a href=\"https:\/\/dgob.info\/login\/\">Mitgliederbereich<\/a> unserer Website viele zus\u00e4tzliche Informationen.<\/p>\n<p style=\"text-align: left;\"><\/div><br \/>\n<\/div>\n<p><\/p>","protected":false},"excerpt":{"rendered":"","protected":false},"author":1,"featured_media":1196,"parent":0,"menu_order":0,"comment_status":"closed","ping_status":"closed","template":"","meta":{"_acf_changed":false,"footnotes":""},"class_list":["post-2","page","type-page","status-publish","has-post-thumbnail","hentry"],"acf":[],"_links":{"self":[{"href":"https:\/\/dgob.info\/de\/wp-json\/wp\/v2\/pages\/2","targetHints":{"allow":["GET"]}}],"collection":[{"href":"https:\/\/dgob.info\/de\/wp-json\/wp\/v2\/pages"}],"about":[{"href":"https:\/\/dgob.info\/de\/wp-json\/wp\/v2\/types\/page"}],"author":[{"embeddable":true,"href":"https:\/\/dgob.info\/de\/wp-json\/wp\/v2\/users\/1"}],"replies":[{"embeddable":true,"href":"https:\/\/dgob.info\/de\/wp-json\/wp\/v2\/comments?post=2"}],"version-history":[{"count":5,"href":"https:\/\/dgob.info\/de\/wp-json\/wp\/v2\/pages\/2\/revisions"}],"predecessor-version":[{"id":5122,"href":"https:\/\/dgob.info\/de\/wp-json\/wp\/v2\/pages\/2\/revisions\/5122"}],"wp:featuredmedia":[{"embeddable":true,"href":"https:\/\/dgob.info\/de\/wp-json\/wp\/v2\/media\/1196"}],"wp:attachment":[{"href":"https:\/\/dgob.info\/de\/wp-json\/wp\/v2\/media?parent=2"}],"curies":[{"name":"wp","href":"https:\/\/api.w.org\/{rel}","templated":true}]}}