{"id":1027,"date":"2017-05-05T15:19:21","date_gmt":"2017-05-05T13:19:21","guid":{"rendered":"https:\/\/dgob.info\/?page_id=1027"},"modified":"2024-06-24T22:32:48","modified_gmt":"2024-06-24T20:32:48","slug":"ausbildung","status":"publish","type":"page","link":"https:\/\/dgob.info\/de\/practitioner\/ausbildung\/","title":{"rendered":"Ausbildung\/Institute"},"content":{"rendered":"<p><div class=\"row\"><br \/>\n<div class=\"col-md-8\"><\/p>\n<h1>Ausbildungsinhalte nach OBEAT<\/h1>\n<p>Ortho-Bionomy-Practitioner absolvieren im Laufe ihrer Ausbildung<\/p>\n<ul>\n<li>mindestens 38 Unterrichtseinheiten (eine Unterrichtseinheit = 1 Tag)<\/li>\n<li>mindestens 10 Selbsterfahrungsbehandlungen bei einem Practitioner der Ortho-Bionomy oder einem Ortho-Bionomy-Lehrer<\/li>\n<\/ul>\n<p>Pr\u00fcfungsvoraussetzungen sind dar\u00fcber hinaus:<\/p>\n<ul>\n<li>dokumentierte Behandlungen von Klienten (mindestens 100)<\/li>\n<li>eine schriftliche Abhandlung \u00fcber Ortho-Bionomy<\/li>\n<li>die Bescheinigung eines Lehrers, dass der Pr\u00fcfungsanw\u00e4rter zur Pr\u00fcfung zugelassen ist<\/li>\n<\/ul>\n<p>Diese Minimalanforderungen der durch die <a href=\"http:\/\/www.ortho-bionomy.eu\" target=\"_blank\" rel=\"noopener noreferrer\">Ortho-Bionomy<sup>\u00ae<\/sup> European Association of Teachers (OBEAT)<\/a> europaweit einheitlich geregelten Ausbildung werden in Deutschland um weitere Unterrichtseinheiten und Pr\u00fcfungsvoraussetzungen erg\u00e4nzt. Bei uns werden zum Beispiel zus\u00e4tzlich mindestens zwei Behandlungen eines Ortho-Bionomy-Lehrers mit anschlie\u00dfender ausf\u00fchrlicher Supervision verlangt.<\/p>\n<p>Der erfolgreiche Abschluss \u2013 im Rahmen einer ausf\u00fchrlichen praktischen und theoretischen Pr\u00fcfung bei mindestens zwei Lehrern \u2013 wird mit einem Ortho-Bionomy-Zertifikat best\u00e4tigt, das auch zur Nutzung des markenrechtlich gesch\u00fctzten Begriffs berechtigt.<\/p>\n<h2>Ausbildungsinstitute f\u00fcr Ortho-Bionomy<sup>\u00ae<\/sup><\/h2>\n<p>Wir haben eine Reihe von Links zusammengestellt, die zu Ortho-Bionomy-Schulen f\u00fchren. Wir weisen bereits an dieser Stelle darauf hin, dass wir die Inhalte der von uns angegebenen Internetpr\u00e4senzen nicht beeinflussen k\u00f6nnen. Sollte der dort aufgef\u00fchrte Inhalt falsch sein oder gegen die guten Sitten versto\u00dfen, dann bitten wir, uns dies mitzuteilen, damit wir den Verweis gegebenenfalls von unserer Website l\u00f6schen k\u00f6nnen.<\/p>\n<p><a href=\"http:\/\/www.ortho-bionomy-akademie.de\" target=\"_blank\" rel=\"noopener noreferrer\">Ortho-Bionomy<sup>\u00ae<\/sup>-Akademie<\/a><\/p>\n<p><a href=\"https:\/\/www.ortho-bionomy.de\/\" target=\"_blank\" rel=\"noopener\">Deutsches Institut f\u00fcr Ortho-Bionomy<sup>\u00ae<\/sup><\/a><\/p>\n<p><a href=\"http:\/\/www.ortho-bionomy-germany.de\/\" target=\"_blank\" rel=\"noopener\">Ortho-Bionomy Germany<\/a><\/p>\n<p><a href=\"http:\/\/ortho-bionomy-ausbildung.info\" target=\"_blank\" rel=\"noopener noreferrer\">Haus f\u00fcr Yoga und Gesundheit<\/a><\/p>\n<p><a href=\"https:\/\/www.ortho-bionomy-schule.de\">Ortho-Bionomy<sup>\u00ae<\/sup>-Schule (Seminare)<\/a><\/p>\n<p><\/div><br \/>\n<div class=\"col-md-4\"><\/p>\n<div class=\"content_block\" id=\"custom_post_widget-235\"><h2>Sie haben Fragen?<\/h2>\n<p>Nehmen Sie <a href=\"https:\/\/dgob.info\/kontakt\/\">Kontakt<\/a> mit uns auf<\/p>\n<p>Telefon +49 2236 5098816<br \/>\nE-Mail <a href=\"mailto:info@dgob.info\" target=\"_blank\" rel=\"noopener noreferrer\">info@dgob.info<\/a><\/p>\n<\/div>\n<h2>Ortho-Bionomy<sup>\u00ae<\/sup>-Lehrer und Veranstaltungen<\/h2>\n<p>Auf unserer Website finden Sie neben den Adressen von Ausbildungsinstituten und die von <a href=\"https:\/\/dgob.info\/practitioner\/lehrer-suche\/\">Ortho-Bionomy-Lehrern<\/a> sowie eine F\u00fclle von <a href=\"https:\/\/dgob.info\/veranstaltungen\/\">Veranstaltungen<\/a>, die sich um das Thema Ortho-Bionomy drehen.<\/p>\n<p>Werfen Sie auch einen Blick auf unserer <a href=\"https:\/\/dgob.info\/practitioner\/literatur\/\">Literaturliste<\/a> \u2013 dort finden Sie viele B\u00fccher, die Ihnen tiefere Einblicke in die Ortho-Binomy geben.<\/p>\n<div class=\"content_block\" id=\"custom_post_widget-5169\"><h2>Ortho-Bionomy<sup>\u00ae<\/sup> \u2013 der Film<\/h2>\n<p>Unser Informationsfilm gibt einen authentischen Einblick in die Arbeitsweise der Practioner und erl\u00e4utert die Wirkungsweise der Ortho-Bionomy<sup>\u00ae<\/sup> n\u00e4her.<\/p>\n<p><a href=\"https:\/\/www.youtube.com\/watch?v=-1VYDHLZTLs\" target=\"_blank\" rel=\"noopener\">Informationsfilm<\/a> Ortho-Bionomy<sup>\u00ae<\/sup> (2:33 Minuten, auf Youtube)<\/p>\n<\/div>\n<p><\/div><br \/>\n<\/div><\/p>","protected":false},"excerpt":{"rendered":"","protected":false},"author":2,"featured_media":0,"parent":44,"menu_order":1,"comment_status":"closed","ping_status":"closed","template":"","meta":{"_acf_changed":false,"footnotes":""},"class_list":["post-1027","page","type-page","status-publish","hentry"],"acf":[],"_links":{"self":[{"href":"https:\/\/dgob.info\/de\/wp-json\/wp\/v2\/pages\/1027","targetHints":{"allow":["GET"]}}],"collection":[{"href":"https:\/\/dgob.info\/de\/wp-json\/wp\/v2\/pages"}],"about":[{"href":"https:\/\/dgob.info\/de\/wp-json\/wp\/v2\/types\/page"}],"author":[{"embeddable":true,"href":"https:\/\/dgob.info\/de\/wp-json\/wp\/v2\/users\/2"}],"replies":[{"embeddable":true,"href":"https:\/\/dgob.info\/de\/wp-json\/wp\/v2\/comments?post=1027"}],"version-history":[{"count":11,"href":"https:\/\/dgob.info\/de\/wp-json\/wp\/v2\/pages\/1027\/revisions"}],"predecessor-version":[{"id":5275,"href":"https:\/\/dgob.info\/de\/wp-json\/wp\/v2\/pages\/1027\/revisions\/5275"}],"up":[{"embeddable":true,"href":"https:\/\/dgob.info\/de\/wp-json\/wp\/v2\/pages\/44"}],"wp:attachment":[{"href":"https:\/\/dgob.info\/de\/wp-json\/wp\/v2\/media?parent=1027"}],"curies":[{"name":"wp","href":"https:\/\/api.w.org\/{rel}","templated":true}]}}